{"id":4032,"date":"2020-02-13T16:01:14","date_gmt":"2020-02-13T22:01:14","guid":{"rendered":"https:\/\/truesociety.com\/appointment\/"},"modified":"2025-12-17T09:27:20","modified_gmt":"2025-12-17T15:27:20","slug":"termin","status":"publish","type":"page","link":"https:\/\/truesociety.com\/de\/termin\/","title":{"rendered":"Einen Termin vereinbaren"},"content":{"rendered":"\n<figure class=\"wp-block-image aligncenter size-full px-3 mt-2 m-auto\"><img decoding=\"async\" src=\"https:\/\/cdn.truesociety.com\/uploads\/2022\/02\/YourJourneyBeginsLg.min_.svg\" alt=\"Picture of black text in cursive font that reads Your Journey Begins.\" class=\"wp-image-12163\"\/><\/figure>\n\n\n\n<h2 class=\"wp-block-heading has-text-align-center px-3\" id=\"h-einen-termin-vereinbaren\"><meta charset=\"utf-8\">Einen Termin vereinbaren<\/h2>\n\n\n\n<p class=\"has-text-align-center max-1024 px-3 m-auto\"><meta charset=\"utf-8\">Hier bist Du genau richtig. Ganz egal wonach Du suchst, wir werden Dir helfen Dein Traumkleid zu finden. Unsere riesige Auswahl an Kleider von preisgekr\u00f6nten Marken werden speziell nach Vielfalt, Konfektionsgr\u00f6\u00dfe, Stil und Preisklasse ausgew\u00e4hlt, um sicherzustellen, dass f\u00fcr jede Braut das Richtige dabei ist.<\/p>\n\n\n\n<div style=\"height:16px\" aria-hidden=\"true\" class=\"wp-block-spacer\"><\/div>\n\n\n\n<div id=\"tsBookerApp\" data-anchor=\"book-anchor\" data-anchor-offset=\"-16\" data-retailer-ids=\"f3b32ae9,eb0801b9,74594a98,a958b3be,72cdff8c,0ed226e6,712f5bbd,9643357a,38872ee1\" data-redirect=\"thank-you\/\" data-waitlist-redirect=\"waitlist\/\"> <\/div>\n\n\n\n<div style=\"height:250px\" aria-hidden=\"true\" class=\"wp-block-spacer\"><\/div>\n","protected":false},"excerpt":{"rendered":"<p>Einen Termin vereinbaren Hier bist Du genau richtig. Ganz egal wonach Du suchst, wir werden Dir helfen Dein Traumkleid zu finden. Unsere riesige Auswahl an Kleider von preisgekr\u00f6nten Marken werden speziell nach Vielfalt, Konfektionsgr\u00f6\u00dfe, Stil und Preisklasse ausgew\u00e4hlt, um sicherzustellen, dass f\u00fcr jede Braut das Richtige dabei ist.<\/p>\n","protected":false},"author":20,"featured_media":0,"parent":0,"menu_order":0,"comment_status":"closed","ping_status":"closed","template":"","meta":{"_acf_changed":false,"page_banner_remove":false,"page_banner_override":false,"page_banner_text":"","page_banner_link_text":"","page_banner_link_url":"","page_banner_bg_color":"","page_banner_text_color":"","page_banner_start_date":"","page_banner_end_date":"","footnotes":""},"class_list":["post-4032","page","type-page","status-publish","hentry"],"acf":[],"yoast_head":"<!-- This site is optimized with the Yoast SEO Premium plugin v25.7.1 (Yoast SEO v25.8) - https:\/\/yoast.com\/wordpress\/plugins\/seo\/ -->\n<title>Vereinbare einen Termin | True Society Brautmodengesch\u00e4fte<\/title>\n<meta name=\"description\" content=\"Bist Du bereit, das Kleid Deiner Tr\u00e4ume zu finden? Vereinbare einen privaten Termin mit unseren erfahrenen Berater\/innen. Wir bieten auch Termine f\u00fcr Brautjungfern an!\" \/>\n<meta name=\"robots\" content=\"index, follow, max-snippet:-1, max-image-preview:large, max-video-preview:-1\" \/>\n<link rel=\"canonical\" href=\"https:\/\/truesociety.com\/de\/wp-json\/wp\/v2\/pages\/4032\" \/>\n<meta property=\"og:locale\" content=\"de_DE\" \/>\n<meta property=\"og:type\" content=\"article\" \/>\n<meta property=\"og:title\" content=\"Einen Termin vereinbaren\" \/>\n<meta property=\"og:description\" content=\"Bist Du bereit, das Kleid Deiner Tr\u00e4ume zu finden? Vereinbare einen privaten Termin mit unseren erfahrenen Berater\/innen. Wir bieten auch Termine f\u00fcr Brautjungfern an!\" \/>\n<meta property=\"og:url\" content=\"https:\/\/truesociety.com\/de\/termin\/\" \/>\n<meta property=\"og:site_name\" content=\"True Society Brautmodengesch\u00e4fte\" \/>\n<meta property=\"article:publisher\" content=\"https:\/\/www.facebook.com\/truesociety\/\" \/>\n<meta property=\"article:modified_time\" content=\"2025-12-17T15:27:20+00:00\" \/>\n<meta name=\"twitter:card\" content=\"summary_large_image\" \/>\n<script type=\"application\/ld+json\" class=\"yoast-schema-graph\">{\"@context\":\"https:\/\/schema.org\",\"@graph\":[{\"@type\":\"WebPage\",\"@id\":\"https:\/\/truesociety.com\/de\/termin\/\",\"url\":\"https:\/\/truesociety.com\/de\/termin\/\",\"name\":\"Vereinbare einen Termin | True Society Brautmodengesch\u00e4fte\",\"isPartOf\":{\"@id\":\"https:\/\/truesociety.com\/de\/#website\"},\"primaryImageOfPage\":{\"@id\":\"https:\/\/truesociety.com\/de\/termin\/#primaryimage\"},\"image\":{\"@id\":\"https:\/\/truesociety.com\/de\/termin\/#primaryimage\"},\"thumbnailUrl\":\"https:\/\/cdn.truesociety.com\/uploads\/2022\/02\/YourJourneyBeginsLg.min_.svg\",\"datePublished\":\"2020-02-13T22:01:14+00:00\",\"dateModified\":\"2025-12-17T15:27:20+00:00\",\"description\":\"Bist Du bereit, das Kleid Deiner Tr\u00e4ume zu finden? Vereinbare einen privaten Termin mit unseren erfahrenen Berater\/innen. Wir bieten auch Termine f\u00fcr Brautjungfern an!\",\"breadcrumb\":{\"@id\":\"https:\/\/truesociety.com\/de\/termin\/#breadcrumb\"},\"inLanguage\":\"de-DE\",\"potentialAction\":[{\"@type\":\"ReadAction\",\"target\":[\"https:\/\/truesociety.com\/de\/termin\/\"]}]},{\"@type\":\"ImageObject\",\"inLanguage\":\"de-DE\",\"@id\":\"https:\/\/truesociety.com\/de\/termin\/#primaryimage\",\"url\":\"https:\/\/cdn.truesociety.com\/uploads\/2022\/02\/YourJourneyBeginsLg.min_.svg\",\"contentUrl\":\"https:\/\/cdn.truesociety.com\/uploads\/2022\/02\/YourJourneyBeginsLg.min_.svg\"},{\"@type\":\"BreadcrumbList\",\"@id\":\"https:\/\/truesociety.com\/de\/termin\/#breadcrumb\",\"itemListElement\":[{\"@type\":\"ListItem\",\"position\":1,\"name\":\"Home\",\"item\":\"https:\/\/prodtobe.truesociety.com\/de\/\"},{\"@type\":\"ListItem\",\"position\":2,\"name\":\"Einen Termin vereinbaren\"}]},{\"@type\":\"WebSite\",\"@id\":\"https:\/\/truesociety.com\/de\/#website\",\"url\":\"https:\/\/truesociety.com\/de\/\",\"name\":\"True Society Bridal Shops\",\"description\":\"Your Wedding Dress Your Way\",\"publisher\":{\"@id\":\"https:\/\/truesociety.com\/de\/#organization\"},\"potentialAction\":[{\"@type\":\"SearchAction\",\"target\":{\"@type\":\"EntryPoint\",\"urlTemplate\":\"https:\/\/truesociety.com\/de\/?s={search_term_string}\"},\"query-input\":{\"@type\":\"PropertyValueSpecification\",\"valueRequired\":true,\"valueName\":\"search_term_string\"}}],\"inLanguage\":\"de-DE\"},{\"@type\":\"Organization\",\"@id\":\"https:\/\/truesociety.com\/de\/#organization\",\"name\":\"True Society Bridal\",\"url\":\"https:\/\/truesociety.com\/de\/\",\"logo\":{\"@type\":\"ImageObject\",\"inLanguage\":\"de-DE\",\"@id\":\"https:\/\/truesociety.com\/de\/#\/schema\/logo\/image\/\",\"url\":\"https:\/\/cdn.truesociety.com\/uploads\/2021\/03\/ts-logo-desktop.svg\",\"contentUrl\":\"https:\/\/cdn.truesociety.com\/uploads\/2021\/03\/ts-logo-desktop.svg\",\"width\":1,\"height\":1,\"caption\":\"True Society Bridal\"},\"image\":{\"@id\":\"https:\/\/truesociety.com\/de\/#\/schema\/logo\/image\/\"},\"sameAs\":[\"https:\/\/www.facebook.com\/truesociety\/\",\"https:\/\/www.instagram.com\/truesociety\/\",\"https:\/\/www.youtube.com\/@truesocietybridal\",\"https:\/\/www.tiktok.com\/@truesociety\"]}]}<\/script>\n<!-- \/ Yoast SEO Premium plugin. -->","yoast_head_json":{"title":"Vereinbare einen Termin | True Society Brautmodengesch\u00e4fte","description":"Bist Du bereit, das Kleid Deiner Tr\u00e4ume zu finden? Vereinbare einen privaten Termin mit unseren erfahrenen Berater\/innen. Wir bieten auch Termine f\u00fcr Brautjungfern an!","robots":{"index":"index","follow":"follow","max-snippet":"max-snippet:-1","max-image-preview":"max-image-preview:large","max-video-preview":"max-video-preview:-1"},"canonical":"https:\/\/truesociety.com\/de\/wp-json\/wp\/v2\/pages\/4032","og_locale":"de_DE","og_type":"article","og_title":"Einen Termin vereinbaren","og_description":"Bist Du bereit, das Kleid Deiner Tr\u00e4ume zu finden? Vereinbare einen privaten Termin mit unseren erfahrenen Berater\/innen. Wir bieten auch Termine f\u00fcr Brautjungfern an!","og_url":"https:\/\/truesociety.com\/de\/termin\/","og_site_name":"True Society Brautmodengesch\u00e4fte","article_publisher":"https:\/\/www.facebook.com\/truesociety\/","article_modified_time":"2025-12-17T15:27:20+00:00","twitter_card":"summary_large_image","schema":{"@context":"https:\/\/schema.org","@graph":[{"@type":"WebPage","@id":"https:\/\/truesociety.com\/de\/termin\/","url":"https:\/\/truesociety.com\/de\/termin\/","name":"Vereinbare einen Termin | True Society Brautmodengesch\u00e4fte","isPartOf":{"@id":"https:\/\/truesociety.com\/de\/#website"},"primaryImageOfPage":{"@id":"https:\/\/truesociety.com\/de\/termin\/#primaryimage"},"image":{"@id":"https:\/\/truesociety.com\/de\/termin\/#primaryimage"},"thumbnailUrl":"https:\/\/cdn.truesociety.com\/uploads\/2022\/02\/YourJourneyBeginsLg.min_.svg","datePublished":"2020-02-13T22:01:14+00:00","dateModified":"2025-12-17T15:27:20+00:00","description":"Bist Du bereit, das Kleid Deiner Tr\u00e4ume zu finden? Vereinbare einen privaten Termin mit unseren erfahrenen Berater\/innen. Wir bieten auch Termine f\u00fcr Brautjungfern an!","breadcrumb":{"@id":"https:\/\/truesociety.com\/de\/termin\/#breadcrumb"},"inLanguage":"de-DE","potentialAction":[{"@type":"ReadAction","target":["https:\/\/truesociety.com\/de\/termin\/"]}]},{"@type":"ImageObject","inLanguage":"de-DE","@id":"https:\/\/truesociety.com\/de\/termin\/#primaryimage","url":"https:\/\/cdn.truesociety.com\/uploads\/2022\/02\/YourJourneyBeginsLg.min_.svg","contentUrl":"https:\/\/cdn.truesociety.com\/uploads\/2022\/02\/YourJourneyBeginsLg.min_.svg"},{"@type":"BreadcrumbList","@id":"https:\/\/truesociety.com\/de\/termin\/#breadcrumb","itemListElement":[{"@type":"ListItem","position":1,"name":"Home","item":"https:\/\/prodtobe.truesociety.com\/de\/"},{"@type":"ListItem","position":2,"name":"Einen Termin vereinbaren"}]},{"@type":"WebSite","@id":"https:\/\/truesociety.com\/de\/#website","url":"https:\/\/truesociety.com\/de\/","name":"True Society Bridal Shops","description":"Your Wedding Dress Your Way","publisher":{"@id":"https:\/\/truesociety.com\/de\/#organization"},"potentialAction":[{"@type":"SearchAction","target":{"@type":"EntryPoint","urlTemplate":"https:\/\/truesociety.com\/de\/?s={search_term_string}"},"query-input":{"@type":"PropertyValueSpecification","valueRequired":true,"valueName":"search_term_string"}}],"inLanguage":"de-DE"},{"@type":"Organization","@id":"https:\/\/truesociety.com\/de\/#organization","name":"True Society Bridal","url":"https:\/\/truesociety.com\/de\/","logo":{"@type":"ImageObject","inLanguage":"de-DE","@id":"https:\/\/truesociety.com\/de\/#\/schema\/logo\/image\/","url":"https:\/\/cdn.truesociety.com\/uploads\/2021\/03\/ts-logo-desktop.svg","contentUrl":"https:\/\/cdn.truesociety.com\/uploads\/2021\/03\/ts-logo-desktop.svg","width":1,"height":1,"caption":"True Society Bridal"},"image":{"@id":"https:\/\/truesociety.com\/de\/#\/schema\/logo\/image\/"},"sameAs":["https:\/\/www.facebook.com\/truesociety\/","https:\/\/www.instagram.com\/truesociety\/","https:\/\/www.youtube.com\/@truesocietybridal","https:\/\/www.tiktok.com\/@truesociety"]}]}},"_links":{"self":[{"href":"https:\/\/truesociety.com\/de\/wp-json\/wp\/v2\/pages\/4032","targetHints":{"allow":["GET"]}}],"collection":[{"href":"https:\/\/truesociety.com\/de\/wp-json\/wp\/v2\/pages"}],"about":[{"href":"https:\/\/truesociety.com\/de\/wp-json\/wp\/v2\/types\/page"}],"author":[{"embeddable":true,"href":"https:\/\/truesociety.com\/de\/wp-json\/wp\/v2\/users\/20"}],"replies":[{"embeddable":true,"href":"https:\/\/truesociety.com\/de\/wp-json\/wp\/v2\/comments?post=4032"}],"version-history":[{"count":41,"href":"https:\/\/truesociety.com\/de\/wp-json\/wp\/v2\/pages\/4032\/revisions"}],"predecessor-version":[{"id":37646,"href":"https:\/\/truesociety.com\/de\/wp-json\/wp\/v2\/pages\/4032\/revisions\/37646"}],"wp:attachment":[{"href":"https:\/\/truesociety.com\/de\/wp-json\/wp\/v2\/media?parent=4032"}],"curies":[{"name":"wp","href":"https:\/\/api.w.org\/{rel}","templated":true}]}}