{"id":3864,"date":"2020-02-20T10:10:06","date_gmt":"2020-02-20T16:10:06","guid":{"rendered":"https:\/\/truesociety.com\/our-true-society-stores\/"},"modified":"2025-02-05T12:27:02","modified_gmt":"2025-02-05T18:27:02","slug":"brautmodengeschaefte","status":"publish","type":"page","link":"https:\/\/truesociety.com\/de\/brautmodengeschaefte\/","title":{"rendered":"Locations"},"content":{"rendered":"\n<div class=\"fab hidden\" id=\"booker-panel-block-block_1f8a5da068b8317df3c06c8c9a8fa72a\">\n    <div class=\"fab-btn  booker-link\">\n        <a class=\"fab-btn-link shadow-sm\" style=\"background-color: #b68577; color: #ffffff\" href=\"\/appointment\">\n            <span class=\"fab-btn-icon\"><svg class=\"svg-icon\" width=\"18\" height=\"18\" aria-hidden=\"true\" role=\"img\" focusable=\"false\" xmlns=\"http:\/\/www.w3.org\/2000\/svg\" width=\"16\" height=\"16\" fill=\"currentColor\" class=\"bi bi-calendar3\" viewBox=\"0 0 16 16\"><path d=\"M14 0H2a2 2 0 0 0-2 2v12a2 2 0 0 0 2 2h12a2 2 0 0 0 2-2V2a2 2 0 0 0-2-2zM1 3.857C1 3.384 1.448 3 2 3h12c.552 0 1 .384 1 .857v10.286c0 .473-.448.857-1 .857H2c-.552 0-1-.384-1-.857V3.857z\"\/><path d=\"M6.5 7a1 1 0 1 0 0-2 1 1 0 0 0 0 2zm3 0a1 1 0 1 0 0-2 1 1 0 0 0 0 2zm3 0a1 1 0 1 0 0-2 1 1 0 0 0 0 2zm-9 3a1 1 0 1 0 0-2 1 1 0 0 0 0 2zm3 0a1 1 0 1 0 0-2 1 1 0 0 0 0 2zm3 0a1 1 0 1 0 0-2 1 1 0 0 0 0 2zm3 0a1 1 0 1 0 0-2 1 1 0 0 0 0 2zm-9 3a1 1 0 1 0 0-2 1 1 0 0 0 0 2zm3 0a1 1 0 1 0 0-2 1 1 0 0 0 0 2zm3 0a1 1 0 1 0 0-2 1 1 0 0 0 0 2z\"\/><\/svg><\/span>\n            <span class=\"fab-btn-text\">Termin vereinbaren<\/span><\/a>\n    <\/div>\n<\/div>\n\n<!-- Start Booker Modal -->\n<div class=\"modal fade booker-panel\" id=\"bookerModal\" tabindex=\"-1\" aria-labelledby=\"bookerModalLabel\" aria-hidden=\"true\">\n    <div class=\"modal-dialog modal-dialog-scrollable\">\n        <div class=\"modal-content\">\n            <div class=\"modal-header\">\n                <button type=\"button\" class=\"btn-close\" data-bs-dismiss=\"modal\" aria-label=\"Close\"><\/button>\n            <\/div>\n            <div class=\"modal-body\">\n                <div class=\"modal-brand-image\">\n                    <img loading=\"lazy\" decoding=\"async\"\n                            src=\"https:\/\/cdn.truesociety.com\/uploads\/2022\/02\/YourJourneyBeginsLg.min_.svg\"\n                            alt=\"Picture of black text in cursive font that reads Your Journey Begins.\"\n                            width=\"768\"\n                            height=\"260\"\n                    >\n                <\/div>\n                <div id=\"tsBookerPanelApp\"\n                     data-params=\"\"\n                     data-anchor=\"book\"\n                     data-anchor-offset=\"-280\"\n                     data-retailer-ids=\"2c2e8a8e,ac0ca6e3,bfa38a39,083a55b8,71a563b6,f504e856,56386a57,c7fd4679,051bcdd8,f3b32ae9,712f5bbd,9643357a,72cdff8c,a958b3be,eb0801b9,74594a98,\"\n                     data-redirect=\"thank-you\/\"\n                     data-waitlist-redirect=\"waitlist\/\"><\/div>\n            <\/div>\n        <\/div>\n    <\/div>\n<\/div>\n<!-- End Booker Modal -->\n\n\n\n<figure class=\"wp-block-image aligncenter size-full m-auto\"><img decoding=\"async\" src=\"https:\/\/cdn.truesociety.com\/uploads\/2022\/02\/YourShopNextDoorLg.min_.svg\" alt=\"Picture of black text in cursive font that reads Your Shop Next Door.\" class=\"wp-image-12164\"\/><\/figure>\n\n\n\n<h2 class=\"wp-block-heading has-text-align-center\" id=\"h-finde-ein-brautmodengeschaft-in-der-nahe\"><meta charset=\"utf-8\">Finde ein Brautmodengesch\u00e4ft in der N\u00e4he<\/h2>\n\n\n\n<p class=\"has-text-align-center\"><meta charset=\"utf-8\"><\/meta>True Society-Brautmodengesch\u00e4fte gibt es in Deutschland, der Schweiz, den Vereinigten Staaten, und in Australien.<\/p>\n\n\n\n<div style=\"height:34px\" aria-hidden=\"true\" class=\"wp-block-spacer\"><\/div>\n\n\n\n<div id=\"tsStoreFinderAnchor\" data-offset=\"200\"><\/div>\n<div class=\"storefinder-block\">\n    <div id=\"tsStoreFinder\"><\/div>\n<\/div>\n\n\n\n<div style=\"height:32px\" aria-hidden=\"true\" class=\"wp-block-spacer\"><\/div>\n","protected":false},"excerpt":{"rendered":"<p>Finde ein Brautmodengesch\u00e4ft in der N\u00e4he True Society-Brautmodengesch\u00e4fte gibt es in Deutschland, der Schweiz, den Vereinigten Staaten, und in Australien.<\/p>\n","protected":false},"author":20,"featured_media":0,"parent":0,"menu_order":0,"comment_status":"closed","ping_status":"closed","template":"","meta":{"_acf_changed":false,"page_banner_remove":false,"page_banner_override":false,"page_banner_text":"","page_banner_link_text":"","page_banner_link_url":"","page_banner_bg_color":"","page_banner_text_color":"","page_banner_start_date":"","page_banner_end_date":"","footnotes":""},"class_list":["post-3864","page","type-page","status-publish","hentry"],"acf":[],"yoast_head":"<!-- This site is optimized with the Yoast SEO Premium plugin v25.7.1 (Yoast SEO v25.8) - https:\/\/yoast.com\/wordpress\/plugins\/seo\/ -->\n<title>Finde ein True Society Gesch\u00e4ft in Deiner N\u00e4he | True Society Brautmodengesch\u00e4fte<\/title>\n<meta name=\"description\" content=\"Entdecke die Designs der True Society Brautkleider, Brautjungfernkleider und Accessoires. Buche noch heute einen Brauttermin in einem True Society Brautmodengesch\u00e4ft in Deiner N\u00e4he.\" \/>\n<meta name=\"robots\" content=\"index, follow, max-snippet:-1, max-image-preview:large, max-video-preview:-1\" \/>\n<link rel=\"canonical\" href=\"https:\/\/truesociety.com\/de\/wp-json\/wp\/v2\/pages\/3864\/\" \/>\n<meta property=\"og:locale\" content=\"de_DE\" \/>\n<meta property=\"og:type\" content=\"article\" \/>\n<meta property=\"og:title\" content=\"Locations\" \/>\n<meta property=\"og:description\" content=\"Entdecke die Designs der True Society Brautkleider, Brautjungfernkleider und Accessoires. Buche noch heute einen Brauttermin in einem True Society Brautmodengesch\u00e4ft in Deiner N\u00e4he.\" \/>\n<meta property=\"og:url\" content=\"https:\/\/truesociety.com\/de\/brautmodengeschaefte\/\" \/>\n<meta property=\"og:site_name\" content=\"True Society Brautmodengesch\u00e4fte\" \/>\n<meta property=\"article:publisher\" content=\"https:\/\/www.facebook.com\/truesociety\/\" \/>\n<meta property=\"article:modified_time\" content=\"2025-02-05T18:27:02+00:00\" \/>\n<meta property=\"og:image\" content=\"https:\/\/cdn.truesociety.com\/uploads\/2022\/02\/YourShopNextDoorLg.min_.svg\" \/>\n<meta name=\"twitter:card\" content=\"summary_large_image\" \/>\n<script type=\"application\/ld+json\" class=\"yoast-schema-graph\">{\"@context\":\"https:\/\/schema.org\",\"@graph\":[{\"@type\":\"WebPage\",\"@id\":\"https:\/\/truesociety.com\/de\/brautmodengeschaefte\/\",\"url\":\"https:\/\/truesociety.com\/de\/brautmodengeschaefte\/\",\"name\":\"Finde ein True Society Gesch\u00e4ft in Deiner N\u00e4he | True Society Brautmodengesch\u00e4fte\",\"isPartOf\":{\"@id\":\"https:\/\/truesociety.com\/de\/#website\"},\"primaryImageOfPage\":{\"@id\":\"https:\/\/truesociety.com\/de\/brautmodengeschaefte\/#primaryimage\"},\"image\":{\"@id\":\"https:\/\/truesociety.com\/de\/brautmodengeschaefte\/#primaryimage\"},\"thumbnailUrl\":\"https:\/\/cdn.truesociety.com\/uploads\/2022\/02\/YourShopNextDoorLg.min_.svg\",\"datePublished\":\"2020-02-20T16:10:06+00:00\",\"dateModified\":\"2025-02-05T18:27:02+00:00\",\"description\":\"Entdecke die Designs der True Society Brautkleider, Brautjungfernkleider und Accessoires. Buche noch heute einen Brauttermin in einem True Society Brautmodengesch\u00e4ft in Deiner N\u00e4he.\",\"breadcrumb\":{\"@id\":\"https:\/\/truesociety.com\/de\/brautmodengeschaefte\/#breadcrumb\"},\"inLanguage\":\"de-DE\",\"potentialAction\":[{\"@type\":\"ReadAction\",\"target\":[\"https:\/\/truesociety.com\/de\/brautmodengeschaefte\/\"]}]},{\"@type\":\"ImageObject\",\"inLanguage\":\"de-DE\",\"@id\":\"https:\/\/truesociety.com\/de\/brautmodengeschaefte\/#primaryimage\",\"url\":\"https:\/\/cdn.truesociety.com\/uploads\/2022\/02\/YourShopNextDoorLg.min_.svg\",\"contentUrl\":\"https:\/\/cdn.truesociety.com\/uploads\/2022\/02\/YourShopNextDoorLg.min_.svg\"},{\"@type\":\"BreadcrumbList\",\"@id\":\"https:\/\/truesociety.com\/de\/brautmodengeschaefte\/#breadcrumb\",\"itemListElement\":[{\"@type\":\"ListItem\",\"position\":1,\"name\":\"Home\",\"item\":\"https:\/\/truesociety.com\/de\/\"},{\"@type\":\"ListItem\",\"position\":2,\"name\":\"Locations\"}]},{\"@type\":\"WebSite\",\"@id\":\"https:\/\/truesociety.com\/de\/#website\",\"url\":\"https:\/\/truesociety.com\/de\/\",\"name\":\"True Society Bridal Shops\",\"description\":\"Your Wedding Dress Your Way\",\"publisher\":{\"@id\":\"https:\/\/truesociety.com\/de\/#organization\"},\"potentialAction\":[{\"@type\":\"SearchAction\",\"target\":{\"@type\":\"EntryPoint\",\"urlTemplate\":\"https:\/\/truesociety.com\/de\/?s={search_term_string}\"},\"query-input\":{\"@type\":\"PropertyValueSpecification\",\"valueRequired\":true,\"valueName\":\"search_term_string\"}}],\"inLanguage\":\"de-DE\"},{\"@type\":\"Organization\",\"@id\":\"https:\/\/truesociety.com\/de\/#organization\",\"name\":\"True Society Bridal\",\"url\":\"https:\/\/truesociety.com\/de\/\",\"logo\":{\"@type\":\"ImageObject\",\"inLanguage\":\"de-DE\",\"@id\":\"https:\/\/truesociety.com\/de\/#\/schema\/logo\/image\/\",\"url\":\"https:\/\/cdn.truesociety.com\/uploads\/2021\/03\/ts-logo-desktop.svg\",\"contentUrl\":\"https:\/\/cdn.truesociety.com\/uploads\/2021\/03\/ts-logo-desktop.svg\",\"width\":1,\"height\":1,\"caption\":\"True Society Bridal\"},\"image\":{\"@id\":\"https:\/\/truesociety.com\/de\/#\/schema\/logo\/image\/\"},\"sameAs\":[\"https:\/\/www.facebook.com\/truesociety\/\",\"https:\/\/www.instagram.com\/truesociety\/\",\"https:\/\/www.youtube.com\/@truesocietybridal\",\"https:\/\/www.tiktok.com\/@truesociety\"]}]}<\/script>\n<!-- \/ Yoast SEO Premium plugin. -->","yoast_head_json":{"title":"Finde ein True Society Gesch\u00e4ft in Deiner N\u00e4he | True Society Brautmodengesch\u00e4fte","description":"Entdecke die Designs der True Society Brautkleider, Brautjungfernkleider und Accessoires. Buche noch heute einen Brauttermin in einem True Society Brautmodengesch\u00e4ft in Deiner N\u00e4he.","robots":{"index":"index","follow":"follow","max-snippet":"max-snippet:-1","max-image-preview":"max-image-preview:large","max-video-preview":"max-video-preview:-1"},"canonical":"https:\/\/truesociety.com\/de\/wp-json\/wp\/v2\/pages\/3864\/","og_locale":"de_DE","og_type":"article","og_title":"Locations","og_description":"Entdecke die Designs der True Society Brautkleider, Brautjungfernkleider und Accessoires. Buche noch heute einen Brauttermin in einem True Society Brautmodengesch\u00e4ft in Deiner N\u00e4he.","og_url":"https:\/\/truesociety.com\/de\/brautmodengeschaefte\/","og_site_name":"True Society Brautmodengesch\u00e4fte","article_publisher":"https:\/\/www.facebook.com\/truesociety\/","article_modified_time":"2025-02-05T18:27:02+00:00","og_image":[{"url":"https:\/\/cdn.truesociety.com\/uploads\/2022\/02\/YourShopNextDoorLg.min_.svg","type":"","width":"","height":""}],"twitter_card":"summary_large_image","schema":{"@context":"https:\/\/schema.org","@graph":[{"@type":"WebPage","@id":"https:\/\/truesociety.com\/de\/brautmodengeschaefte\/","url":"https:\/\/truesociety.com\/de\/brautmodengeschaefte\/","name":"Finde ein True Society Gesch\u00e4ft in Deiner N\u00e4he | True Society Brautmodengesch\u00e4fte","isPartOf":{"@id":"https:\/\/truesociety.com\/de\/#website"},"primaryImageOfPage":{"@id":"https:\/\/truesociety.com\/de\/brautmodengeschaefte\/#primaryimage"},"image":{"@id":"https:\/\/truesociety.com\/de\/brautmodengeschaefte\/#primaryimage"},"thumbnailUrl":"https:\/\/cdn.truesociety.com\/uploads\/2022\/02\/YourShopNextDoorLg.min_.svg","datePublished":"2020-02-20T16:10:06+00:00","dateModified":"2025-02-05T18:27:02+00:00","description":"Entdecke die Designs der True Society Brautkleider, Brautjungfernkleider und Accessoires. Buche noch heute einen Brauttermin in einem True Society Brautmodengesch\u00e4ft in Deiner N\u00e4he.","breadcrumb":{"@id":"https:\/\/truesociety.com\/de\/brautmodengeschaefte\/#breadcrumb"},"inLanguage":"de-DE","potentialAction":[{"@type":"ReadAction","target":["https:\/\/truesociety.com\/de\/brautmodengeschaefte\/"]}]},{"@type":"ImageObject","inLanguage":"de-DE","@id":"https:\/\/truesociety.com\/de\/brautmodengeschaefte\/#primaryimage","url":"https:\/\/cdn.truesociety.com\/uploads\/2022\/02\/YourShopNextDoorLg.min_.svg","contentUrl":"https:\/\/cdn.truesociety.com\/uploads\/2022\/02\/YourShopNextDoorLg.min_.svg"},{"@type":"BreadcrumbList","@id":"https:\/\/truesociety.com\/de\/brautmodengeschaefte\/#breadcrumb","itemListElement":[{"@type":"ListItem","position":1,"name":"Home","item":"https:\/\/truesociety.com\/de\/"},{"@type":"ListItem","position":2,"name":"Locations"}]},{"@type":"WebSite","@id":"https:\/\/truesociety.com\/de\/#website","url":"https:\/\/truesociety.com\/de\/","name":"True Society Bridal Shops","description":"Your Wedding Dress Your Way","publisher":{"@id":"https:\/\/truesociety.com\/de\/#organization"},"potentialAction":[{"@type":"SearchAction","target":{"@type":"EntryPoint","urlTemplate":"https:\/\/truesociety.com\/de\/?s={search_term_string}"},"query-input":{"@type":"PropertyValueSpecification","valueRequired":true,"valueName":"search_term_string"}}],"inLanguage":"de-DE"},{"@type":"Organization","@id":"https:\/\/truesociety.com\/de\/#organization","name":"True Society Bridal","url":"https:\/\/truesociety.com\/de\/","logo":{"@type":"ImageObject","inLanguage":"de-DE","@id":"https:\/\/truesociety.com\/de\/#\/schema\/logo\/image\/","url":"https:\/\/cdn.truesociety.com\/uploads\/2021\/03\/ts-logo-desktop.svg","contentUrl":"https:\/\/cdn.truesociety.com\/uploads\/2021\/03\/ts-logo-desktop.svg","width":1,"height":1,"caption":"True Society Bridal"},"image":{"@id":"https:\/\/truesociety.com\/de\/#\/schema\/logo\/image\/"},"sameAs":["https:\/\/www.facebook.com\/truesociety\/","https:\/\/www.instagram.com\/truesociety\/","https:\/\/www.youtube.com\/@truesocietybridal","https:\/\/www.tiktok.com\/@truesociety"]}]}},"_links":{"self":[{"href":"https:\/\/truesociety.com\/de\/wp-json\/wp\/v2\/pages\/3864","targetHints":{"allow":["GET"]}}],"collection":[{"href":"https:\/\/truesociety.com\/de\/wp-json\/wp\/v2\/pages"}],"about":[{"href":"https:\/\/truesociety.com\/de\/wp-json\/wp\/v2\/types\/page"}],"author":[{"embeddable":true,"href":"https:\/\/truesociety.com\/de\/wp-json\/wp\/v2\/users\/20"}],"replies":[{"embeddable":true,"href":"https:\/\/truesociety.com\/de\/wp-json\/wp\/v2\/comments?post=3864"}],"version-history":[{"count":74,"href":"https:\/\/truesociety.com\/de\/wp-json\/wp\/v2\/pages\/3864\/revisions"}],"predecessor-version":[{"id":32650,"href":"https:\/\/truesociety.com\/de\/wp-json\/wp\/v2\/pages\/3864\/revisions\/32650"}],"wp:attachment":[{"href":"https:\/\/truesociety.com\/de\/wp-json\/wp\/v2\/media?parent=3864"}],"curies":[{"name":"wp","href":"https:\/\/api.w.org\/{rel}","templated":true}]}}