{"id":3860,"date":"2020-02-13T15:59:15","date_gmt":"2020-02-13T21:59:15","guid":{"rendered":"https:\/\/truesociety.com\/brautkleid-designer\/"},"modified":"2025-12-18T16:26:58","modified_gmt":"2025-12-18T22:26:58","slug":"unsere-designers","status":"publish","type":"page","link":"https:\/\/truesociety.com\/de\/unsere-designers\/","title":{"rendered":"Brautkleid-Designer"},"content":{"rendered":"\n<div class=\"fab hidden\" id=\"booker-panel-block-block_c26ac71066d1d04c2762f10fcfbc76ee\">\n    <div class=\"fab-btn  booker-link\">\n        <a class=\"fab-btn-link shadow-sm\" style=\"background-color: #b68577; color: #ffffff\" href=\"\/appointment\">\n            <span class=\"fab-btn-icon\"><svg class=\"svg-icon\" width=\"18\" height=\"18\" aria-hidden=\"true\" role=\"img\" focusable=\"false\" xmlns=\"http:\/\/www.w3.org\/2000\/svg\" width=\"16\" height=\"16\" fill=\"currentColor\" class=\"bi bi-calendar3\" viewBox=\"0 0 16 16\"><path d=\"M14 0H2a2 2 0 0 0-2 2v12a2 2 0 0 0 2 2h12a2 2 0 0 0 2-2V2a2 2 0 0 0-2-2zM1 3.857C1 3.384 1.448 3 2 3h12c.552 0 1 .384 1 .857v10.286c0 .473-.448.857-1 .857H2c-.552 0-1-.384-1-.857V3.857z\"\/><path d=\"M6.5 7a1 1 0 1 0 0-2 1 1 0 0 0 0 2zm3 0a1 1 0 1 0 0-2 1 1 0 0 0 0 2zm3 0a1 1 0 1 0 0-2 1 1 0 0 0 0 2zm-9 3a1 1 0 1 0 0-2 1 1 0 0 0 0 2zm3 0a1 1 0 1 0 0-2 1 1 0 0 0 0 2zm3 0a1 1 0 1 0 0-2 1 1 0 0 0 0 2zm3 0a1 1 0 1 0 0-2 1 1 0 0 0 0 2zm-9 3a1 1 0 1 0 0-2 1 1 0 0 0 0 2zm3 0a1 1 0 1 0 0-2 1 1 0 0 0 0 2zm3 0a1 1 0 1 0 0-2 1 1 0 0 0 0 2z\"\/><\/svg><\/span>\n            <span class=\"fab-btn-text\">Termin vereinbaren<\/span><\/a>\n    <\/div>\n<\/div>\n\n<!-- Start Booker Modal -->\n<div class=\"modal fade booker-panel\" id=\"bookerModal\" tabindex=\"-1\" aria-labelledby=\"bookerModalLabel\" aria-hidden=\"true\">\n    <div class=\"modal-dialog modal-dialog-scrollable\">\n        <div class=\"modal-content\">\n            <div class=\"modal-header\">\n                <button type=\"button\" class=\"btn-close\" data-bs-dismiss=\"modal\" aria-label=\"Close\"><\/button>\n            <\/div>\n            <div class=\"modal-body\">\n                <div class=\"modal-brand-image\">\n                    <img loading=\"lazy\" decoding=\"async\"\n                            src=\"https:\/\/cdn.truesociety.com\/uploads\/2022\/02\/YourJourneyBeginsLg.min_.svg\"\n                            alt=\"Picture of black text in cursive font that reads Your Journey Begins.\"\n                            width=\"768\"\n                            height=\"260\"\n                    >\n                <\/div>\n                <div id=\"tsBookerPanelApp\"\n                     data-params=\"\"\n                     data-anchor=\"book\"\n                     data-anchor-offset=\"-280\"\n                     data-retailer-ids=\"2c2e8a8e,ac0ca6e3,bfa38a39,083a55b8,71a563b6,f504e856,56386a57,c7fd4679,051bcdd8,f3b32ae9,712f5bbd,9643357a,72cdff8c,a958b3be,eb0801b9,74594a98,\"\n                     data-redirect=\"thank-you\/\"\n                     data-waitlist-redirect=\"waitlist\/\"><\/div>\n            <\/div>\n        <\/div>\n    <\/div>\n<\/div>\n<!-- End Booker Modal -->\n\n\n\n<div class=\"wp-block-cover has-custom-content-position is-position-bottom-center esen-cover-block max-1400 m-auto desktop-only\" style=\"min-height:700px;aspect-ratio:unset;\"><img loading=\"lazy\" decoding=\"async\" width=\"1400\" height=\"700\" class=\"wp-block-cover__image-background wp-image-37691 size-full\" alt=\"\" src=\"https:\/\/cdn.truesociety.com\/uploads\/2025\/12\/All-Designers_Hero_desktop-1.jpg\" data-object-fit=\"cover\" srcset=\"https:\/\/cdn.truesociety.com\/uploads\/2025\/12\/All-Designers_Hero_desktop-1.jpg 1400w, https:\/\/cdn.truesociety.com\/uploads\/2025\/12\/All-Designers_Hero_desktop-1-300x150.jpg 300w, https:\/\/cdn.truesociety.com\/uploads\/2025\/12\/All-Designers_Hero_desktop-1-768x384.jpg 768w\" sizes=\"auto, (max-width: 1400px) 100vw, 1400px\" \/><span aria-hidden=\"true\" class=\"wp-block-cover__background has-background-dim-0 has-background-dim\" style=\"background-color:#b7b1a9\"><\/span><div class=\"wp-block-cover__inner-container is-layout-flow wp-block-cover-is-layout-flow\">\n<div style=\"height:430px\" aria-hidden=\"true\" class=\"wp-block-spacer\"><\/div>\n\n\n\n<figure class=\"wp-block-image aligncenter size-full is-resized\"><img decoding=\"async\" src=\"https:\/\/cdn.truesociety.com\/uploads\/2022\/02\/our-designers-labels-we-love.min_.svg\" alt=\"Picture of white text in cursive font that reads Labels We Love.\" class=\"wp-image-12196\" style=\"width:508px;height:auto\"\/><\/figure>\n<\/div><\/div>\n\n\n\n<div class=\"wp-block-cover has-custom-content-position is-position-bottom-center esen-cover-block mobile-only\" style=\"min-height:552px;aspect-ratio:unset;\"><img loading=\"lazy\" decoding=\"async\" width=\"415\" height=\"550\" class=\"wp-block-cover__image-background wp-image-37692 size-full\" alt=\"\" src=\"https:\/\/cdn.truesociety.com\/uploads\/2025\/12\/All-Designers_Hero_mobile-1.jpg\" data-object-fit=\"cover\" srcset=\"https:\/\/cdn.truesociety.com\/uploads\/2025\/12\/All-Designers_Hero_mobile-1.jpg 415w, https:\/\/cdn.truesociety.com\/uploads\/2025\/12\/All-Designers_Hero_mobile-1-226x300.jpg 226w\" sizes=\"auto, (max-width: 415px) 100vw, 415px\" \/><span aria-hidden=\"true\" class=\"wp-block-cover__background has-background-dim-0 has-background-dim\" style=\"background-color:#b4a9a0\"><\/span><div class=\"wp-block-cover__inner-container is-layout-flow wp-block-cover-is-layout-flow\">\n<div style=\"height:430px\" aria-hidden=\"true\" class=\"wp-block-spacer\"><\/div>\n\n\n\n<figure class=\"wp-block-image aligncenter size-full is-resized\"><img decoding=\"async\" src=\"https:\/\/cdn.truesociety.com\/uploads\/2022\/02\/our-designers-labels-we-love.min_.svg\" alt=\"Picture of white text in cursive font that reads Labels We Love.\" class=\"wp-image-12196\" style=\"width:524px;height:auto\"\/><\/figure>\n<\/div><\/div>\n\n\n<div id=\"\" class=\"esen-card-grid \" style=\"position: relative; \">\n    <div style=\"position: relative;\" class=\"esen-card-grid-block-description\"><h1 style=\"text-align: center;\">Brautkleid-Designer<\/h1>\n<p style=\"text-align: center;\">Dank der hochwertigen Verarbeitung, den Details und der Passform dieser preisgekr\u00f6nten Brautkleid-Designer bieten unsere Kleider nicht nur eine gro\u00dfe Auswahl an Konfektionsgr\u00f6\u00dfen, sondern auch hochwertige, handgefertigte Silhouetten f\u00fcr jeden Geschmack und jede Preisklasse. Das Sortiment variiert je nach Gesch\u00e4ft.<\/p>\n<\/div>    <div id=\"esenCardGrid-block_d0945b90d0cb6b6e4291d0bec6eef1bc\" class=\"esenCardGrid alignwide\" data-grid-width=\"4\" style=\"position: relative\">\n                    \n            <div class=\"card border border-0 esen-card-grid-card\" style=\"position: relative; \" data-has-card-link=\"true\">\n                <img loading=\"lazy\" decoding=\"async\" class=\"card-img-top esen-card-grid-img\" src=\"https:\/\/cdn.truesociety.com\/uploads\/2025\/12\/All-Designers_ESS-2.jpg\" alt=\"\" width=\"313\" height=\"456\" style=\"position: relative; object-fit: contain;\"><div class=\"card-body esen-card-grid-card-body\" style=\"position: relative\"><h2 style=\"text-align: center;\">Essense of Australia<\/h2>\n<p style=\"text-align: center;\"><em>For the bride who wants a traditional look with a twist.<\/em><\/p>\n<\/div><a class=\"esen-card-link\" href=\"\/our-designers\/essense-of-australia\/\">ZU DEN DESIGNERN<\/a>\n                <div class=\"placeholder-glow card-grid-placeholder\" style=\"position: absolute; top: 0; right: 0; left: 0; width: 100%; height: 100%\">\n                    <span class=\"placeholder\" style=\"width: 100%; height: 100%\"><\/span>\n                <\/div>            <\/div>\n                    \n            <div class=\"card border border-0 esen-card-grid-card\" style=\"position: relative; \" data-has-card-link=\"true\">\n                <img loading=\"lazy\" decoding=\"async\" class=\"card-img-top esen-card-grid-img\" src=\"https:\/\/cdn.truesociety.com\/uploads\/2025\/12\/All-Designers_SY-2.jpg\" alt=\"\" width=\"313\" height=\"456\" style=\"position: relative; object-fit: contain;\"><div class=\"card-body esen-card-grid-card-body\" style=\"position: relative\"><h2 style=\"text-align: center;\">Stella York<\/h2>\n<p style=\"text-align: center;\"><em>For the budget-savvy bride in search of ALL the glamour.<\/em><\/p>\n<\/div><a class=\"esen-card-link\" href=\"\/our-designers\/stella-york\/\">ZU DEN DESIGNERN<\/a>\n                <div class=\"placeholder-glow card-grid-placeholder\" style=\"position: absolute; top: 0; right: 0; left: 0; width: 100%; height: 100%\">\n                    <span class=\"placeholder\" style=\"width: 100%; height: 100%\"><\/span>\n                <\/div>            <\/div>\n                    \n            <div class=\"card border border-0 esen-card-grid-card\" style=\"position: relative; \" data-has-card-link=\"true\">\n                <img loading=\"lazy\" decoding=\"async\" class=\"card-img-top esen-card-grid-img\" src=\"https:\/\/cdn.truesociety.com\/uploads\/2025\/12\/All-Designers_EBEB-2.jpg\" alt=\"\" width=\"313\" height=\"456\" style=\"position: relative; object-fit: contain;\"><div class=\"card-body esen-card-grid-card-body\" style=\"position: relative\"><h2 style=\"text-align: center;\">EveryBody\/EveryBride<\/h2>\n<p style=\"text-align: center;\"><em>Stunning plus size wedding dresses for every shape, size and love story.<\/em><\/p>\n<\/div><a class=\"esen-card-link\" href=\"\/wedding-dresses\/plus-size\/\">ZU DEN DESIGNERN<\/a>\n                <div class=\"placeholder-glow card-grid-placeholder\" style=\"position: absolute; top: 0; right: 0; left: 0; width: 100%; height: 100%\">\n                    <span class=\"placeholder\" style=\"width: 100%; height: 100%\"><\/span>\n                <\/div>            <\/div>\n                    \n            <div class=\"card border border-0 esen-card-grid-card\" style=\"position: relative; \" data-has-card-link=\"true\">\n                <img loading=\"lazy\" decoding=\"async\" class=\"card-img-top esen-card-grid-img\" src=\"https:\/\/cdn.truesociety.com\/uploads\/2025\/12\/All-Designers_ML-2.jpg\" alt=\"\" width=\"313\" height=\"456\" style=\"position: relative; object-fit: contain;\"><div class=\"card-body esen-card-grid-card-body\" style=\"position: relative\"><h2 style=\"text-align: center;\">Martina Liana<\/h2>\n<p style=\"text-align: center;\"><em>For the fashion-forward bride with an eye for couture design.<\/em><\/p>\n<\/div><a class=\"esen-card-link\" href=\"\/our-designers\/martina-liana\/\">ZU DEN DESIGNERN<\/a>\n                <div class=\"placeholder-glow card-grid-placeholder\" style=\"position: absolute; top: 0; right: 0; left: 0; width: 100%; height: 100%\">\n                    <span class=\"placeholder\" style=\"width: 100%; height: 100%\"><\/span>\n                <\/div>            <\/div>\n                    \n            <div class=\"card border border-0 esen-card-grid-card\" style=\"position: relative; \" data-has-card-link=\"true\">\n                <img loading=\"lazy\" decoding=\"async\" class=\"card-img-top esen-card-grid-img\" src=\"https:\/\/cdn.truesociety.com\/uploads\/2025\/12\/All-Designers_MLL-2.jpg\" alt=\"\" width=\"313\" height=\"456\" style=\"position: relative; object-fit: contain;\"><div class=\"card-body esen-card-grid-card-body\" style=\"position: relative\"><h2 style=\"text-align: center;\">Martina Liana Luxe<\/h2>\n<p style=\"text-align: center;\"><em>For the bride who loves the finer things &#8211;  your style, elevated.<\/em><\/p>\n<\/div><a class=\"esen-card-link\" href=\"\/our-designers\/martina-liana-luxe\/\">ZU DEN DESIGNERN<\/a>\n                <div class=\"placeholder-glow card-grid-placeholder\" style=\"position: absolute; top: 0; right: 0; left: 0; width: 100%; height: 100%\">\n                    <span class=\"placeholder\" style=\"width: 100%; height: 100%\"><\/span>\n                <\/div>            <\/div>\n                    \n            <div class=\"card border border-0 esen-card-grid-card\" style=\"position: relative; \" data-has-card-link=\"true\">\n                <img loading=\"lazy\" decoding=\"async\" class=\"card-img-top esen-card-grid-img\" src=\"https:\/\/cdn.truesociety.com\/uploads\/2025\/12\/All-Designers_AWW-2.jpg\" alt=\"\" width=\"313\" height=\"456\" style=\"position: relative; object-fit: contain;\"><div class=\"card-body esen-card-grid-card-body\" style=\"position: relative\"><h2 style=\"text-align: center;\">All Who Wander<\/h2>\n<p style=\"text-align: center;\"><em>For the true bohemian spirit in pursuit of a dream.<\/em><\/p>\n<\/div><a class=\"esen-card-link\" href=\"\/our-designers\/all-who-wander\/\">ZU DEN DESIGNERN<\/a>\n                <div class=\"placeholder-glow card-grid-placeholder\" style=\"position: absolute; top: 0; right: 0; left: 0; width: 100%; height: 100%\">\n                    <span class=\"placeholder\" style=\"width: 100%; height: 100%\"><\/span>\n                <\/div>            <\/div>\n                    \n            <div class=\"card border border-0 esen-card-grid-card\" style=\"position: relative; \" data-has-card-link=\"true\">\n                <img loading=\"lazy\" decoding=\"async\" class=\"card-img-top esen-card-grid-img\" src=\"https:\/\/cdn.truesociety.com\/uploads\/2025\/12\/All-Designers_OX-2.jpg\" alt=\"\" width=\"313\" height=\"456\" style=\"position: relative; object-fit: contain;\"><div class=\"card-body esen-card-grid-card-body\" style=\"position: relative\"><h2 style=\"text-align: center;\">Oxford Street<\/h2>\n<p style=\"text-align: center;\"><em>For the unique bride seeking a variety of vibes and price points.<\/em><\/p>\n<\/div><a class=\"esen-card-link\" href=\"\/our-designers\/oxford-street\/\">ZU DEN DESIGNERN<\/a>\n                <div class=\"placeholder-glow card-grid-placeholder\" style=\"position: absolute; top: 0; right: 0; left: 0; width: 100%; height: 100%\">\n                    <span class=\"placeholder\" style=\"width: 100%; height: 100%\"><\/span>\n                <\/div>            <\/div>\n                    \n            <div class=\"card border border-0 esen-card-grid-card\" style=\"position: relative; \" data-has-card-link=\"true\">\n                <img loading=\"lazy\" decoding=\"async\" class=\"card-img-top esen-card-grid-img\" src=\"https:\/\/cdn.truesociety.com\/uploads\/2024\/12\/All-Designers_SV-1.jpg\" alt=\"\" width=\"313\" height=\"456\" style=\"position: relative; object-fit: contain;\"><div class=\"card-body esen-card-grid-card-body\" style=\"position: relative\"><h2 style=\"text-align: center;\">Sorella Vita<\/h2>\n<p style=\"text-align: center;\"><em>For bridesmaids who want a luxe look for their bestie&#8217;s big day.<\/em><\/p>\n<\/div><a class=\"esen-card-link\" href=\"\/bridesmaid-dresses\/\">ZU DEN DESIGNERN<\/a>\n                <div class=\"placeholder-glow card-grid-placeholder\" style=\"position: absolute; top: 0; right: 0; left: 0; width: 100%; height: 100%\">\n                    <span class=\"placeholder\" style=\"width: 100%; height: 100%\"><\/span>\n                <\/div>            <\/div>\n            <\/div>\n<\/div>\n\n\n\n<div style=\"height:48px\" aria-hidden=\"true\" class=\"wp-block-spacer\"><\/div>\n","protected":false},"excerpt":{"rendered":"","protected":false},"author":20,"featured_media":0,"parent":0,"menu_order":0,"comment_status":"closed","ping_status":"closed","template":"","meta":{"_acf_changed":false,"page_banner_remove":false,"page_banner_override":false,"page_banner_text":"","page_banner_link_text":"","page_banner_link_url":"","page_banner_bg_color":"","page_banner_text_color":"","page_banner_start_date":"","page_banner_end_date":"","footnotes":""},"class_list":["post-3860","page","type-page","status-publish","hentry"],"acf":[],"yoast_head":"<!-- This site is optimized with the Yoast SEO Premium plugin v25.7.1 (Yoast SEO v25.8) - https:\/\/yoast.com\/wordpress\/plugins\/seo\/ -->\n<title>Brautkleider und Brautjungfernkleider Designer | True Society Brautmode<\/title>\n<meta name=\"description\" content=\"Discover True Society designer dress labels of Essense of Australia, Stella York, Martina Liana, and all who wander, as well as bridesmaid line Sorella Vita.\" \/>\n<meta name=\"robots\" content=\"index, follow, max-snippet:-1, max-image-preview:large, max-video-preview:-1\" \/>\n<link rel=\"canonical\" href=\"https:\/\/truesociety.com\/de\/wp-json\/wp\/v2\/pages\/3860\" \/>\n<meta property=\"og:locale\" content=\"de_DE\" \/>\n<meta property=\"og:type\" content=\"article\" \/>\n<meta property=\"og:title\" content=\"Brautkleid-Designer\" \/>\n<meta property=\"og:description\" content=\"Discover True Society designer dress labels of Essense of Australia, Stella York, Martina Liana, and all who wander, as well as bridesmaid line Sorella Vita.\" \/>\n<meta property=\"og:url\" content=\"https:\/\/truesociety.com\/de\/unsere-designers\/\" \/>\n<meta property=\"og:site_name\" content=\"True Society Brautmodengesch\u00e4fte\" \/>\n<meta property=\"article:publisher\" content=\"https:\/\/www.facebook.com\/truesociety\/\" \/>\n<meta property=\"article:modified_time\" content=\"2025-12-18T22:26:58+00:00\" \/>\n<meta property=\"og:image\" content=\"https:\/\/cdn.truesociety.com\/uploads\/2025\/06\/All-Designers_Landing_Hero_desktop-1.jpg\" \/>\n<meta name=\"twitter:card\" content=\"summary_large_image\" \/>\n<script type=\"application\/ld+json\" class=\"yoast-schema-graph\">{\"@context\":\"https:\/\/schema.org\",\"@graph\":[{\"@type\":\"WebPage\",\"@id\":\"https:\/\/truesociety.com\/de\/unsere-designers\/\",\"url\":\"https:\/\/truesociety.com\/de\/unsere-designers\/\",\"name\":\"Brautkleider und Brautjungfernkleider Designer | True Society Brautmode\",\"isPartOf\":{\"@id\":\"https:\/\/truesociety.com\/de\/#website\"},\"primaryImageOfPage\":{\"@id\":\"https:\/\/truesociety.com\/de\/unsere-designers\/#primaryimage\"},\"image\":{\"@id\":\"https:\/\/truesociety.com\/de\/unsere-designers\/#primaryimage\"},\"thumbnailUrl\":\"https:\/\/cdn.truesociety.com\/uploads\/2025\/12\/All-Designers_Hero_desktop-1.jpg\",\"datePublished\":\"2020-02-13T21:59:15+00:00\",\"dateModified\":\"2025-12-18T22:26:58+00:00\",\"description\":\"Discover True Society designer dress labels of Essense of Australia, Stella York, Martina Liana, and all who wander, as well as bridesmaid line Sorella Vita.\",\"breadcrumb\":{\"@id\":\"https:\/\/truesociety.com\/de\/unsere-designers\/#breadcrumb\"},\"inLanguage\":\"de-DE\",\"potentialAction\":[{\"@type\":\"ReadAction\",\"target\":[\"https:\/\/truesociety.com\/de\/unsere-designers\/\"]}]},{\"@type\":\"ImageObject\",\"inLanguage\":\"de-DE\",\"@id\":\"https:\/\/truesociety.com\/de\/unsere-designers\/#primaryimage\",\"url\":\"https:\/\/cdn.truesociety.com\/uploads\/2025\/12\/All-Designers_Hero_desktop-1.jpg\",\"contentUrl\":\"https:\/\/cdn.truesociety.com\/uploads\/2025\/12\/All-Designers_Hero_desktop-1.jpg\"},{\"@type\":\"BreadcrumbList\",\"@id\":\"https:\/\/truesociety.com\/de\/unsere-designers\/#breadcrumb\",\"itemListElement\":[{\"@type\":\"ListItem\",\"position\":1,\"name\":\"Home\",\"item\":\"https:\/\/truesociety.com\/de\/\"},{\"@type\":\"ListItem\",\"position\":2,\"name\":\"Brautkleid-Designer\"}]},{\"@type\":\"WebSite\",\"@id\":\"https:\/\/truesociety.com\/de\/#website\",\"url\":\"https:\/\/truesociety.com\/de\/\",\"name\":\"True Society Bridal Shops\",\"description\":\"Your Wedding Dress Your Way\",\"publisher\":{\"@id\":\"https:\/\/truesociety.com\/de\/#organization\"},\"potentialAction\":[{\"@type\":\"SearchAction\",\"target\":{\"@type\":\"EntryPoint\",\"urlTemplate\":\"https:\/\/truesociety.com\/de\/?s={search_term_string}\"},\"query-input\":{\"@type\":\"PropertyValueSpecification\",\"valueRequired\":true,\"valueName\":\"search_term_string\"}}],\"inLanguage\":\"de-DE\"},{\"@type\":\"Organization\",\"@id\":\"https:\/\/truesociety.com\/de\/#organization\",\"name\":\"True Society Bridal\",\"url\":\"https:\/\/truesociety.com\/de\/\",\"logo\":{\"@type\":\"ImageObject\",\"inLanguage\":\"de-DE\",\"@id\":\"https:\/\/truesociety.com\/de\/#\/schema\/logo\/image\/\",\"url\":\"https:\/\/cdn.truesociety.com\/uploads\/2021\/03\/ts-logo-desktop.svg\",\"contentUrl\":\"https:\/\/cdn.truesociety.com\/uploads\/2021\/03\/ts-logo-desktop.svg\",\"width\":1,\"height\":1,\"caption\":\"True Society Bridal\"},\"image\":{\"@id\":\"https:\/\/truesociety.com\/de\/#\/schema\/logo\/image\/\"},\"sameAs\":[\"https:\/\/www.facebook.com\/truesociety\/\",\"https:\/\/www.instagram.com\/truesociety\/\",\"https:\/\/www.youtube.com\/@truesocietybridal\",\"https:\/\/www.tiktok.com\/@truesociety\"]}]}<\/script>\n<!-- \/ Yoast SEO Premium plugin. -->","yoast_head_json":{"title":"Brautkleider und Brautjungfernkleider Designer | True Society Brautmode","description":"Discover True Society designer dress labels of Essense of Australia, Stella York, Martina Liana, and all who wander, as well as bridesmaid line Sorella Vita.","robots":{"index":"index","follow":"follow","max-snippet":"max-snippet:-1","max-image-preview":"max-image-preview:large","max-video-preview":"max-video-preview:-1"},"canonical":"https:\/\/truesociety.com\/de\/wp-json\/wp\/v2\/pages\/3860","og_locale":"de_DE","og_type":"article","og_title":"Brautkleid-Designer","og_description":"Discover True Society designer dress labels of Essense of Australia, Stella York, Martina Liana, and all who wander, as well as bridesmaid line Sorella Vita.","og_url":"https:\/\/truesociety.com\/de\/unsere-designers\/","og_site_name":"True Society Brautmodengesch\u00e4fte","article_publisher":"https:\/\/www.facebook.com\/truesociety\/","article_modified_time":"2025-12-18T22:26:58+00:00","og_image":[{"url":"https:\/\/cdn.truesociety.com\/uploads\/2025\/06\/All-Designers_Landing_Hero_desktop-1.jpg","type":"","width":"","height":""}],"twitter_card":"summary_large_image","schema":{"@context":"https:\/\/schema.org","@graph":[{"@type":"WebPage","@id":"https:\/\/truesociety.com\/de\/unsere-designers\/","url":"https:\/\/truesociety.com\/de\/unsere-designers\/","name":"Brautkleider und Brautjungfernkleider Designer | True Society Brautmode","isPartOf":{"@id":"https:\/\/truesociety.com\/de\/#website"},"primaryImageOfPage":{"@id":"https:\/\/truesociety.com\/de\/unsere-designers\/#primaryimage"},"image":{"@id":"https:\/\/truesociety.com\/de\/unsere-designers\/#primaryimage"},"thumbnailUrl":"https:\/\/cdn.truesociety.com\/uploads\/2025\/12\/All-Designers_Hero_desktop-1.jpg","datePublished":"2020-02-13T21:59:15+00:00","dateModified":"2025-12-18T22:26:58+00:00","description":"Discover True Society designer dress labels of Essense of Australia, Stella York, Martina Liana, and all who wander, as well as bridesmaid line Sorella Vita.","breadcrumb":{"@id":"https:\/\/truesociety.com\/de\/unsere-designers\/#breadcrumb"},"inLanguage":"de-DE","potentialAction":[{"@type":"ReadAction","target":["https:\/\/truesociety.com\/de\/unsere-designers\/"]}]},{"@type":"ImageObject","inLanguage":"de-DE","@id":"https:\/\/truesociety.com\/de\/unsere-designers\/#primaryimage","url":"https:\/\/cdn.truesociety.com\/uploads\/2025\/12\/All-Designers_Hero_desktop-1.jpg","contentUrl":"https:\/\/cdn.truesociety.com\/uploads\/2025\/12\/All-Designers_Hero_desktop-1.jpg"},{"@type":"BreadcrumbList","@id":"https:\/\/truesociety.com\/de\/unsere-designers\/#breadcrumb","itemListElement":[{"@type":"ListItem","position":1,"name":"Home","item":"https:\/\/truesociety.com\/de\/"},{"@type":"ListItem","position":2,"name":"Brautkleid-Designer"}]},{"@type":"WebSite","@id":"https:\/\/truesociety.com\/de\/#website","url":"https:\/\/truesociety.com\/de\/","name":"True Society Bridal Shops","description":"Your Wedding Dress Your Way","publisher":{"@id":"https:\/\/truesociety.com\/de\/#organization"},"potentialAction":[{"@type":"SearchAction","target":{"@type":"EntryPoint","urlTemplate":"https:\/\/truesociety.com\/de\/?s={search_term_string}"},"query-input":{"@type":"PropertyValueSpecification","valueRequired":true,"valueName":"search_term_string"}}],"inLanguage":"de-DE"},{"@type":"Organization","@id":"https:\/\/truesociety.com\/de\/#organization","name":"True Society Bridal","url":"https:\/\/truesociety.com\/de\/","logo":{"@type":"ImageObject","inLanguage":"de-DE","@id":"https:\/\/truesociety.com\/de\/#\/schema\/logo\/image\/","url":"https:\/\/cdn.truesociety.com\/uploads\/2021\/03\/ts-logo-desktop.svg","contentUrl":"https:\/\/cdn.truesociety.com\/uploads\/2021\/03\/ts-logo-desktop.svg","width":1,"height":1,"caption":"True Society Bridal"},"image":{"@id":"https:\/\/truesociety.com\/de\/#\/schema\/logo\/image\/"},"sameAs":["https:\/\/www.facebook.com\/truesociety\/","https:\/\/www.instagram.com\/truesociety\/","https:\/\/www.youtube.com\/@truesocietybridal","https:\/\/www.tiktok.com\/@truesociety"]}]}},"_links":{"self":[{"href":"https:\/\/truesociety.com\/de\/wp-json\/wp\/v2\/pages\/3860","targetHints":{"allow":["GET"]}}],"collection":[{"href":"https:\/\/truesociety.com\/de\/wp-json\/wp\/v2\/pages"}],"about":[{"href":"https:\/\/truesociety.com\/de\/wp-json\/wp\/v2\/types\/page"}],"author":[{"embeddable":true,"href":"https:\/\/truesociety.com\/de\/wp-json\/wp\/v2\/users\/20"}],"replies":[{"embeddable":true,"href":"https:\/\/truesociety.com\/de\/wp-json\/wp\/v2\/comments?post=3860"}],"version-history":[{"count":65,"href":"https:\/\/truesociety.com\/de\/wp-json\/wp\/v2\/pages\/3860\/revisions"}],"predecessor-version":[{"id":37915,"href":"https:\/\/truesociety.com\/de\/wp-json\/wp\/v2\/pages\/3860\/revisions\/37915"}],"wp:attachment":[{"href":"https:\/\/truesociety.com\/de\/wp-json\/wp\/v2\/media?parent=3860"}],"curies":[{"name":"wp","href":"https:\/\/api.w.org\/{rel}","templated":true}]}}