{"id":3736,"date":"2020-04-13T11:38:53","date_gmt":"2020-04-13T16:38:53","guid":{"rendered":"https:\/\/truesociety.com\/careers\/"},"modified":"2026-03-27T14:57:22","modified_gmt":"2026-03-27T19:57:22","slug":"karriere","status":"publish","type":"page","link":"https:\/\/truesociety.com\/de\/karriere\/","title":{"rendered":"Careers"},"content":{"rendered":"\n<div class=\"fab hidden\" id=\"booker-panel-block-block_4c3be451e73db943dd623aa033108e70\">\n    <div class=\"fab-btn  booker-link\">\n        <a class=\"fab-btn-link shadow-sm\" style=\"background-color: #b68577; color: #ffffff\" href=\"\/appointment\">\n            <span class=\"fab-btn-icon\"><svg class=\"svg-icon\" width=\"18\" height=\"18\" aria-hidden=\"true\" role=\"img\" focusable=\"false\" xmlns=\"http:\/\/www.w3.org\/2000\/svg\" width=\"16\" height=\"16\" fill=\"currentColor\" class=\"bi bi-calendar3\" viewBox=\"0 0 16 16\"><path d=\"M14 0H2a2 2 0 0 0-2 2v12a2 2 0 0 0 2 2h12a2 2 0 0 0 2-2V2a2 2 0 0 0-2-2zM1 3.857C1 3.384 1.448 3 2 3h12c.552 0 1 .384 1 .857v10.286c0 .473-.448.857-1 .857H2c-.552 0-1-.384-1-.857V3.857z\"\/><path d=\"M6.5 7a1 1 0 1 0 0-2 1 1 0 0 0 0 2zm3 0a1 1 0 1 0 0-2 1 1 0 0 0 0 2zm3 0a1 1 0 1 0 0-2 1 1 0 0 0 0 2zm-9 3a1 1 0 1 0 0-2 1 1 0 0 0 0 2zm3 0a1 1 0 1 0 0-2 1 1 0 0 0 0 2zm3 0a1 1 0 1 0 0-2 1 1 0 0 0 0 2zm3 0a1 1 0 1 0 0-2 1 1 0 0 0 0 2zm-9 3a1 1 0 1 0 0-2 1 1 0 0 0 0 2zm3 0a1 1 0 1 0 0-2 1 1 0 0 0 0 2zm3 0a1 1 0 1 0 0-2 1 1 0 0 0 0 2z\"\/><\/svg><\/span>\n            <span class=\"fab-btn-text\">Termin vereinbaren<\/span><\/a>\n    <\/div>\n<\/div>\n\n<!-- Start Booker Modal -->\n<div class=\"modal fade booker-panel\" id=\"bookerModal\" tabindex=\"-1\" aria-labelledby=\"bookerModalLabel\" aria-hidden=\"true\">\n    <div class=\"modal-dialog modal-dialog-scrollable\">\n        <div class=\"modal-content\">\n            <div class=\"modal-header\">\n                <button type=\"button\" class=\"btn-close\" data-bs-dismiss=\"modal\" aria-label=\"Close\"><\/button>\n            <\/div>\n            <div class=\"modal-body\">\n                <div class=\"modal-brand-image\">\n                    <img loading=\"lazy\" decoding=\"async\"\n                            src=\"https:\/\/cdn.truesociety.com\/uploads\/2022\/02\/YourJourneyBeginsLg.min_.svg\"\n                            alt=\"Picture of black text in cursive font that reads Your Journey Begins.\"\n                            width=\"768\"\n                            height=\"260\"\n                    >\n                <\/div>\n                <div id=\"tsBookerPanelApp\"\n                     data-params=\"\"\n                     data-anchor=\"book\"\n                     data-anchor-offset=\"-280\"\n                     data-retailer-ids=\"2c2e8a8e,ac0ca6e3,bfa38a39,083a55b8,71a563b6,f504e856,56386a57,c7fd4679,051bcdd8,f3b32ae9,712f5bbd,9643357a,72cdff8c,a958b3be,eb0801b9,74594a98,\"\n                     data-redirect=\"thank-you\/\"\n                     data-waitlist-redirect=\"waitlist\/\"><\/div>\n            <\/div>\n        <\/div>\n    <\/div>\n<\/div>\n<!-- End Booker Modal -->\n\n\n\n<div class=\"wp-block-buttons fab fab-hidden is-layout-flex wp-block-buttons-is-layout-flex\"><\/div>\n\n\n\n<div class=\"wp-block-cover is-light has-custom-content-position is-position-bottom-center esen-cover-block max-1400 m-auto desktop-only\" style=\"min-height:700px;aspect-ratio:unset;\"><img loading=\"lazy\" decoding=\"async\" width=\"1400\" height=\"700\" class=\"wp-block-cover__image-background wp-image-31820\" alt=\"\" src=\"https:\/\/cdn.truesociety.com\/uploads\/2024\/12\/About_Careers_desktop.jpg\" data-object-fit=\"cover\" srcset=\"https:\/\/cdn.truesociety.com\/uploads\/2024\/12\/About_Careers_desktop.jpg 1400w, https:\/\/cdn.truesociety.com\/uploads\/2024\/12\/About_Careers_desktop-300x150.jpg 300w, https:\/\/cdn.truesociety.com\/uploads\/2024\/12\/About_Careers_desktop-768x384.jpg 768w\" sizes=\"auto, (max-width: 1400px) 100vw, 1400px\" \/><span aria-hidden=\"true\" class=\"wp-block-cover__background has-background-dim-0 has-background-dim\" style=\"background-color:#766c63\"><\/span><div class=\"wp-block-cover__inner-container is-layout-flow wp-block-cover-is-layout-flow\">\n<figure class=\"wp-block-image aligncenter size-full is-resized\"><img decoding=\"async\" src=\"https:\/\/cdn.truesociety.com\/uploads\/2022\/02\/careers-join-the-true-crew.min_.svg\" alt=\"Picture of white text in cursive font that reads Join The True Crew.\" class=\"wp-image-12187\" style=\"width:645px;height:auto\"\/><\/figure>\n<\/div><\/div>\n\n\n\n<div class=\"wp-block-cover is-light has-custom-content-position is-position-bottom-center esen-cover-block mobile-only\" style=\"min-height:552px;aspect-ratio:unset;\"><img loading=\"lazy\" decoding=\"async\" width=\"415\" height=\"550\" class=\"wp-block-cover__image-background wp-image-31821\" alt=\"\" src=\"https:\/\/cdn.truesociety.com\/uploads\/2024\/12\/About_Careers_mobile.jpg\" data-object-fit=\"cover\" srcset=\"https:\/\/cdn.truesociety.com\/uploads\/2024\/12\/About_Careers_mobile.jpg 415w, https:\/\/cdn.truesociety.com\/uploads\/2024\/12\/About_Careers_mobile-226x300.jpg 226w\" sizes=\"auto, (max-width: 415px) 100vw, 415px\" \/><span aria-hidden=\"true\" class=\"wp-block-cover__background has-background-dim-0 has-background-dim\" style=\"background-color:#756f69\"><\/span><div class=\"wp-block-cover__inner-container is-layout-flow wp-block-cover-is-layout-flow\">\n<figure class=\"wp-block-image aligncenter size-full is-resized\"><img decoding=\"async\" src=\"https:\/\/cdn.truesociety.com\/uploads\/2022\/02\/careers-join-the-true-crew.min_.svg\" alt=\"Picture of white text in cursive font that reads Join The True Crew.\" class=\"wp-image-12187\" style=\"width:552px;height:auto\"\/><\/figure>\n<\/div><\/div>\n\n\n\n<h2 class=\"wp-block-heading has-text-align-center px-3\" id=\"h-karriere-in-der-brautmode\"><meta charset=\"utf-8\">Karriere in der Brautmode<\/h2>\n\n\n\n<p class=\"has-text-align-center max-1024 m-auto px-3\"><meta charset=\"utf-8\">Es ist nicht nur ein Job. Es ist Leidenschaft. Wir lassen Tr\u00e4ume wahr werden. Und wir suchen die aussergew\u00f6hnlichsten, ehrgeizigsten und freundlichsten Teammitglieder f\u00fcr unsere True Crew, als Brautberater\/innen und -manager\/innen.<br><br>Mit Leidenschaft und Herz dabei. Unsere True Crew erf\u00fcllt unser Gesch\u00e4ft jeden Tag mit ihrer Leidenschaft f\u00fcr Mode, die Community und unsere Br\u00e4ute. H\u00f6rt sich ziemlich cool an? Wir denken schon! Wenn Du interessiert bist, eine Karriere bei True Society zu starten, findest Du unten unsere offenen Stellen!<\/p>\n\n\n\n<details class=\"wp-block-details max-1024 m-auto px-3 is-layout-flow wp-block-details-is-layout-flow\" open><summary><strong>EUROPA<\/strong><br><\/summary>\n<div style=\"height:11px\" aria-hidden=\"true\" class=\"wp-block-spacer max-1024 m-auto px-3\"><\/div>\n\n\n\n<figure class=\"wp-block-table alignfull is-style-stripes max-1024 m-auto px-3\"><table class=\"has-fixed-layout\"><tbody><tr><td><a href=\"https:\/\/de-truesociety.icims.com\/jobs\/1787\/werkstudent%3ain-verkauf-brautmode\/job\">Part-Time Bridal Stylist (Student)<\/a><\/td><td>Berlin<\/td><td>Deustchland<\/td><\/tr><tr><td><a href=\"https:\/\/de-truesociety.icims.com\/jobs\/1788\/flexible-aushilfe-verkauf-brautmode\/job\">Part-Time Bridal Stylist<\/a><\/td><td>Berlin<\/td><td>Deustchland<\/td><\/tr><tr><td><a href=\"https:\/\/de-truesociety.icims.com\/jobs\/1784\/assistant-store-manager-%28m-w-d%29\/job\">Assistant Store Manager<\/a><\/td><td>Hamburg<\/td><td>Deutschland<\/td><\/tr><tr><td><a href=\"https:\/\/de-truesociety.icims.com\/jobs\/1772\/store-manager-%28m-w-d%29\/job\">Store Manager<\/a><\/td><td>M\u00fcnchen<\/td><td>Deutschland<\/td><\/tr><tr><td><a href=\"https:\/\/de-truesociety.icims.com\/jobs\/1773\/assistant-store-manager-%28m-w-d%29\/job\">Assistant Store Manager<\/a><\/td><td>M\u00fcnchen<\/td><td>Deutschland<\/td><\/tr><tr><td><a href=\"https:\/\/de-truesociety.icims.com\/jobs\/1775\/store-manager-%28m-w-d%29\/job?mobile=false&amp;width=1654&amp;height=500&amp;bga=true&amp;needsRedirect=false&amp;jan1offset=-360&amp;jun1offset=-300\">Store Manager<\/a><\/td><td>Stuttgart<\/td><td>Deutschland<\/td><\/tr><\/tbody><\/table><\/figure>\n<\/details>\n\n\n\n<details class=\"wp-block-details max-1024 m-auto px-3 is-layout-flow wp-block-details-is-layout-flow\" open><summary><strong>VEREINIGTE STAATEN<\/strong><\/summary>\n<div style=\"height:12px\" aria-hidden=\"true\" class=\"wp-block-spacer max-1024 m-auto px-3\"><\/div>\n\n\n\n<figure class=\"wp-block-table alignfull is-style-stripes max-1024 m-auto px-3\"><table class=\"has-fixed-layout\"><tbody><tr><td><a href=\"https:\/\/careers-truesociety.icims.com\/jobs\/1781\/part-time-bridal-stylist\/job?mode=view\">Part-Time Bridal Stylist<\/a><\/td><td>Lenexa<\/td><td>Kansas<\/td><\/tr><tr><td><a href=\"https:\/\/careers-truesociety.icims.com\/jobs\/1761\/part-time-bridal-stylist\/job?mode=view&amp;mobile=false&amp;width=771&amp;height=500&amp;bga=true&amp;needsRedirect=false&amp;jan1offset=-360&amp;jun1offset=-300\">Part-Time Bridal Stylist<\/a><\/td><td>Kansas City<\/td><td>Missouri<\/td><\/tr><\/tbody><\/table><\/figure>\n<\/details>\n\n\n\n<details class=\"wp-block-details max-1024 m-auto px-3 is-layout-flow wp-block-details-is-layout-flow\" open><summary>AUSTRALIEN<\/summary>\n<div style=\"height:11px\" aria-hidden=\"true\" class=\"wp-block-spacer max-1024 m-auto px-3\"><\/div>\n\n\n\n<figure class=\"wp-block-table alignfull is-style-stripes max-1024 m-auto px-3\"><table class=\"has-fixed-layout\"><tbody><tr><td><a href=\"https:\/\/aus-truesociety.icims.com\/jobs\/1779\/assistant-store-manager-%28customer-experience-manager%29\/job?mode=view\">Assistant Store Manager<\/a><\/td><td>Melbourne<\/td><td>Australien<\/td><\/tr><tr><td><a href=\"https:\/\/aus-truesociety.icims.com\/jobs\/1743\/bridal-stylist-%28casual%29\/job?mode=view&amp;mobile=false&amp;width=1546&amp;height=500&amp;bga=true&amp;needsRedirect=false&amp;jan1offset=-360&amp;jun1offset=-300\">Bridal Stylist<\/a><\/td><td>Melbourne<\/td><td>Australien<\/td><\/tr><tr><td><a href=\"https:\/\/aus-truesociety.icims.com\/jobs\/1778\/assistant-store-manager\/job?mode=view\">Assistant Store Manager<\/a><\/td><td>Sydney<\/td><td>Australien<\/td><\/tr><tr><td><a href=\"https:\/\/aus-truesociety.icims.com\/jobs\/1742\/bridal-stylist-%28casual%29\/job?mode=view\">Bridal Stylist<\/a><\/td><td>Sydney<\/td><td>Australien<\/td><\/tr><tr><td><a href=\"https:\/\/aus-truesociety.icims.com\/jobs\/1750\/bridal-stylist\/job?mode=view&amp;mobile=false&amp;width=1518&amp;height=500&amp;bga=true&amp;needsRedirect=false&amp;jan1offset=-360&amp;jun1offset=-300\" target=\"_blank\" rel=\"noreferrer noopener\">Bridal Stylist<\/a><\/td><td>Sydney<\/td><td>Australien<\/td><\/tr><\/tbody><\/table><\/figure>\n<\/details>\n\n\n\n<div style=\"height:40px\" aria-hidden=\"true\" class=\"wp-block-spacer\"><\/div>\n","protected":false},"excerpt":{"rendered":"<p>Karriere in der Brautmode Es ist nicht nur ein Job. Es ist Leidenschaft. Wir lassen Tr\u00e4ume wahr werden. Und wir suchen die aussergew\u00f6hnlichsten, ehrgeizigsten und freundlichsten Teammitglieder f\u00fcr unsere True Crew, als Brautberater\/innen und -manager\/innen. Mit Leidenschaft und Herz dabei. Unsere True Crew erf\u00fcllt unser Gesch\u00e4ft jeden Tag mit ihrer&#8230;<\/p>\n","protected":false},"author":20,"featured_media":0,"parent":0,"menu_order":0,"comment_status":"closed","ping_status":"closed","template":"","meta":{"_acf_changed":false,"page_banner_remove":false,"page_banner_override":false,"page_banner_text":"","page_banner_link_text":"","page_banner_link_url":"","page_banner_bg_color":"","page_banner_text_color":"","page_banner_start_date":"","page_banner_end_date":"","footnotes":""},"class_list":["post-3736","page","type-page","status-publish","hentry"],"acf":[],"yoast_head":"<!-- This site is optimized with the Yoast SEO Premium plugin v25.7.1 (Yoast SEO v25.8) - https:\/\/yoast.com\/wordpress\/plugins\/seo\/ -->\n<title>Karriere in Brautmode | True Society<\/title>\n<meta name=\"description\" content=\"Wir sind stolz darauf, freundliche, aufgestellte Mitarbeiter\/innen zu besch\u00e4ftigen, die sich daf\u00fcr einsetzen, dass die Tr\u00e4ume jeder Braut wahr werden. Sieh Dir unsere offenen Stellen an und arbeite mit uns oder: bewirb Dich!\" \/>\n<meta name=\"robots\" content=\"index, follow, max-snippet:-1, max-image-preview:large, max-video-preview:-1\" \/>\n<link rel=\"canonical\" href=\"https:\/\/truesociety.com\/de\/wp-json\/wp\/v2\/pages\/3736\" \/>\n<meta property=\"og:locale\" content=\"de_DE\" \/>\n<meta property=\"og:type\" content=\"article\" \/>\n<meta property=\"og:title\" content=\"Careers\" \/>\n<meta property=\"og:description\" content=\"Wir sind stolz darauf, freundliche, aufgestellte Mitarbeiter\/innen zu besch\u00e4ftigen, die sich daf\u00fcr einsetzen, dass die Tr\u00e4ume jeder Braut wahr werden. Sieh Dir unsere offenen Stellen an und arbeite mit uns oder: bewirb Dich!\" \/>\n<meta property=\"og:url\" content=\"https:\/\/prodtobe.truesociety.com\/de\/karriere\/\" \/>\n<meta property=\"og:site_name\" content=\"True Society Brautmodengesch\u00e4fte\" \/>\n<meta property=\"article:publisher\" content=\"https:\/\/www.facebook.com\/truesociety\/\" \/>\n<meta property=\"article:modified_time\" content=\"2026-03-27T19:57:22+00:00\" \/>\n<meta property=\"og:image\" content=\"https:\/\/cdn.truesociety.com\/uploads\/2024\/12\/About_Careers_desktop.jpg\" \/>\n<meta name=\"twitter:card\" content=\"summary_large_image\" \/>\n<script type=\"application\/ld+json\" class=\"yoast-schema-graph\">{\"@context\":\"https:\/\/schema.org\",\"@graph\":[{\"@type\":\"WebPage\",\"@id\":\"https:\/\/prodtobe.truesociety.com\/de\/karriere\/\",\"url\":\"https:\/\/prodtobe.truesociety.com\/de\/karriere\/\",\"name\":\"Karriere in Brautmode | True Society\",\"isPartOf\":{\"@id\":\"https:\/\/truesociety.com\/de\/#website\"},\"primaryImageOfPage\":{\"@id\":\"https:\/\/prodtobe.truesociety.com\/de\/karriere\/#primaryimage\"},\"image\":{\"@id\":\"https:\/\/prodtobe.truesociety.com\/de\/karriere\/#primaryimage\"},\"thumbnailUrl\":\"https:\/\/cdn.truesociety.com\/uploads\/2024\/12\/About_Careers_desktop.jpg\",\"datePublished\":\"2020-04-13T16:38:53+00:00\",\"dateModified\":\"2026-03-27T19:57:22+00:00\",\"description\":\"Wir sind stolz darauf, freundliche, aufgestellte Mitarbeiter\/innen zu besch\u00e4ftigen, die sich daf\u00fcr einsetzen, dass die Tr\u00e4ume jeder Braut wahr werden. Sieh Dir unsere offenen Stellen an und arbeite mit uns oder: bewirb Dich!\",\"breadcrumb\":{\"@id\":\"https:\/\/prodtobe.truesociety.com\/de\/karriere\/#breadcrumb\"},\"inLanguage\":\"de-DE\",\"potentialAction\":[{\"@type\":\"ReadAction\",\"target\":[\"https:\/\/prodtobe.truesociety.com\/de\/karriere\/\"]}]},{\"@type\":\"ImageObject\",\"inLanguage\":\"de-DE\",\"@id\":\"https:\/\/prodtobe.truesociety.com\/de\/karriere\/#primaryimage\",\"url\":\"https:\/\/cdn.truesociety.com\/uploads\/2024\/12\/About_Careers_desktop.jpg\",\"contentUrl\":\"https:\/\/cdn.truesociety.com\/uploads\/2024\/12\/About_Careers_desktop.jpg\"},{\"@type\":\"BreadcrumbList\",\"@id\":\"https:\/\/prodtobe.truesociety.com\/de\/karriere\/#breadcrumb\",\"itemListElement\":[{\"@type\":\"ListItem\",\"position\":1,\"name\":\"Home\",\"item\":\"https:\/\/prodtobe.truesociety.com\/de\/\"},{\"@type\":\"ListItem\",\"position\":2,\"name\":\"Careers\"}]},{\"@type\":\"WebSite\",\"@id\":\"https:\/\/truesociety.com\/de\/#website\",\"url\":\"https:\/\/truesociety.com\/de\/\",\"name\":\"True Society Bridal Shops\",\"description\":\"Your Wedding Dress Your Way\",\"publisher\":{\"@id\":\"https:\/\/truesociety.com\/de\/#organization\"},\"potentialAction\":[{\"@type\":\"SearchAction\",\"target\":{\"@type\":\"EntryPoint\",\"urlTemplate\":\"https:\/\/truesociety.com\/de\/?s={search_term_string}\"},\"query-input\":{\"@type\":\"PropertyValueSpecification\",\"valueRequired\":true,\"valueName\":\"search_term_string\"}}],\"inLanguage\":\"de-DE\"},{\"@type\":\"Organization\",\"@id\":\"https:\/\/truesociety.com\/de\/#organization\",\"name\":\"True Society Bridal\",\"url\":\"https:\/\/truesociety.com\/de\/\",\"logo\":{\"@type\":\"ImageObject\",\"inLanguage\":\"de-DE\",\"@id\":\"https:\/\/truesociety.com\/de\/#\/schema\/logo\/image\/\",\"url\":\"https:\/\/cdn.truesociety.com\/uploads\/2021\/03\/ts-logo-desktop.svg\",\"contentUrl\":\"https:\/\/cdn.truesociety.com\/uploads\/2021\/03\/ts-logo-desktop.svg\",\"width\":1,\"height\":1,\"caption\":\"True Society Bridal\"},\"image\":{\"@id\":\"https:\/\/truesociety.com\/de\/#\/schema\/logo\/image\/\"},\"sameAs\":[\"https:\/\/www.facebook.com\/truesociety\/\",\"https:\/\/www.instagram.com\/truesociety\/\",\"https:\/\/www.youtube.com\/@truesocietybridal\",\"https:\/\/www.tiktok.com\/@truesociety\"]}]}<\/script>\n<!-- \/ Yoast SEO Premium plugin. -->","yoast_head_json":{"title":"Karriere in Brautmode | True Society","description":"Wir sind stolz darauf, freundliche, aufgestellte Mitarbeiter\/innen zu besch\u00e4ftigen, die sich daf\u00fcr einsetzen, dass die Tr\u00e4ume jeder Braut wahr werden. Sieh Dir unsere offenen Stellen an und arbeite mit uns oder: bewirb Dich!","robots":{"index":"index","follow":"follow","max-snippet":"max-snippet:-1","max-image-preview":"max-image-preview:large","max-video-preview":"max-video-preview:-1"},"canonical":"https:\/\/truesociety.com\/de\/wp-json\/wp\/v2\/pages\/3736","og_locale":"de_DE","og_type":"article","og_title":"Careers","og_description":"Wir sind stolz darauf, freundliche, aufgestellte Mitarbeiter\/innen zu besch\u00e4ftigen, die sich daf\u00fcr einsetzen, dass die Tr\u00e4ume jeder Braut wahr werden. Sieh Dir unsere offenen Stellen an und arbeite mit uns oder: bewirb Dich!","og_url":"https:\/\/prodtobe.truesociety.com\/de\/karriere\/","og_site_name":"True Society Brautmodengesch\u00e4fte","article_publisher":"https:\/\/www.facebook.com\/truesociety\/","article_modified_time":"2026-03-27T19:57:22+00:00","og_image":[{"url":"https:\/\/cdn.truesociety.com\/uploads\/2024\/12\/About_Careers_desktop.jpg","type":"","width":"","height":""}],"twitter_card":"summary_large_image","schema":{"@context":"https:\/\/schema.org","@graph":[{"@type":"WebPage","@id":"https:\/\/prodtobe.truesociety.com\/de\/karriere\/","url":"https:\/\/prodtobe.truesociety.com\/de\/karriere\/","name":"Karriere in Brautmode | True Society","isPartOf":{"@id":"https:\/\/truesociety.com\/de\/#website"},"primaryImageOfPage":{"@id":"https:\/\/prodtobe.truesociety.com\/de\/karriere\/#primaryimage"},"image":{"@id":"https:\/\/prodtobe.truesociety.com\/de\/karriere\/#primaryimage"},"thumbnailUrl":"https:\/\/cdn.truesociety.com\/uploads\/2024\/12\/About_Careers_desktop.jpg","datePublished":"2020-04-13T16:38:53+00:00","dateModified":"2026-03-27T19:57:22+00:00","description":"Wir sind stolz darauf, freundliche, aufgestellte Mitarbeiter\/innen zu besch\u00e4ftigen, die sich daf\u00fcr einsetzen, dass die Tr\u00e4ume jeder Braut wahr werden. Sieh Dir unsere offenen Stellen an und arbeite mit uns oder: bewirb Dich!","breadcrumb":{"@id":"https:\/\/prodtobe.truesociety.com\/de\/karriere\/#breadcrumb"},"inLanguage":"de-DE","potentialAction":[{"@type":"ReadAction","target":["https:\/\/prodtobe.truesociety.com\/de\/karriere\/"]}]},{"@type":"ImageObject","inLanguage":"de-DE","@id":"https:\/\/prodtobe.truesociety.com\/de\/karriere\/#primaryimage","url":"https:\/\/cdn.truesociety.com\/uploads\/2024\/12\/About_Careers_desktop.jpg","contentUrl":"https:\/\/cdn.truesociety.com\/uploads\/2024\/12\/About_Careers_desktop.jpg"},{"@type":"BreadcrumbList","@id":"https:\/\/prodtobe.truesociety.com\/de\/karriere\/#breadcrumb","itemListElement":[{"@type":"ListItem","position":1,"name":"Home","item":"https:\/\/prodtobe.truesociety.com\/de\/"},{"@type":"ListItem","position":2,"name":"Careers"}]},{"@type":"WebSite","@id":"https:\/\/truesociety.com\/de\/#website","url":"https:\/\/truesociety.com\/de\/","name":"True Society Bridal Shops","description":"Your Wedding Dress Your Way","publisher":{"@id":"https:\/\/truesociety.com\/de\/#organization"},"potentialAction":[{"@type":"SearchAction","target":{"@type":"EntryPoint","urlTemplate":"https:\/\/truesociety.com\/de\/?s={search_term_string}"},"query-input":{"@type":"PropertyValueSpecification","valueRequired":true,"valueName":"search_term_string"}}],"inLanguage":"de-DE"},{"@type":"Organization","@id":"https:\/\/truesociety.com\/de\/#organization","name":"True Society Bridal","url":"https:\/\/truesociety.com\/de\/","logo":{"@type":"ImageObject","inLanguage":"de-DE","@id":"https:\/\/truesociety.com\/de\/#\/schema\/logo\/image\/","url":"https:\/\/cdn.truesociety.com\/uploads\/2021\/03\/ts-logo-desktop.svg","contentUrl":"https:\/\/cdn.truesociety.com\/uploads\/2021\/03\/ts-logo-desktop.svg","width":1,"height":1,"caption":"True Society Bridal"},"image":{"@id":"https:\/\/truesociety.com\/de\/#\/schema\/logo\/image\/"},"sameAs":["https:\/\/www.facebook.com\/truesociety\/","https:\/\/www.instagram.com\/truesociety\/","https:\/\/www.youtube.com\/@truesocietybridal","https:\/\/www.tiktok.com\/@truesociety"]}]}},"_links":{"self":[{"href":"https:\/\/truesociety.com\/de\/wp-json\/wp\/v2\/pages\/3736","targetHints":{"allow":["GET"]}}],"collection":[{"href":"https:\/\/truesociety.com\/de\/wp-json\/wp\/v2\/pages"}],"about":[{"href":"https:\/\/truesociety.com\/de\/wp-json\/wp\/v2\/types\/page"}],"author":[{"embeddable":true,"href":"https:\/\/truesociety.com\/de\/wp-json\/wp\/v2\/users\/20"}],"replies":[{"embeddable":true,"href":"https:\/\/truesociety.com\/de\/wp-json\/wp\/v2\/comments?post=3736"}],"version-history":[{"count":207,"href":"https:\/\/truesociety.com\/de\/wp-json\/wp\/v2\/pages\/3736\/revisions"}],"predecessor-version":[{"id":39295,"href":"https:\/\/truesociety.com\/de\/wp-json\/wp\/v2\/pages\/3736\/revisions\/39295"}],"wp:attachment":[{"href":"https:\/\/truesociety.com\/de\/wp-json\/wp\/v2\/media?parent=3736"}],"curies":[{"name":"wp","href":"https:\/\/api.w.org\/{rel}","templated":true}]}}