{"id":3519,"date":"2020-02-14T18:31:45","date_gmt":"2020-02-15T00:31:45","guid":{"rendered":"https:\/\/truesociety.com\/oxford-street\/"},"modified":"2025-11-20T15:07:18","modified_gmt":"2025-11-20T21:07:18","slug":"oxford-street","status":"publish","type":"page","link":"https:\/\/truesociety.com\/de\/unsere-designers\/oxford-street\/","title":{"rendered":"Oxford Street"},"content":{"rendered":"\n<div class=\"fab hidden\" id=\"booker-panel-block-block_b5ae1de234d8fcfa7f53f0ac1a8e39bf\">\n    <div class=\"fab-btn  booker-link\">\n        <a class=\"fab-btn-link shadow-sm\" style=\"background-color: #b68577; color: #ffffff\" href=\"\/appointment\">\n            <span class=\"fab-btn-icon\"><svg class=\"svg-icon\" width=\"18\" height=\"18\" aria-hidden=\"true\" role=\"img\" focusable=\"false\" xmlns=\"http:\/\/www.w3.org\/2000\/svg\" width=\"16\" height=\"16\" fill=\"currentColor\" class=\"bi bi-calendar3\" viewBox=\"0 0 16 16\"><path d=\"M14 0H2a2 2 0 0 0-2 2v12a2 2 0 0 0 2 2h12a2 2 0 0 0 2-2V2a2 2 0 0 0-2-2zM1 3.857C1 3.384 1.448 3 2 3h12c.552 0 1 .384 1 .857v10.286c0 .473-.448.857-1 .857H2c-.552 0-1-.384-1-.857V3.857z\"\/><path d=\"M6.5 7a1 1 0 1 0 0-2 1 1 0 0 0 0 2zm3 0a1 1 0 1 0 0-2 1 1 0 0 0 0 2zm3 0a1 1 0 1 0 0-2 1 1 0 0 0 0 2zm-9 3a1 1 0 1 0 0-2 1 1 0 0 0 0 2zm3 0a1 1 0 1 0 0-2 1 1 0 0 0 0 2zm3 0a1 1 0 1 0 0-2 1 1 0 0 0 0 2zm3 0a1 1 0 1 0 0-2 1 1 0 0 0 0 2zm-9 3a1 1 0 1 0 0-2 1 1 0 0 0 0 2zm3 0a1 1 0 1 0 0-2 1 1 0 0 0 0 2zm3 0a1 1 0 1 0 0-2 1 1 0 0 0 0 2z\"\/><\/svg><\/span>\n            <span class=\"fab-btn-text\">Termin vereinbaren<\/span><\/a>\n    <\/div>\n<\/div>\n\n<!-- Start Booker Modal -->\n<div class=\"modal fade booker-panel\" id=\"bookerModal\" tabindex=\"-1\" aria-labelledby=\"bookerModalLabel\" aria-hidden=\"true\">\n    <div class=\"modal-dialog modal-dialog-scrollable\">\n        <div class=\"modal-content\">\n            <div class=\"modal-header\">\n                <button type=\"button\" class=\"btn-close\" data-bs-dismiss=\"modal\" aria-label=\"Close\"><\/button>\n            <\/div>\n            <div class=\"modal-body\">\n                <div class=\"modal-brand-image\">\n                    <img loading=\"lazy\" decoding=\"async\"\n                            src=\"https:\/\/cdn.truesociety.com\/uploads\/2022\/02\/YourJourneyBeginsLg.min_.svg\"\n                            alt=\"Picture of black text in cursive font that reads Your Journey Begins.\"\n                            width=\"768\"\n                            height=\"260\"\n                    >\n                <\/div>\n                <div id=\"tsBookerPanelApp\"\n                     data-params=\"\"\n                     data-anchor=\"book\"\n                     data-anchor-offset=\"-280\"\n                     data-retailer-ids=\"2c2e8a8e,ac0ca6e3,bfa38a39,083a55b8,71a563b6,f504e856,56386a57,c7fd4679,051bcdd8,f3b32ae9,712f5bbd,9643357a,72cdff8c,a958b3be,eb0801b9,74594a98,\"\n                     data-redirect=\"thank-you\/\"\n                     data-waitlist-redirect=\"waitlist\/\"><\/div>\n            <\/div>\n        <\/div>\n    <\/div>\n<\/div>\n<!-- End Booker Modal -->\n\n\n\n<div class=\"wp-block-buttons fab fab-hidden is-layout-flex wp-block-buttons-is-layout-flex\"><\/div>\n\n\n\n<div class=\"wp-block-cover has-custom-content-position is-position-bottom-center esen-cover-block max-1400 m-auto desktop-only\" style=\"min-height:700px;aspect-ratio:unset;\"><img loading=\"lazy\" decoding=\"async\" width=\"1400\" height=\"700\" class=\"wp-block-cover__image-background wp-image-29050\" alt=\"\" src=\"https:\/\/cdn.truesociety.com\/uploads\/2024\/07\/Designer_OX_desktop.jpg\" data-object-fit=\"cover\" srcset=\"https:\/\/cdn.truesociety.com\/uploads\/2024\/07\/Designer_OX_desktop.jpg 1400w, https:\/\/cdn.truesociety.com\/uploads\/2024\/07\/Designer_OX_desktop-300x150.jpg 300w, https:\/\/cdn.truesociety.com\/uploads\/2024\/07\/Designer_OX_desktop-768x384.jpg 768w\" sizes=\"auto, (max-width: 1400px) 100vw, 1400px\" \/><span aria-hidden=\"true\" class=\"wp-block-cover__background has-background-dim-0 has-background-dim\" style=\"background-color:#7f7763\"><\/span><div class=\"wp-block-cover__inner-container is-layout-flow wp-block-cover-is-layout-flow\">\n<div style=\"height:500px\" aria-hidden=\"true\" class=\"wp-block-spacer\"><\/div>\n\n\n\n<figure class=\"wp-block-image aligncenter size-full is-resized\"><img decoding=\"async\" src=\"https:\/\/cdn.truesociety.com\/uploads\/2022\/02\/oxford-street-uniquely-yours.min_.svg\" alt=\"Picture of white text in cursive font that reads Uniquely Yours.\" class=\"wp-image-12197\" style=\"width:594px;height:250px\"\/><\/figure>\n<\/div><\/div>\n\n\n\n<div class=\"wp-block-cover is-light has-custom-content-position is-position-bottom-center esen-cover-block mobile-only\" style=\"min-height:552px;aspect-ratio:unset;\"><img loading=\"lazy\" decoding=\"async\" width=\"415\" height=\"550\" class=\"wp-block-cover__image-background wp-image-29051\" alt=\"\" src=\"https:\/\/cdn.truesociety.com\/uploads\/2024\/07\/Designer_OX_mobile.jpg\" data-object-fit=\"cover\" srcset=\"https:\/\/cdn.truesociety.com\/uploads\/2024\/07\/Designer_OX_mobile.jpg 415w, https:\/\/cdn.truesociety.com\/uploads\/2024\/07\/Designer_OX_mobile-226x300.jpg 226w\" sizes=\"auto, (max-width: 415px) 100vw, 415px\" \/><span aria-hidden=\"true\" class=\"wp-block-cover__background has-background-dim-0 has-background-dim\" style=\"background-color:#a19487\"><\/span><div class=\"wp-block-cover__inner-container is-layout-flow wp-block-cover-is-layout-flow\">\n<div style=\"height:500px\" aria-hidden=\"true\" class=\"wp-block-spacer\"><\/div>\n\n\n\n<figure class=\"wp-block-image aligncenter size-full is-resized\"><img decoding=\"async\" src=\"https:\/\/cdn.truesociety.com\/uploads\/2022\/02\/oxford-street-uniquely-yours.min_.svg\" alt=\"Picture of white text in cursive font that reads Uniquely Yours.\" class=\"wp-image-12197\" style=\"width:597px;height:250px\"\/><\/figure>\n<\/div><\/div>\n\n\n\n<h1 class=\"wp-block-heading has-text-align-center px-3\" id=\"h-oxford-street-brautkleider\"><meta charset=\"utf-8\">Oxford Street Brautkleider<\/h1>\n\n\n\n<p class=\"has-text-align-center max-1024 m-auto px-3\"><meta charset=\"utf-8\">Unsere langj\u00e4hrige Erfahrung hat uns gelehrt, wie wichtig es ist, Dir ein wirklich einmaliges Brautkleid-Erlebnis zu bieten, welches mit den neuesten Trends mithalten kann. Aus diesem Grund haben wir diese spezielle Designerkollektion f\u00fcr True Society Br\u00e4ute entworfen. Eine einzigartige Auswahl an Kleider, die von Euch inspiriert wurde.<\/p>\n\n\n\n<p class=\"has-text-align-center max-1024 m-auto px-3\"><em>Die Auswahl an Kleidern variiert je nach Gesch\u00e4ft. <\/em><\/p>\n\n\n\n<div class=\"wp-block-columns is-layout-flex wp-container-core-columns-is-layout-9d6595d7 wp-block-columns-is-layout-flex\">\n<div class=\"wp-block-column is-layout-flow wp-block-column-is-layout-flow\">\n<figure class=\"wp-block-image size-full\"><img loading=\"lazy\" decoding=\"async\" width=\"600\" height=\"725\" src=\"https:\/\/cdn.truesociety.com\/uploads\/2021\/04\/Oxford-Street-Gown-PA1184.jpg\" alt=\"Woman of color bride wearing a v-neck lace, a-line wedding dress from designer Oxford Street. Style PA1184.\" class=\"wp-image-3405\" srcset=\"https:\/\/cdn.truesociety.com\/uploads\/2021\/04\/Oxford-Street-Gown-PA1184.jpg 600w, https:\/\/cdn.truesociety.com\/uploads\/2021\/04\/Oxford-Street-Gown-PA1184-248x300.jpg 248w\" sizes=\"auto, (max-width: 600px) 100vw, 600px\" \/><\/figure>\n<\/div>\n\n\n\n<div class=\"wp-block-column is-layout-flow wp-block-column-is-layout-flow\">\n<figure class=\"wp-block-image size-full\"><img loading=\"lazy\" decoding=\"async\" width=\"600\" height=\"725\" src=\"https:\/\/cdn.truesociety.com\/uploads\/2020\/12\/Oxford-Street-Back-View.jpg\" alt=\"Back view of bride wearing an Oxford Street wedding dess\" class=\"wp-image-1828\" srcset=\"https:\/\/cdn.truesociety.com\/uploads\/2020\/12\/Oxford-Street-Back-View.jpg 600w, https:\/\/cdn.truesociety.com\/uploads\/2020\/12\/Oxford-Street-Back-View-248x300.jpg 248w\" sizes=\"auto, (max-width: 600px) 100vw, 600px\" \/><\/figure>\n<\/div>\n\n\n\n<div class=\"wp-block-column is-layout-flow wp-block-column-is-layout-flow\">\n<figure class=\"wp-block-image size-full\"><img loading=\"lazy\" decoding=\"async\" width=\"600\" height=\"725\" src=\"https:\/\/cdn.truesociety.com\/uploads\/2022\/01\/Oxford-Street_PA1114.jpg\" alt=\"True Bride wearing a simple, a-line Oxford street wedding dress.\" class=\"wp-image-11990\" srcset=\"https:\/\/cdn.truesociety.com\/uploads\/2022\/01\/Oxford-Street_PA1114.jpg 600w, https:\/\/cdn.truesociety.com\/uploads\/2022\/01\/Oxford-Street_PA1114-248x300.jpg 248w\" sizes=\"auto, (max-width: 600px) 100vw, 600px\" \/><\/figure>\n<\/div>\n<\/div>\n\n\n\n<p class=\"has-text-align-center max-1024 m-auto px-3\"><meta charset=\"utf-8\"><meta charset=\"utf-8\">In dieser Kollektion findest Du eine einzigartige Vielfalt an Kleider, die zu jedem Stil, Geschmack, Konfektionsgr\u00f6\u00dfe und Stimmung passen. Egal nach welchem Brautkleid Du suchst, Du kannst sicher sein, dass Du es bei True Society finden wirst. Also komm vorbei &#8211; wir w\u00fcrden Dich gerne kennenlernen und Dir unsere Kleider vorstellen.<\/p>\n\n\n\n<figure class=\"wp-block-image aligncenter size-large is-resized\"><img loading=\"lazy\" decoding=\"async\" width=\"417\" height=\"301\" src=\"https:\/\/cdn.truesociety.com\/uploads\/2020\/02\/logo_OX.png\" alt=\"Oxford Street Logo\" class=\"wp-image-516\" style=\"width:417px;height:301px\" title=\"Oxford Street Logo\" srcset=\"https:\/\/cdn.truesociety.com\/uploads\/2020\/02\/logo_OX.png 417w, https:\/\/cdn.truesociety.com\/uploads\/2020\/02\/logo_OX-300x217.png 300w\" sizes=\"auto, (max-width: 417px) 100vw, 417px\" \/><\/figure>\n\n\n\n<div class=\"wp-block-cover alignfull is-light esen-cover-block bg-full mb-5\"><span aria-hidden=\"true\" class=\"wp-block-cover__background has-background-dim-0 has-background-dim\" style=\"background-color:#FFF\"><\/span><div class=\"wp-block-cover__inner-container is-layout-flow wp-block-cover-is-layout-flow\">\n<h2 class=\"wp-block-heading has-text-align-center mt-5 mb-5\" id=\"h-haufig-gestellte-fragen\">H\u00e4ufig gestellte Fragen<\/h2>\n\n\n\n<div class=\"wp-block-group alignfull ser-3-section max-1024 px-3 m-auto mb-0 is-layout-flow wp-block-group-is-layout-flow\">\n<div class=\"schema-faq wp-block-yoast-faq-block\"><div class=\"schema-faq-section\" id=\"faq-question-1692306011529\"><strong class=\"schema-faq-question\">WAS IST OXFORD STREET?<\/strong> <p class=\"schema-faq-answer\">Oxford Street ist eine einzigartige Brautkleid-Designerkollektion, die von unseren Br\u00e4uten inspiriert und sorgf\u00e4ltig kuratiert wurde. Wir wollten etwas ganz Besonderes schaffen, das Du Dein Eigen nennen kannst. Deshalb sind die Oxford Street Designs exklusiv in ausgew\u00e4hlten True Society Gesch\u00e4ften erh\u00e4ltlich. Wir empfehlen Dir, <a href=\"https:\/\/truesociety.com\/de\/brautmodengeschaefte\/\">unsere Standortseite zu besuchen<\/a> und einen True Society Store in Deiner N\u00e4he anzurufen, um Dich zu erkundigen, ob diese Kollektion erh\u00e4ltlich ist.<\/p> <\/div> <div class=\"schema-faq-section\" id=\"faq-question-1692306032402\"><strong class=\"schema-faq-question\">WELCHE GR\u00d6SSEN F\u00dcHRT OXFORD STREET?<\/strong> <p class=\"schema-faq-answer\">In unseren Gesch\u00e4ften f\u00fchren wir eine Vielzahl an Gr\u00f6\u00dfen, inklusive einiger \u00dcbergr\u00f6\u00dfen der Oxford Street Brautkleider f\u00fcr Dich zum anprobieren.<\/p> <\/div> <\/div>\n<\/div>\n\n\n\n<div style=\"height:48px\" aria-hidden=\"true\" class=\"wp-block-spacer\"><\/div>\n<\/div><\/div>\n\n\n\n<script type=\"application\/ld+json\">{\n\"@context\": \"https:\/\/schema.org\",\n\"@type\": \"Brand\",\n\"name\": \"Oxford Street\",\n\"description\": \"After years of working with brides, we know how important it is to offer you a truly unique wedding dress experience that can keep up with the latest trends. That\u2019s why we\u2019ve created this special designer collection for True Society brides, featuring our most unique selection of styles inspired by you.\",\n\"url\": \"https:\/\/truesociety.com\/our-designers\/oxford-street\/\",\n\"logo\": \"https:\/\/cdn-retailstoresites.essensedesigns.com\/wp-content\/uploads\/sites\/14\/2020\/02\/logo_OX.png?x19182\"\n}\n<\/script>\n","protected":false},"excerpt":{"rendered":"<p>Oxford Street Brautkleider Unsere langj\u00e4hrige Erfahrung hat uns gelehrt, wie wichtig es ist, Dir ein wirklich einmaliges Brautkleid-Erlebnis zu bieten, welches mit den neuesten Trends mithalten kann. Aus diesem Grund haben wir diese spezielle Designerkollektion f\u00fcr True Society Br\u00e4ute entworfen. Eine einzigartige Auswahl an Kleider, die von Euch inspiriert wurde&#8230;.<\/p>\n","protected":false},"author":20,"featured_media":0,"parent":3860,"menu_order":0,"comment_status":"closed","ping_status":"closed","template":"","meta":{"_acf_changed":false,"page_banner_remove":false,"page_banner_override":false,"page_banner_text":"","page_banner_link_text":"","page_banner_link_url":"","page_banner_bg_color":"","page_banner_text_color":"","page_banner_start_date":"","page_banner_end_date":"","footnotes":""},"class_list":["post-3519","page","type-page","status-publish","hentry"],"acf":[],"yoast_head":"<!-- This site is optimized with the Yoast SEO Premium plugin v25.7.1 (Yoast SEO v25.8) - https:\/\/yoast.com\/wordpress\/plugins\/seo\/ -->\n<title>Oxford Street Brautkleider | True Society Brautmodengesch\u00e4fte<\/title>\n<meta name=\"description\" content=\"True Society bridal shops feature the most extensive selection of Oxford Street designer wedding dresses in the area. Schedule an appointment today!\" \/>\n<meta name=\"robots\" content=\"index, follow, max-snippet:-1, max-image-preview:large, max-video-preview:-1\" \/>\n<link rel=\"canonical\" href=\"https:\/\/truesociety.com\/de\/wp-json\/wp\/v2\/pages\/3519\" \/>\n<meta property=\"og:locale\" content=\"de_DE\" \/>\n<meta property=\"og:type\" content=\"article\" \/>\n<meta property=\"og:title\" content=\"Oxford Street\" \/>\n<meta property=\"og:description\" content=\"True Society bridal shops feature the most extensive selection of Oxford Street designer wedding dresses in the area. Schedule an appointment today!\" \/>\n<meta property=\"og:url\" content=\"https:\/\/truesociety.com\/de\/unsere-designers\/oxford-street\/\" \/>\n<meta property=\"og:site_name\" content=\"True Society Brautmodengesch\u00e4fte\" \/>\n<meta property=\"article:publisher\" content=\"https:\/\/www.facebook.com\/truesociety\/\" \/>\n<meta property=\"article:modified_time\" content=\"2025-11-20T21:07:18+00:00\" \/>\n<meta property=\"og:image\" content=\"https:\/\/cdn.truesociety.com\/uploads\/2024\/07\/Designer_OX_desktop.jpg\" \/>\n<meta name=\"twitter:card\" content=\"summary_large_image\" \/>\n<script type=\"application\/ld+json\" class=\"yoast-schema-graph\">{\"@context\":\"https:\/\/schema.org\",\"@graph\":[{\"@type\":[\"WebPage\",\"FAQPage\"],\"@id\":\"https:\/\/truesociety.com\/de\/unsere-designers\/oxford-street\/\",\"url\":\"https:\/\/truesociety.com\/de\/unsere-designers\/oxford-street\/\",\"name\":\"Oxford Street Brautkleider | True Society Brautmodengesch\u00e4fte\",\"isPartOf\":{\"@id\":\"https:\/\/truesociety.com\/de\/#website\"},\"primaryImageOfPage\":{\"@id\":\"https:\/\/truesociety.com\/de\/unsere-designers\/oxford-street\/#primaryimage\"},\"image\":{\"@id\":\"https:\/\/truesociety.com\/de\/unsere-designers\/oxford-street\/#primaryimage\"},\"thumbnailUrl\":\"https:\/\/cdn.truesociety.com\/uploads\/2024\/07\/Designer_OX_desktop.jpg\",\"datePublished\":\"2020-02-15T00:31:45+00:00\",\"dateModified\":\"2025-11-20T21:07:18+00:00\",\"description\":\"True Society bridal shops feature the most extensive selection of Oxford Street designer wedding dresses in the area. Schedule an appointment today!\",\"breadcrumb\":{\"@id\":\"https:\/\/truesociety.com\/de\/unsere-designers\/oxford-street\/#breadcrumb\"},\"mainEntity\":[{\"@id\":\"https:\/\/truesociety.com\/de\/unsere-designers\/oxford-street\/#faq-question-1692306011529\"},{\"@id\":\"https:\/\/truesociety.com\/de\/unsere-designers\/oxford-street\/#faq-question-1692306032402\"}],\"inLanguage\":\"de-DE\",\"potentialAction\":[{\"@type\":\"ReadAction\",\"target\":[\"https:\/\/truesociety.com\/de\/unsere-designers\/oxford-street\/\"]}]},{\"@type\":\"ImageObject\",\"inLanguage\":\"de-DE\",\"@id\":\"https:\/\/truesociety.com\/de\/unsere-designers\/oxford-street\/#primaryimage\",\"url\":\"https:\/\/cdn.truesociety.com\/uploads\/2024\/07\/Designer_OX_desktop.jpg\",\"contentUrl\":\"https:\/\/cdn.truesociety.com\/uploads\/2024\/07\/Designer_OX_desktop.jpg\"},{\"@type\":\"BreadcrumbList\",\"@id\":\"https:\/\/truesociety.com\/de\/unsere-designers\/oxford-street\/#breadcrumb\",\"itemListElement\":[{\"@type\":\"ListItem\",\"position\":1,\"name\":\"Home\",\"item\":\"https:\/\/truesociety.com\/de\/\"},{\"@type\":\"ListItem\",\"position\":2,\"name\":\"Brautkleid-Designer\",\"item\":\"https:\/\/truesociety.com\/de\/unsere-designers\/\"},{\"@type\":\"ListItem\",\"position\":3,\"name\":\"Oxford Street\"}]},{\"@type\":\"WebSite\",\"@id\":\"https:\/\/truesociety.com\/de\/#website\",\"url\":\"https:\/\/truesociety.com\/de\/\",\"name\":\"True Society Bridal Shops\",\"description\":\"Your Wedding Dress Your Way\",\"publisher\":{\"@id\":\"https:\/\/truesociety.com\/de\/#organization\"},\"potentialAction\":[{\"@type\":\"SearchAction\",\"target\":{\"@type\":\"EntryPoint\",\"urlTemplate\":\"https:\/\/truesociety.com\/de\/?s={search_term_string}\"},\"query-input\":{\"@type\":\"PropertyValueSpecification\",\"valueRequired\":true,\"valueName\":\"search_term_string\"}}],\"inLanguage\":\"de-DE\"},{\"@type\":\"Organization\",\"@id\":\"https:\/\/truesociety.com\/de\/#organization\",\"name\":\"True Society Bridal\",\"url\":\"https:\/\/truesociety.com\/de\/\",\"logo\":{\"@type\":\"ImageObject\",\"inLanguage\":\"de-DE\",\"@id\":\"https:\/\/truesociety.com\/de\/#\/schema\/logo\/image\/\",\"url\":\"https:\/\/cdn.truesociety.com\/uploads\/2021\/03\/ts-logo-desktop.svg\",\"contentUrl\":\"https:\/\/cdn.truesociety.com\/uploads\/2021\/03\/ts-logo-desktop.svg\",\"width\":1,\"height\":1,\"caption\":\"True Society Bridal\"},\"image\":{\"@id\":\"https:\/\/truesociety.com\/de\/#\/schema\/logo\/image\/\"},\"sameAs\":[\"https:\/\/www.facebook.com\/truesociety\/\",\"https:\/\/www.instagram.com\/truesociety\/\",\"https:\/\/www.youtube.com\/@truesocietybridal\",\"https:\/\/www.tiktok.com\/@truesociety\"]},{\"@type\":\"Question\",\"@id\":\"https:\/\/truesociety.com\/de\/unsere-designers\/oxford-street\/#faq-question-1692306011529\",\"position\":1,\"url\":\"https:\/\/truesociety.com\/de\/unsere-designers\/oxford-street\/#faq-question-1692306011529\",\"name\":\"WHAT IS OXFORD STREET?\",\"answerCount\":1,\"acceptedAnswer\":{\"@type\":\"Answer\",\"text\":\"Oxford Street is a unique designer collection of wedding dresses inspired by and carefully curated for our brides. We wanted to develop something truly special that you can call your own, which is why Oxford Street is available exclusively at select True Society stores. We recommend visiting our <a href=\\\"https:\/\/truesociety.com\/locations\/\\\">location page<\/a> and calling a True Society store near you to inquire if this collection is available in your area.\",\"inLanguage\":\"de-DE\"},\"inLanguage\":\"de-DE\"},{\"@type\":\"Question\",\"@id\":\"https:\/\/truesociety.com\/de\/unsere-designers\/oxford-street\/#faq-question-1692306032402\",\"position\":2,\"url\":\"https:\/\/truesociety.com\/de\/unsere-designers\/oxford-street\/#faq-question-1692306032402\",\"name\":\"WHAT SIZES DOES OXFORD STREET CARRY?\",\"answerCount\":1,\"acceptedAnswer\":{\"@type\":\"Answer\",\"text\":\"We have samples of Oxford Street wedding dresses in a wide variety of sizes in-store, with some available in plus sizes for you to try on.\",\"inLanguage\":\"de-DE\"},\"inLanguage\":\"de-DE\"}]}<\/script>\n<!-- \/ Yoast SEO Premium plugin. -->","yoast_head_json":{"title":"Oxford Street Brautkleider | True Society Brautmodengesch\u00e4fte","description":"True Society bridal shops feature the most extensive selection of Oxford Street designer wedding dresses in the area. Schedule an appointment today!","robots":{"index":"index","follow":"follow","max-snippet":"max-snippet:-1","max-image-preview":"max-image-preview:large","max-video-preview":"max-video-preview:-1"},"canonical":"https:\/\/truesociety.com\/de\/wp-json\/wp\/v2\/pages\/3519","og_locale":"de_DE","og_type":"article","og_title":"Oxford Street","og_description":"True Society bridal shops feature the most extensive selection of Oxford Street designer wedding dresses in the area. Schedule an appointment today!","og_url":"https:\/\/truesociety.com\/de\/unsere-designers\/oxford-street\/","og_site_name":"True Society Brautmodengesch\u00e4fte","article_publisher":"https:\/\/www.facebook.com\/truesociety\/","article_modified_time":"2025-11-20T21:07:18+00:00","og_image":[{"url":"https:\/\/cdn.truesociety.com\/uploads\/2024\/07\/Designer_OX_desktop.jpg","type":"","width":"","height":""}],"twitter_card":"summary_large_image","schema":{"@context":"https:\/\/schema.org","@graph":[{"@type":["WebPage","FAQPage"],"@id":"https:\/\/truesociety.com\/de\/unsere-designers\/oxford-street\/","url":"https:\/\/truesociety.com\/de\/unsere-designers\/oxford-street\/","name":"Oxford Street Brautkleider | True Society Brautmodengesch\u00e4fte","isPartOf":{"@id":"https:\/\/truesociety.com\/de\/#website"},"primaryImageOfPage":{"@id":"https:\/\/truesociety.com\/de\/unsere-designers\/oxford-street\/#primaryimage"},"image":{"@id":"https:\/\/truesociety.com\/de\/unsere-designers\/oxford-street\/#primaryimage"},"thumbnailUrl":"https:\/\/cdn.truesociety.com\/uploads\/2024\/07\/Designer_OX_desktop.jpg","datePublished":"2020-02-15T00:31:45+00:00","dateModified":"2025-11-20T21:07:18+00:00","description":"True Society bridal shops feature the most extensive selection of Oxford Street designer wedding dresses in the area. Schedule an appointment today!","breadcrumb":{"@id":"https:\/\/truesociety.com\/de\/unsere-designers\/oxford-street\/#breadcrumb"},"mainEntity":[{"@id":"https:\/\/truesociety.com\/de\/unsere-designers\/oxford-street\/#faq-question-1692306011529"},{"@id":"https:\/\/truesociety.com\/de\/unsere-designers\/oxford-street\/#faq-question-1692306032402"}],"inLanguage":"de-DE","potentialAction":[{"@type":"ReadAction","target":["https:\/\/truesociety.com\/de\/unsere-designers\/oxford-street\/"]}]},{"@type":"ImageObject","inLanguage":"de-DE","@id":"https:\/\/truesociety.com\/de\/unsere-designers\/oxford-street\/#primaryimage","url":"https:\/\/cdn.truesociety.com\/uploads\/2024\/07\/Designer_OX_desktop.jpg","contentUrl":"https:\/\/cdn.truesociety.com\/uploads\/2024\/07\/Designer_OX_desktop.jpg"},{"@type":"BreadcrumbList","@id":"https:\/\/truesociety.com\/de\/unsere-designers\/oxford-street\/#breadcrumb","itemListElement":[{"@type":"ListItem","position":1,"name":"Home","item":"https:\/\/truesociety.com\/de\/"},{"@type":"ListItem","position":2,"name":"Brautkleid-Designer","item":"https:\/\/truesociety.com\/de\/unsere-designers\/"},{"@type":"ListItem","position":3,"name":"Oxford Street"}]},{"@type":"WebSite","@id":"https:\/\/truesociety.com\/de\/#website","url":"https:\/\/truesociety.com\/de\/","name":"True Society Bridal Shops","description":"Your Wedding Dress Your Way","publisher":{"@id":"https:\/\/truesociety.com\/de\/#organization"},"potentialAction":[{"@type":"SearchAction","target":{"@type":"EntryPoint","urlTemplate":"https:\/\/truesociety.com\/de\/?s={search_term_string}"},"query-input":{"@type":"PropertyValueSpecification","valueRequired":true,"valueName":"search_term_string"}}],"inLanguage":"de-DE"},{"@type":"Organization","@id":"https:\/\/truesociety.com\/de\/#organization","name":"True Society Bridal","url":"https:\/\/truesociety.com\/de\/","logo":{"@type":"ImageObject","inLanguage":"de-DE","@id":"https:\/\/truesociety.com\/de\/#\/schema\/logo\/image\/","url":"https:\/\/cdn.truesociety.com\/uploads\/2021\/03\/ts-logo-desktop.svg","contentUrl":"https:\/\/cdn.truesociety.com\/uploads\/2021\/03\/ts-logo-desktop.svg","width":1,"height":1,"caption":"True Society Bridal"},"image":{"@id":"https:\/\/truesociety.com\/de\/#\/schema\/logo\/image\/"},"sameAs":["https:\/\/www.facebook.com\/truesociety\/","https:\/\/www.instagram.com\/truesociety\/","https:\/\/www.youtube.com\/@truesocietybridal","https:\/\/www.tiktok.com\/@truesociety"]},{"@type":"Question","@id":"https:\/\/truesociety.com\/de\/unsere-designers\/oxford-street\/#faq-question-1692306011529","position":1,"url":"https:\/\/truesociety.com\/de\/unsere-designers\/oxford-street\/#faq-question-1692306011529","name":"WHAT IS OXFORD STREET?","answerCount":1,"acceptedAnswer":{"@type":"Answer","text":"Oxford Street is a unique designer collection of wedding dresses inspired by and carefully curated for our brides. We wanted to develop something truly special that you can call your own, which is why Oxford Street is available exclusively at select True Society stores. We recommend visiting our <a href=\"https:\/\/truesociety.com\/locations\/\">location page<\/a> and calling a True Society store near you to inquire if this collection is available in your area.","inLanguage":"de-DE"},"inLanguage":"de-DE"},{"@type":"Question","@id":"https:\/\/truesociety.com\/de\/unsere-designers\/oxford-street\/#faq-question-1692306032402","position":2,"url":"https:\/\/truesociety.com\/de\/unsere-designers\/oxford-street\/#faq-question-1692306032402","name":"WHAT SIZES DOES OXFORD STREET CARRY?","answerCount":1,"acceptedAnswer":{"@type":"Answer","text":"We have samples of Oxford Street wedding dresses in a wide variety of sizes in-store, with some available in plus sizes for you to try on.","inLanguage":"de-DE"},"inLanguage":"de-DE"}]}},"_links":{"self":[{"href":"https:\/\/truesociety.com\/de\/wp-json\/wp\/v2\/pages\/3519","targetHints":{"allow":["GET"]}}],"collection":[{"href":"https:\/\/truesociety.com\/de\/wp-json\/wp\/v2\/pages"}],"about":[{"href":"https:\/\/truesociety.com\/de\/wp-json\/wp\/v2\/types\/page"}],"author":[{"embeddable":true,"href":"https:\/\/truesociety.com\/de\/wp-json\/wp\/v2\/users\/20"}],"replies":[{"embeddable":true,"href":"https:\/\/truesociety.com\/de\/wp-json\/wp\/v2\/comments?post=3519"}],"version-history":[{"count":34,"href":"https:\/\/truesociety.com\/de\/wp-json\/wp\/v2\/pages\/3519\/revisions"}],"predecessor-version":[{"id":37482,"href":"https:\/\/truesociety.com\/de\/wp-json\/wp\/v2\/pages\/3519\/revisions\/37482"}],"up":[{"embeddable":true,"href":"https:\/\/truesociety.com\/de\/wp-json\/wp\/v2\/pages\/3860"}],"wp:attachment":[{"href":"https:\/\/truesociety.com\/de\/wp-json\/wp\/v2\/media?parent=3519"}],"curies":[{"name":"wp","href":"https:\/\/api.w.org\/{rel}","templated":true}]}}