{"id":31301,"date":"2024-11-07T16:02:25","date_gmt":"2024-11-07T22:02:25","guid":{"rendered":"https:\/\/truesociety.com\/2024-mos-terms-and-conditions-zug\/"},"modified":"2024-12-02T16:06:00","modified_gmt":"2024-12-02T22:06:00","slug":"2024-mos-terms-and-conditions-zug","status":"publish","type":"page","link":"https:\/\/truesociety.com\/de\/2024-mos-terms-and-conditions-zug\/","title":{"rendered":"2024 MOS Terms and Conditions &#8211; ZUG"},"content":{"rendered":"\n<p><strong>TRUE SOCIETY IN-STORE &#8220;MAGIC OF THE SEASON GEWINNSPIEL&#8221;<\/strong>&nbsp;<\/p>\n\n\n\n<p><strong>TEILNAHMEBEDINGUNGEN BETREFFEND GEWINNSPIEL F\u00dcR SCHWEIZ (&#8220;Offizielle Regeln &#8211; Schweiz&#8221;)<\/strong>\u00a0<\/p>\n\n\n\n<p>Veranstalter und Sponsor des Gewinnspiels ist die WM Bridal Group GmbH, Bahnhofstrasse 13, 6300 Zug, Schweiz (&#8220;Sponsor&#8221;).&nbsp;<\/p>\n\n\n\n<p>Das Gewinnspiel findet bei True Society \u2013 Zug \/ True Brides AG, Bahnhofstrasse 13, 6300 Zug, Schweiz (&#8220;Teilnehmendes Gesch\u00e4ft&#8221;) statt.&nbsp;<\/p>\n\n\n\n<p>Mit der Teilnahme am Gewinnspiel erkl\u00e4rt sich der Teilnehmer mit den folgenden Teilnahmebedingungen einverstanden:&nbsp;<\/p>\n\n\n\n<p><strong>TEILNAHMEBERECHTIGUNG:<\/strong>\u00a0<br>Das Gewinnspiel Magic of the Season (&#8220;Gewinnspiel&#8221;) steht allen Personen die zum Zeitpunkt der Teilnahme mindestens achtzehn (18) Jahre alt sind. Mitarbeiter des Sponsors, des Teilnehmenden Gesch\u00e4fts, True Society AG sowie deren jeweilige Muttergesellschaften, Tochtergesellschaften, Abteilungen, verbundene Unternehmen, Lieferanten, Vertriebspartner und Werbeagenturen sowie deren unmittelbare Familienangeh\u00f6rige (Ehegatten, Eltern, Kinder und Geschwister und deren Ehegatten) und Haushaltsmitglieder (ob verwandt oder nicht) sind von der Teilnahme und vom Gewinn ausgeschlossen.\u00a0<\/p>\n\n\n\n<p><strong>GEWINNSPIELZEITRAUM:<\/strong>&nbsp;<\/p>\n\n\n\n<p>Das Gewinnspiel findet im Teilnehmenden Gesch\u00e4ft w\u00e4hrend der regul\u00e4ren Gesch\u00e4ftszeiten von Montag, 2. Dezember 2024 bis Dienstag, 24. Dezember\u202f2024 statt (&#8220;Gewinnspielzeitraum&#8221;). Die Uhr des Teilnehmenden Gesch\u00e4fts ist das offizielle Zeitmessger\u00e4t f\u00fcr dieses Gewinnspiel.&nbsp;<\/p>\n\n\n\n<p><strong>TEILNAHME:<\/strong>&nbsp;<\/p>\n\n\n\n<p>W\u00e4hrend des Gewinnspielzeitraums m\u00fcssen die Teilnehmer das Teilnehmende Gesch\u00e4ft besuchen und die verf\u00fcgbaren Briefumschl\u00e4ge mit den Gewinnen ausfindig machen. Dazu m\u00fcssen sie dem Mitarbeiter im Teilnehmenden Gesch\u00e4ft sagen, welchen Briefumschlag sie gerne haben m\u00f6chten. Die Teilnehmer m\u00fcssen alle im Teilnehmenden Gesch\u00e4ft ausgeh\u00e4ngten Hinweise beachten. Limit: Jeder Kunde\/Teilnehmer darf nur ein (1) Briefumschlag erhalten.&nbsp;<\/p>\n\n\n\n<p>Die Teilnahme ist kostenlos. Die Teilnehmer m\u00fcssen nur das Teilnehmende Gesch\u00e4ft besuchen und einen Briefumschlag ausw\u00e4hlen. Die Teilnahme am Gewinnspiel ist weder an einen Kauf noch irgendeine Zahlung gebunden. Durch einen Kauf wird die Gewinnchance nicht erh\u00f6ht. Es besteht kein Rechtsanspruch auf Teilnahme oder Zugang zum Gewinnspiel und der Rechtsweg ist ausgeschlossen.&nbsp;<\/p>\n\n\n\n<p><strong>PREISE:<\/strong>&nbsp;<br>Die Preise werden nachfolgend beschrieben:&nbsp;<\/p>\n\n\n\n<p>Es gibt f\u00fcnf (5) verschiedene Preiskategorien pro Teilnehmendes Gesch\u00e4ft, die man gewinnen kann. Jeder Gewinner erh\u00e4lt einen der unten aufgef\u00fchrten Preise in Form eines Geschenkgutscheins. <strong>Geschenkgutscheine sind nur f\u00fcr neue Bestellungen oder Eink\u00e4ufe von Hochzeitskleidern w\u00e4hrend des Gewinnspielzeitraums g\u00fcltig und m\u00fcssen am gleichen Tag wie der Beratungstermin eingel\u00f6st werden. Die Einl\u00f6sung von Geschenkgutscheinen ist nur im Teilnehmenden Gesch\u00e4ft m\u00f6glich, in dem der Geschenkgutschein gewonnen wurde.<\/strong> Der maximale ARV (Approximate Retail Value, ungef\u00e4hrer Verkaufswert) der einzelnen Preise sieht wie folgt aus.&nbsp;<\/p>\n\n\n\n<p>1 \u2013 Kostenloses Hochzeitskleid (CHF 499 bis CHF 8\u2018699) \u2013 keine Extras, keine Sonderanfertigung, nur das Kleid&nbsp;<\/p>\n\n\n\n<p>11 \u2013 CHF 500 Rabatt auf ein Hochzeitskleid&nbsp;<\/p>\n\n\n\n<p>28 \u2013 CHF 250 Rabatt auf ein Hochzeitskleid&nbsp;<\/p>\n\n\n\n<p>28 \u2013 CHF 150 Rabatt auf ein Hochzeitskleid&nbsp;<\/p>\n\n\n\n<p>35 \u2013 CHF 50 Rabatt auf ein Hochzeitskleid&nbsp;<\/p>\n\n\n\n<p>Die Gewinne werden nur vergeben, wenn der potenzielle Gewinner diese Offiziellen Regeln &#8211; Schweiz vollst\u00e4ndig erf\u00fcllt. Alle Teile des Gewinns sind pers\u00f6nlich, d.h. nicht abtretbar und nicht \u00fcbertragbar. Gewinne, die in Verkaufsstellen-, Online-, Fernseh- und Druckwerbung, Werbeverpackungen und anderen Werbegeschenkmaterialien abgebildet sind, dienen nur zur Veranschaulichung. Alle Einzelheiten und sonstigen Einschr\u00e4nkungen des Gewinns, die nicht in diesen Offiziellen Regeln &#8211; Schweiz aufgef\u00fchrt sind, werden vom Sponsor nach eigenem Ermessen festgelegt. Es wird keine Bargeldalternative als Ersatz f\u00fcr den Gewinn vergeben. Der Sponsor beh\u00e4lt sich jedoch das Recht vor, nach eigenem Ermessen einen Gewinn durch einen anderen Gewinn von vergleichbarem Wert zu ersetzen, wenn ein aufgelisteter Gewinn aus irgendeinem Grund ganz oder teilweise nicht verf\u00fcgbar ist.&nbsp;<\/p>\n\n\n\n<p><strong>STEUERN:<\/strong>&nbsp;<\/p>\n\n\n\n<p>Gewinne unterliegen im Allgemeinen nicht der Schweizer Einkommenssteuer, aber die Schweizer Kantone k\u00f6nnen eine Schenkungssteuer erheben, sofern der Empf\u00e4nger des Preises in der Schweiz ans\u00e4ssig ist. Gewinne unterliegen zwar nicht der Schweizer Einkommenssteuer, sind aber grunds\u00e4tzlich in der individuellen Steuererkl\u00e4rung anzugeben.&nbsp;<\/p>\n\n\n\n<p><strong>DISQUALIFIKATION:<\/strong>&nbsp;<br>Jeder Versto\u00df gegen diese Offiziellen Regeln &#8211; Schweiz durch den Gewinner f\u00fchrt zur Disqualifikation des Gewinners als Gewinner des Gewinnspiels und alle Privilegien als Gewinner werden sofort beendet.&nbsp;<\/p>\n\n\n\n<p><strong>BEENDIGUNG DES GEWINNSPIELS:<\/strong>&nbsp;<\/p>\n\n\n\n<p>Der Sponsor beh\u00e4lt sich das Recht vor, das Gewinnspiel nach eigenem Ermessen aus sachlichem Grund abzubrechen, zu beenden, zu modifizieren, zu verl\u00e4ngern oder auszusetzen, insbesondere wenn eine sichere, faire und ordnungsgem\u00e4\u00dfe Durchf\u00fchrung des Gewinnspiels beeintr\u00e4chtigt ist. Der Sponsor \u00fcbernimmt keine Haftung f\u00fcr entgangene Gewinnchancen.&nbsp;<\/p>\n\n\n\n<p><strong>HAFTUNGSBESCHR\u00c4NKUNG:<\/strong>&nbsp;<\/p>\n\n\n\n<p>Der Sponsor, seine Tochtergesellschaften und verbundenen Unternehmen \u00fcbernehmen keine Verantwortung oder Haftung f\u00fcr: Fehler, Unterlassungen, Unterbrechungen, L\u00f6schungen, Defekte, Betriebs- oder \u00dcbertragungsverz\u00f6gerungen, Diebstahl oder Zerst\u00f6rung oder unbefugten Zugriff auf oder \u00c4nderungen von Materialien. Der Sponsor haftet nur bei Vorsatz oder grober Fahrl\u00e4ssigkeit. F\u00fcr Sch\u00e4den aus der Verletzung des Lebens, des K\u00f6rpers oder der Gesundheit haftet der Sponsor auch bei leichter Fahrl\u00e4ssigkeit.&nbsp;&nbsp;<\/p>\n\n\n\n<p><strong>ANWENDBARES RECHT:<\/strong>&nbsp;<\/p>\n\n\n\n<p>Diese Offiziellen Regeln &#8211; Schweiz unterliegen schweizerischem Recht.&nbsp;<\/p>\n\n\n\n<p><strong>SONSTIGES:<\/strong>&nbsp;<\/p>\n\n\n\n<p>Die Ung\u00fcltigkeit oder Nichtdurchsetzbarkeit einer der in diesen Offiziellen Regeln &#8211; Schweiz enthaltenen Bestimmungen ber\u00fchrt in keiner Weise die G\u00fcltigkeit oder Durchsetzbarkeit der anderen Bestimmungen. F\u00fcr den Fall, dass eine Bestimmung als rechtswidrig, ung\u00fcltig oder nicht durchsetzbar eingestuft wird, bleiben diese Offiziellen Regeln &#8211; Schweiz weiterhin in Kraft und sind in \u00dcbereinstimmung mit ihren Bestimmungen so auszulegen, als ob die ung\u00fcltige oder rechtswidrige Bestimmung hier nicht enthalten w\u00e4re. Diese Offiziellen Regeln &#8211; Schweiz k\u00f6nnen vom Sponsor jederzeit und ohne Vorank\u00fcndigung ge\u00e4ndert werden, sofern solche \u00c4nderungen notwendig sind, um eine ordnungsgem\u00e4\u00dfe und sichere Durchf\u00fchrung des Gewinnspiels zu gew\u00e4hrleisten und insbesondere Missbrauch oder Betrug zu verhindern.&nbsp;<\/p>\n","protected":false},"excerpt":{"rendered":"<p>TRUE SOCIETY IN-STORE &#8220;MAGIC OF THE SEASON GEWINNSPIEL&#8221;&nbsp; TEILNAHMEBEDINGUNGEN BETREFFEND GEWINNSPIEL F\u00dcR SCHWEIZ (&#8220;Offizielle Regeln &#8211; Schweiz&#8221;)\u00a0 Veranstalter und Sponsor des Gewinnspiels ist die WM Bridal Group GmbH, Bahnhofstrasse 13, 6300 Zug, Schweiz (&#8220;Sponsor&#8221;).&nbsp; Das Gewinnspiel findet bei True Society \u2013 Zug \/ True Brides AG, Bahnhofstrasse 13, 6300 Zug,&#8230;<\/p>\n","protected":false},"author":34,"featured_media":0,"parent":0,"menu_order":0,"comment_status":"closed","ping_status":"closed","template":"","meta":{"_acf_changed":false,"page_banner_remove":false,"page_banner_override":false,"page_banner_text":"","page_banner_link_text":"","page_banner_link_url":"","page_banner_bg_color":"","page_banner_text_color":"","page_banner_start_date":"","page_banner_end_date":"","footnotes":""},"class_list":["post-31301","page","type-page","status-publish","hentry"],"acf":[],"yoast_head":"<!-- This site is optimized with the Yoast SEO Premium plugin v25.7.1 (Yoast SEO v25.8) - https:\/\/yoast.com\/wordpress\/plugins\/seo\/ -->\n<title>2024 MOS Terms and Conditions - ZUG | True Society Brautmodengesch\u00e4fte<\/title>\n<meta name=\"robots\" content=\"index, follow, max-snippet:-1, max-image-preview:large, max-video-preview:-1\" \/>\n<link rel=\"canonical\" href=\"https:\/\/truesociety.com\/de\/wp-json\/wp\/v2\/pages\/31301\" \/>\n<meta property=\"og:locale\" content=\"de_DE\" \/>\n<meta property=\"og:type\" content=\"article\" \/>\n<meta property=\"og:title\" content=\"2024 MOS Terms and Conditions - ZUG\" \/>\n<meta property=\"og:description\" content=\"TRUE SOCIETY IN-STORE &#8220;MAGIC OF THE SEASON GEWINNSPIEL&#8221;&nbsp; TEILNAHMEBEDINGUNGEN BETREFFEND GEWINNSPIEL F\u00dcR SCHWEIZ (&#8220;Offizielle Regeln &#8211; Schweiz&#8221;)\u00a0 Veranstalter und Sponsor des Gewinnspiels ist die WM Bridal Group GmbH, Bahnhofstrasse 13, 6300 Zug, Schweiz (&#8220;Sponsor&#8221;).&nbsp; Das Gewinnspiel findet bei True Society \u2013 Zug \/ True Brides AG, Bahnhofstrasse 13, 6300 Zug,...\" \/>\n<meta property=\"og:url\" content=\"https:\/\/truesociety.com\/2024-mos-terms-and-conditions-zug\/\" \/>\n<meta property=\"og:site_name\" content=\"True Society Brautmodengesch\u00e4fte\" \/>\n<meta property=\"article:publisher\" content=\"https:\/\/www.facebook.com\/truesociety\/\" \/>\n<meta property=\"article:modified_time\" content=\"2024-12-02T22:06:00+00:00\" \/>\n<meta name=\"twitter:card\" content=\"summary_large_image\" \/>\n<script type=\"application\/ld+json\" class=\"yoast-schema-graph\">{\"@context\":\"https:\/\/schema.org\",\"@graph\":[{\"@type\":\"WebPage\",\"@id\":\"https:\/\/truesociety.com\/2024-mos-terms-and-conditions-zug\/\",\"url\":\"https:\/\/truesociety.com\/2024-mos-terms-and-conditions-zug\/\",\"name\":\"2024 MOS Terms and Conditions - ZUG | True Society Brautmodengesch\u00e4fte\",\"isPartOf\":{\"@id\":\"https:\/\/truesociety.com\/de\/#website\"},\"datePublished\":\"2024-11-07T22:02:25+00:00\",\"dateModified\":\"2024-12-02T22:06:00+00:00\",\"breadcrumb\":{\"@id\":\"https:\/\/truesociety.com\/2024-mos-terms-and-conditions-zug\/#breadcrumb\"},\"inLanguage\":\"de-DE\",\"potentialAction\":[{\"@type\":\"ReadAction\",\"target\":[\"https:\/\/truesociety.com\/2024-mos-terms-and-conditions-zug\/\"]}]},{\"@type\":\"BreadcrumbList\",\"@id\":\"https:\/\/truesociety.com\/2024-mos-terms-and-conditions-zug\/#breadcrumb\",\"itemListElement\":[{\"@type\":\"ListItem\",\"position\":1,\"name\":\"Home\",\"item\":\"https:\/\/prodtobe.truesociety.com\/de\/\"},{\"@type\":\"ListItem\",\"position\":2,\"name\":\"2024 MOS Terms and Conditions &#8211; ZUG\"}]},{\"@type\":\"WebSite\",\"@id\":\"https:\/\/truesociety.com\/de\/#website\",\"url\":\"https:\/\/truesociety.com\/de\/\",\"name\":\"True Society Bridal Shops\",\"description\":\"Your Wedding Dress Your Way\",\"publisher\":{\"@id\":\"https:\/\/truesociety.com\/de\/#organization\"},\"potentialAction\":[{\"@type\":\"SearchAction\",\"target\":{\"@type\":\"EntryPoint\",\"urlTemplate\":\"https:\/\/truesociety.com\/de\/?s={search_term_string}\"},\"query-input\":{\"@type\":\"PropertyValueSpecification\",\"valueRequired\":true,\"valueName\":\"search_term_string\"}}],\"inLanguage\":\"de-DE\"},{\"@type\":\"Organization\",\"@id\":\"https:\/\/truesociety.com\/de\/#organization\",\"name\":\"True Society Bridal\",\"url\":\"https:\/\/truesociety.com\/de\/\",\"logo\":{\"@type\":\"ImageObject\",\"inLanguage\":\"de-DE\",\"@id\":\"https:\/\/truesociety.com\/de\/#\/schema\/logo\/image\/\",\"url\":\"https:\/\/cdn.truesociety.com\/uploads\/2021\/03\/ts-logo-desktop.svg\",\"contentUrl\":\"https:\/\/cdn.truesociety.com\/uploads\/2021\/03\/ts-logo-desktop.svg\",\"width\":1,\"height\":1,\"caption\":\"True Society Bridal\"},\"image\":{\"@id\":\"https:\/\/truesociety.com\/de\/#\/schema\/logo\/image\/\"},\"sameAs\":[\"https:\/\/www.facebook.com\/truesociety\/\",\"https:\/\/www.instagram.com\/truesociety\/\",\"https:\/\/www.youtube.com\/@truesocietybridal\",\"https:\/\/www.tiktok.com\/@truesociety\"]}]}<\/script>\n<!-- \/ Yoast SEO Premium plugin. -->","yoast_head_json":{"title":"2024 MOS Terms and Conditions - ZUG | True Society Brautmodengesch\u00e4fte","robots":{"index":"index","follow":"follow","max-snippet":"max-snippet:-1","max-image-preview":"max-image-preview:large","max-video-preview":"max-video-preview:-1"},"canonical":"https:\/\/truesociety.com\/de\/wp-json\/wp\/v2\/pages\/31301","og_locale":"de_DE","og_type":"article","og_title":"2024 MOS Terms and Conditions - ZUG","og_description":"TRUE SOCIETY IN-STORE &#8220;MAGIC OF THE SEASON GEWINNSPIEL&#8221;&nbsp; TEILNAHMEBEDINGUNGEN BETREFFEND GEWINNSPIEL F\u00dcR SCHWEIZ (&#8220;Offizielle Regeln &#8211; Schweiz&#8221;)\u00a0 Veranstalter und Sponsor des Gewinnspiels ist die WM Bridal Group GmbH, Bahnhofstrasse 13, 6300 Zug, Schweiz (&#8220;Sponsor&#8221;).&nbsp; Das Gewinnspiel findet bei True Society \u2013 Zug \/ True Brides AG, Bahnhofstrasse 13, 6300 Zug,...","og_url":"https:\/\/truesociety.com\/2024-mos-terms-and-conditions-zug\/","og_site_name":"True Society Brautmodengesch\u00e4fte","article_publisher":"https:\/\/www.facebook.com\/truesociety\/","article_modified_time":"2024-12-02T22:06:00+00:00","twitter_card":"summary_large_image","schema":{"@context":"https:\/\/schema.org","@graph":[{"@type":"WebPage","@id":"https:\/\/truesociety.com\/2024-mos-terms-and-conditions-zug\/","url":"https:\/\/truesociety.com\/2024-mos-terms-and-conditions-zug\/","name":"2024 MOS Terms and Conditions - ZUG | True Society Brautmodengesch\u00e4fte","isPartOf":{"@id":"https:\/\/truesociety.com\/de\/#website"},"datePublished":"2024-11-07T22:02:25+00:00","dateModified":"2024-12-02T22:06:00+00:00","breadcrumb":{"@id":"https:\/\/truesociety.com\/2024-mos-terms-and-conditions-zug\/#breadcrumb"},"inLanguage":"de-DE","potentialAction":[{"@type":"ReadAction","target":["https:\/\/truesociety.com\/2024-mos-terms-and-conditions-zug\/"]}]},{"@type":"BreadcrumbList","@id":"https:\/\/truesociety.com\/2024-mos-terms-and-conditions-zug\/#breadcrumb","itemListElement":[{"@type":"ListItem","position":1,"name":"Home","item":"https:\/\/prodtobe.truesociety.com\/de\/"},{"@type":"ListItem","position":2,"name":"2024 MOS Terms and Conditions &#8211; ZUG"}]},{"@type":"WebSite","@id":"https:\/\/truesociety.com\/de\/#website","url":"https:\/\/truesociety.com\/de\/","name":"True Society Bridal Shops","description":"Your Wedding Dress Your Way","publisher":{"@id":"https:\/\/truesociety.com\/de\/#organization"},"potentialAction":[{"@type":"SearchAction","target":{"@type":"EntryPoint","urlTemplate":"https:\/\/truesociety.com\/de\/?s={search_term_string}"},"query-input":{"@type":"PropertyValueSpecification","valueRequired":true,"valueName":"search_term_string"}}],"inLanguage":"de-DE"},{"@type":"Organization","@id":"https:\/\/truesociety.com\/de\/#organization","name":"True Society Bridal","url":"https:\/\/truesociety.com\/de\/","logo":{"@type":"ImageObject","inLanguage":"de-DE","@id":"https:\/\/truesociety.com\/de\/#\/schema\/logo\/image\/","url":"https:\/\/cdn.truesociety.com\/uploads\/2021\/03\/ts-logo-desktop.svg","contentUrl":"https:\/\/cdn.truesociety.com\/uploads\/2021\/03\/ts-logo-desktop.svg","width":1,"height":1,"caption":"True Society Bridal"},"image":{"@id":"https:\/\/truesociety.com\/de\/#\/schema\/logo\/image\/"},"sameAs":["https:\/\/www.facebook.com\/truesociety\/","https:\/\/www.instagram.com\/truesociety\/","https:\/\/www.youtube.com\/@truesocietybridal","https:\/\/www.tiktok.com\/@truesociety"]}]}},"_links":{"self":[{"href":"https:\/\/truesociety.com\/de\/wp-json\/wp\/v2\/pages\/31301","targetHints":{"allow":["GET"]}}],"collection":[{"href":"https:\/\/truesociety.com\/de\/wp-json\/wp\/v2\/pages"}],"about":[{"href":"https:\/\/truesociety.com\/de\/wp-json\/wp\/v2\/types\/page"}],"author":[{"embeddable":true,"href":"https:\/\/truesociety.com\/de\/wp-json\/wp\/v2\/users\/34"}],"replies":[{"embeddable":true,"href":"https:\/\/truesociety.com\/de\/wp-json\/wp\/v2\/comments?post=31301"}],"version-history":[{"count":2,"href":"https:\/\/truesociety.com\/de\/wp-json\/wp\/v2\/pages\/31301\/revisions"}],"predecessor-version":[{"id":31545,"href":"https:\/\/truesociety.com\/de\/wp-json\/wp\/v2\/pages\/31301\/revisions\/31545"}],"wp:attachment":[{"href":"https:\/\/truesociety.com\/de\/wp-json\/wp\/v2\/media?parent=31301"}],"curies":[{"name":"wp","href":"https:\/\/api.w.org\/{rel}","templated":true}]}}