{"id":25026,"date":"2023-11-01T08:42:05","date_gmt":"2023-11-01T13:42:05","guid":{"rendered":"https:\/\/truesociety.com\/data-protection-information-notice-hamburg-germany\/"},"modified":"2024-09-04T09:29:03","modified_gmt":"2024-09-04T14:29:03","slug":"data-protection-information-notice-hamburg-germany","status":"publish","type":"page","link":"https:\/\/truesociety.com\/de\/data-protection-information-notice-hamburg-germany\/","title":{"rendered":"DATA PROTECTION INFORMATION NOTICE &#8211; Hamburg Germany"},"content":{"rendered":"\n<p><strong>DATENSCHUTZERKL\u00c4RUNG<\/strong> <\/p>\n\n\n\n<p>1. True Society \u2013 Hamburg \/ True Brides Germany GmbH, \u00dcberseeboulevard 5, 20457 Hamburg, Deutschland (\u201cTeilnehmendes Gesch\u00e4ft\u201d, \u201cWir\u201d, \u201cUns\u201d) ist verantwortlich f\u00fcr die Verarbeitung personenbezogener Daten als Verantwortliche im Sinne der Datenschutzgrundverordnung (DSGVO) im Zusammenhang mit dem Gewinnspiel, an dem Sie teilnehmen und wie in den entsprechenden Teilnahmebedingungen dargelegt. <\/p>\n\n\n\n<p><strong>Datenkategorien und Verarbeitungszweck:<\/strong> Die Verarbeitung Ihrer personenbezogenen Daten (n\u00e4mlich Telefonnummer, E-Mail-Adresse, Vorname, Nachname, Postanschrift) erfolgt zum Zwecke der Abwicklung des Gewinnspiels. Die personenbezogenen Daten werden verwendet, um (i) die Teilnehmer zu identifizieren, (ii) die Gewinner des Gewinnspiels zu ziehen, (iii) sie \u00fcber die Gewinne zu benachrichtigen und (iv) etwaige Gewinne zu verarbeiten.      <\/p>\n\n\n\n<p>3. <strong>Rechtsgrundlage<\/strong> f\u00fcr diese Datenverarbeitung ist die Erf\u00fcllung des Vertrages zwischen Ihnen und Uns gem\u00e4\u00df Art. 6 (1) lit. b) der DSGVO. Die Bereitstellung der personenbezogenen Daten ist freiwillig. Die Nichtbereitstellung der personenbezogenen Daten hat jedoch zur Folge, dass Sie nicht an dem Gewinnspiel teilnehmen und den Gewinn nicht in Anspruch nehmen k\u00f6nnen.     <\/p>\n\n\n\n<p>4. <strong>Daten\u00fcbermittlung<\/strong>: Die Daten werden nur dann an Dritte (z.B. Versanddienstleister) \u00fcbermittelt, wenn dies f\u00fcr die Abwicklung des Gewinnspiels erforderlich ist. <\/p>\n\n\n\n<p>5. <strong>Aufbewahrung der Daten:<\/strong> Die Daten werden gel\u00f6scht, sobald das Gewinnspiel abgeschlossen ist. In keinem Fall werden die Daten l\u00e4nger als ein (1) Jahr gespeichert, es sei denn, Wir sind verpflichtet oder berechtigt, die Daten l\u00e4nger aufzubewahren (z.B. aus steuerlichen Gr\u00fcnden).  <\/p>\n\n\n\n<p>6. <strong>Ihre Rechte:<\/strong> Als betroffene Person haben Sie verschiedene Rechte im Zusammenhang mit der Verarbeitung Ihrer personenbezogenen Daten. Unter den nach geltendem Recht (d. h. der DSGVO) festgelegten Bedingungen, haben Sie die folgenden Rechte:  <\/p>\n\n\n\n<p><strong>Auskunftsrecht:<\/strong> Sie haben das Recht, Auskunft dar\u00fcber zu verlangen, ob Sie betreffende Personenbezogene Daten verarbeitet werden; <\/p>\n\n\n\n<p>ist dies der Fall, haben Sie das Recht, Auskunft \u00fcber die Personenbezogenen Daten zu verlangen. Zu den Informationen, \u00fcber die Auskunft verlangt werden kann, geh\u00f6ren u.a. die Zwecke der Verarbeitung, die Kategorien der betreffenden Personenbezogenen Daten und die Empf\u00e4nger oder Kategorien von Empf\u00e4ngern, gegen\u00fcber denen die Personenbezogenen Daten offengelegt worden sind oder noch offengelegt werden.  <\/p>\n\n\n\n<p>b. Sie haben das <strong>Recht, eine Kopie<\/strong> der Personenbezogenen Daten, die Gegenstand der Verarbeitung sind, zu erhalten. F\u00fcr alle weiteren Kopien, die Sie verlangen, k\u00f6nnen Wir gegebenenfalls ein angemessenes Entgelt auf der Grundlage der Verwaltungskosten berechnen.   <\/p>\n\n\n\n<p>c. <strong>Recht auf Berichtigung:<\/strong> Sie haben das Recht, von Uns die Berichtigung unrichtiger Sie betreffender Personenbezogener Daten zu verlangen. <\/p>\n\n\n\n<p>Je nach Zweck der Verarbeitung haben Sie das Recht, die Vervollst\u00e4ndigung unvollst\u00e4ndiger Personenbezogener Daten <\/p>\n\n\n\n<p>\u2013 auch mittels einer erg\u00e4nzenden Erkl\u00e4rung \u2013 zu verlangen. <\/p>\n\n\n\n<p>d. <strong>Recht auf L\u00f6schung<\/strong> (Recht auf Vergessenwerden): Sie haben das Recht, von Uns die L\u00f6schung Ihrer Personenbezogenen Daten zu verlangen. <\/p>\n\n\n\n<p><strong>Recht auf Einschr\u00e4nkung der Verarbeitung:<\/strong> Sie haben das Recht, eine Einschr\u00e4nkung der Verarbeitung Ihrer Personenbezogenen Daten zu verlangen. In diesem  <\/p>\n\n\n\n<p>Fall werden die entsprechenden Daten markiert und d\u00fcrfen von Uns nur f\u00fcr bestimmte Zwecke verarbeitet werden. <\/p>\n\n\n\n<p>f. <strong>Recht auf Daten\u00fcbertragbarkeit:<\/strong> Sie haben das Recht, die Sie betreffenden Personenbezogenen Daten, die Sie Uns zur Verf\u00fcgung gestellt haben, in einem strukturierten, g\u00e4ngigen und maschinenlesbaren Format zu erhalten, und Sie haben das Recht, diese Personenbezogenen Daten an eine andere Stelle ohne Behinderung durch Uns zu \u00fcbermitteln. <\/p>\n\n\n\n<p>g. <strong>Widerspruchsrecht:<\/strong> <\/p>\n\n\n\n<p>Sie haben das Recht, der Verarbeitung Ihrer Personenbezogenen Daten durch Uns jederzeit aus Gr\u00fcnden, die sich aus Ihrer besonderen Situation ergeben, zu widersprechen, und Wir sind gegebenenfalls verpflichtet, die Verarbeitung Ihrer Personenbezogenen Daten einzustellen. Wenn Sie ein Widerspruchsrecht aus\u00fcben, werden Wir Ihre Personenbezogenen Daten nicht l\u00e4nger zu diesen Zwecken Verarbeiten. Durch die Aus\u00fcbung dieses Rechts entstehen keine Kosten. Ein solches Widerspruchsrecht besteht unter Umst\u00e4nden nicht, insbesondere wenn die Verarbeitung Ihrer Personenbezogenen Daten erforderlich ist, um vor dem Abschluss eines Vertrages Ma\u00dfnahmen zu ergreifen oder einen bereits geschlossenen Vertrag zu erf\u00fcllen.    <\/p>\n\n\n\n<p>Bitte beachten Sie, dass die vorstehend genannten Rechte nach den geltenden datenschutzrechtlichen Bestimmungen eingeschr\u00e4nkt sein k\u00f6nnen. <\/p>\n\n\n\n<p>Im Falle von Beschwerden haben Sie ferner das Recht, bei der zust\u00e4ndigen Aufsichtsbeh\u00f6rde eine Beschwerde einzureichen, insbesondere in dem Mitgliedstaat Ihres <\/p>\n\n\n\n<p>gew\u00f6hnlichen Aufenthalts oder des behaupteten Versto\u00dfes gegen die DSGVO. <\/p>\n\n\n\n<p>7. <strong>Kontakt:<\/strong> Wenn Sie Ihre Rechte auf Auskunft, Berichtigung, L\u00f6schung, Einschr\u00e4nkung der Verarbeitung oder Widerspruch gegen die Datenverarbeitung geltend machen wollen, wenden Sie sich bitte per E-Mail an unseren Datenschutzbeauftragten unter: <a href=\"mailto:dataprivacy@truesociety.com\" target=\"_blank\" rel=\"noreferrer noopener\"><a href=\"mailto:dataprivacy@truesociety.com\">dataprivacy@truesociety.com<\/a>.<\/a><\/p>\n","protected":false},"excerpt":{"rendered":"<p>DATENSCHUTZERKL\u00c4RUNG 1. True Society \u2013 Hamburg \/ True Brides Germany GmbH, \u00dcberseeboulevard 5, 20457 Hamburg, Deutschland (\u201cTeilnehmendes Gesch\u00e4ft\u201d, \u201cWir\u201d, \u201cUns\u201d) ist verantwortlich f\u00fcr die Verarbeitung personenbezogener Daten als Verantwortliche im Sinne der Datenschutzgrundverordnung (DSGVO) im Zusammenhang mit dem Gewinnspiel, an dem Sie teilnehmen und wie in den entsprechenden Teilnahmebedingungen dargelegt&#8230;.<\/p>\n","protected":false},"author":32,"featured_media":0,"parent":0,"menu_order":0,"comment_status":"closed","ping_status":"closed","template":"","meta":{"_acf_changed":false,"page_banner_remove":false,"page_banner_override":false,"page_banner_text":"","page_banner_link_text":"","page_banner_link_url":"","page_banner_bg_color":"","page_banner_text_color":"","page_banner_start_date":"","page_banner_end_date":"","footnotes":""},"class_list":["post-25026","page","type-page","status-publish","hentry"],"acf":[],"yoast_head":"<!-- This site is optimized with the Yoast SEO Premium plugin v25.7.1 (Yoast SEO v25.8) - https:\/\/yoast.com\/wordpress\/plugins\/seo\/ -->\n<title>DATA PROTECTION INFORMATION NOTICE - Hamburg Germany | True Society Brautmodengesch\u00e4fte<\/title>\n<meta name=\"robots\" content=\"index, follow, max-snippet:-1, max-image-preview:large, max-video-preview:-1\" \/>\n<link rel=\"canonical\" href=\"https:\/\/truesociety.com\/de\/wp-json\/wp\/v2\/pages\/25026\" \/>\n<meta property=\"og:locale\" content=\"de_DE\" \/>\n<meta property=\"og:type\" content=\"article\" \/>\n<meta property=\"og:title\" content=\"DATA PROTECTION INFORMATION NOTICE - Hamburg Germany\" \/>\n<meta property=\"og:description\" content=\"DATENSCHUTZERKL\u00c4RUNG 1. True Society \u2013 Hamburg \/ True Brides Germany GmbH, \u00dcberseeboulevard 5, 20457 Hamburg, Deutschland (\u201cTeilnehmendes Gesch\u00e4ft\u201d, \u201cWir\u201d, \u201cUns\u201d) ist verantwortlich f\u00fcr die Verarbeitung personenbezogener Daten als Verantwortliche im Sinne der Datenschutzgrundverordnung (DSGVO) im Zusammenhang mit dem Gewinnspiel, an dem Sie teilnehmen und wie in den entsprechenden Teilnahmebedingungen dargelegt....\" \/>\n<meta property=\"og:url\" content=\"https:\/\/truesociety.com\/data-protection-information-notice-hamburg-germany\/\" \/>\n<meta property=\"og:site_name\" content=\"True Society Brautmodengesch\u00e4fte\" \/>\n<meta property=\"article:publisher\" content=\"https:\/\/www.facebook.com\/truesociety\/\" \/>\n<meta property=\"article:modified_time\" content=\"2024-09-04T14:29:03+00:00\" \/>\n<meta name=\"twitter:card\" content=\"summary_large_image\" \/>\n<script type=\"application\/ld+json\" class=\"yoast-schema-graph\">{\"@context\":\"https:\/\/schema.org\",\"@graph\":[{\"@type\":\"WebPage\",\"@id\":\"https:\/\/truesociety.com\/data-protection-information-notice-hamburg-germany\/\",\"url\":\"https:\/\/truesociety.com\/data-protection-information-notice-hamburg-germany\/\",\"name\":\"DATA PROTECTION INFORMATION NOTICE - Hamburg Germany | True Society Brautmodengesch\u00e4fte\",\"isPartOf\":{\"@id\":\"https:\/\/truesociety.com\/de\/#website\"},\"datePublished\":\"2023-11-01T13:42:05+00:00\",\"dateModified\":\"2024-09-04T14:29:03+00:00\",\"breadcrumb\":{\"@id\":\"https:\/\/truesociety.com\/data-protection-information-notice-hamburg-germany\/#breadcrumb\"},\"inLanguage\":\"de-DE\",\"potentialAction\":[{\"@type\":\"ReadAction\",\"target\":[\"https:\/\/truesociety.com\/data-protection-information-notice-hamburg-germany\/\"]}]},{\"@type\":\"BreadcrumbList\",\"@id\":\"https:\/\/truesociety.com\/data-protection-information-notice-hamburg-germany\/#breadcrumb\",\"itemListElement\":[{\"@type\":\"ListItem\",\"position\":1,\"name\":\"Home\",\"item\":\"https:\/\/truesociety.com\/de\/\"},{\"@type\":\"ListItem\",\"position\":2,\"name\":\"DATA PROTECTION INFORMATION NOTICE &#8211; Hamburg Germany\"}]},{\"@type\":\"WebSite\",\"@id\":\"https:\/\/truesociety.com\/de\/#website\",\"url\":\"https:\/\/truesociety.com\/de\/\",\"name\":\"True Society Bridal Shops\",\"description\":\"Your Wedding Dress Your Way\",\"publisher\":{\"@id\":\"https:\/\/truesociety.com\/de\/#organization\"},\"potentialAction\":[{\"@type\":\"SearchAction\",\"target\":{\"@type\":\"EntryPoint\",\"urlTemplate\":\"https:\/\/truesociety.com\/de\/?s={search_term_string}\"},\"query-input\":{\"@type\":\"PropertyValueSpecification\",\"valueRequired\":true,\"valueName\":\"search_term_string\"}}],\"inLanguage\":\"de-DE\"},{\"@type\":\"Organization\",\"@id\":\"https:\/\/truesociety.com\/de\/#organization\",\"name\":\"True Society Bridal\",\"url\":\"https:\/\/truesociety.com\/de\/\",\"logo\":{\"@type\":\"ImageObject\",\"inLanguage\":\"de-DE\",\"@id\":\"https:\/\/truesociety.com\/de\/#\/schema\/logo\/image\/\",\"url\":\"https:\/\/cdn.truesociety.com\/uploads\/2021\/03\/ts-logo-desktop.svg\",\"contentUrl\":\"https:\/\/cdn.truesociety.com\/uploads\/2021\/03\/ts-logo-desktop.svg\",\"width\":1,\"height\":1,\"caption\":\"True Society Bridal\"},\"image\":{\"@id\":\"https:\/\/truesociety.com\/de\/#\/schema\/logo\/image\/\"},\"sameAs\":[\"https:\/\/www.facebook.com\/truesociety\/\",\"https:\/\/www.instagram.com\/truesociety\/\",\"https:\/\/www.youtube.com\/@truesocietybridal\",\"https:\/\/www.tiktok.com\/@truesociety\"]}]}<\/script>\n<!-- \/ Yoast SEO Premium plugin. -->","yoast_head_json":{"title":"DATA PROTECTION INFORMATION NOTICE - Hamburg Germany | True Society Brautmodengesch\u00e4fte","robots":{"index":"index","follow":"follow","max-snippet":"max-snippet:-1","max-image-preview":"max-image-preview:large","max-video-preview":"max-video-preview:-1"},"canonical":"https:\/\/truesociety.com\/de\/wp-json\/wp\/v2\/pages\/25026","og_locale":"de_DE","og_type":"article","og_title":"DATA PROTECTION INFORMATION NOTICE - Hamburg Germany","og_description":"DATENSCHUTZERKL\u00c4RUNG 1. True Society \u2013 Hamburg \/ True Brides Germany GmbH, \u00dcberseeboulevard 5, 20457 Hamburg, Deutschland (\u201cTeilnehmendes Gesch\u00e4ft\u201d, \u201cWir\u201d, \u201cUns\u201d) ist verantwortlich f\u00fcr die Verarbeitung personenbezogener Daten als Verantwortliche im Sinne der Datenschutzgrundverordnung (DSGVO) im Zusammenhang mit dem Gewinnspiel, an dem Sie teilnehmen und wie in den entsprechenden Teilnahmebedingungen dargelegt....","og_url":"https:\/\/truesociety.com\/data-protection-information-notice-hamburg-germany\/","og_site_name":"True Society Brautmodengesch\u00e4fte","article_publisher":"https:\/\/www.facebook.com\/truesociety\/","article_modified_time":"2024-09-04T14:29:03+00:00","twitter_card":"summary_large_image","schema":{"@context":"https:\/\/schema.org","@graph":[{"@type":"WebPage","@id":"https:\/\/truesociety.com\/data-protection-information-notice-hamburg-germany\/","url":"https:\/\/truesociety.com\/data-protection-information-notice-hamburg-germany\/","name":"DATA PROTECTION INFORMATION NOTICE - Hamburg Germany | True Society Brautmodengesch\u00e4fte","isPartOf":{"@id":"https:\/\/truesociety.com\/de\/#website"},"datePublished":"2023-11-01T13:42:05+00:00","dateModified":"2024-09-04T14:29:03+00:00","breadcrumb":{"@id":"https:\/\/truesociety.com\/data-protection-information-notice-hamburg-germany\/#breadcrumb"},"inLanguage":"de-DE","potentialAction":[{"@type":"ReadAction","target":["https:\/\/truesociety.com\/data-protection-information-notice-hamburg-germany\/"]}]},{"@type":"BreadcrumbList","@id":"https:\/\/truesociety.com\/data-protection-information-notice-hamburg-germany\/#breadcrumb","itemListElement":[{"@type":"ListItem","position":1,"name":"Home","item":"https:\/\/truesociety.com\/de\/"},{"@type":"ListItem","position":2,"name":"DATA PROTECTION INFORMATION NOTICE &#8211; Hamburg Germany"}]},{"@type":"WebSite","@id":"https:\/\/truesociety.com\/de\/#website","url":"https:\/\/truesociety.com\/de\/","name":"True Society Bridal Shops","description":"Your Wedding Dress Your Way","publisher":{"@id":"https:\/\/truesociety.com\/de\/#organization"},"potentialAction":[{"@type":"SearchAction","target":{"@type":"EntryPoint","urlTemplate":"https:\/\/truesociety.com\/de\/?s={search_term_string}"},"query-input":{"@type":"PropertyValueSpecification","valueRequired":true,"valueName":"search_term_string"}}],"inLanguage":"de-DE"},{"@type":"Organization","@id":"https:\/\/truesociety.com\/de\/#organization","name":"True Society Bridal","url":"https:\/\/truesociety.com\/de\/","logo":{"@type":"ImageObject","inLanguage":"de-DE","@id":"https:\/\/truesociety.com\/de\/#\/schema\/logo\/image\/","url":"https:\/\/cdn.truesociety.com\/uploads\/2021\/03\/ts-logo-desktop.svg","contentUrl":"https:\/\/cdn.truesociety.com\/uploads\/2021\/03\/ts-logo-desktop.svg","width":1,"height":1,"caption":"True Society Bridal"},"image":{"@id":"https:\/\/truesociety.com\/de\/#\/schema\/logo\/image\/"},"sameAs":["https:\/\/www.facebook.com\/truesociety\/","https:\/\/www.instagram.com\/truesociety\/","https:\/\/www.youtube.com\/@truesocietybridal","https:\/\/www.tiktok.com\/@truesociety"]}]}},"_links":{"self":[{"href":"https:\/\/truesociety.com\/de\/wp-json\/wp\/v2\/pages\/25026","targetHints":{"allow":["GET"]}}],"collection":[{"href":"https:\/\/truesociety.com\/de\/wp-json\/wp\/v2\/pages"}],"about":[{"href":"https:\/\/truesociety.com\/de\/wp-json\/wp\/v2\/types\/page"}],"author":[{"embeddable":true,"href":"https:\/\/truesociety.com\/de\/wp-json\/wp\/v2\/users\/32"}],"replies":[{"embeddable":true,"href":"https:\/\/truesociety.com\/de\/wp-json\/wp\/v2\/comments?post=25026"}],"version-history":[{"count":2,"href":"https:\/\/truesociety.com\/de\/wp-json\/wp\/v2\/pages\/25026\/revisions"}],"predecessor-version":[{"id":30015,"href":"https:\/\/truesociety.com\/de\/wp-json\/wp\/v2\/pages\/25026\/revisions\/30015"}],"wp:attachment":[{"href":"https:\/\/truesociety.com\/de\/wp-json\/wp\/v2\/media?parent=25026"}],"curies":[{"name":"wp","href":"https:\/\/api.w.org\/{rel}","templated":true}]}}