{"id":25015,"date":"2023-11-01T08:28:01","date_gmt":"2023-11-01T13:28:01","guid":{"rendered":"https:\/\/truesociety.com\/magic-of-the-season-giveaway-terms-and-conditions-ch\/"},"modified":"2023-11-01T08:35:15","modified_gmt":"2023-11-01T13:35:15","slug":"magic-of-the-season-giveaway-terms-and-conditions-ch","status":"publish","type":"page","link":"https:\/\/truesociety.com\/de\/magic-of-the-season-giveaway-terms-and-conditions-ch\/","title":{"rendered":"Magic of the Season Giveaway Terms and Conditions &#8211; CH"},"content":{"rendered":"\n<p><strong>TRUE SOCIETY IN-STORE \u201cMAGIC OF THE SEASON GEWINNSPIEL\u201d<\/strong> <\/p>\n\n<p><strong>TEILNAHMEBEDINGUNGEN BETREFFEND GEWINNSPIEL F\u00dcR SCHWEIZER EINWOHNER (\u201cOffizielle Regeln \u2013 Schweiz\u201c)<\/strong> <\/p>\n\n<p>Veranstalter und Sponsor des Gewinnspiels ist die WM Bridal Group GmbH, Bahnhofstrasse 13, 6300 Zug, Schweiz (\u201cSponsor\u201d). <\/p>\n\n<p>Das Gewinnspiel findet bei True Society \u2013 Zug \/ True Brides AG, Bahnhofstrasse 13, 6300 Zug, Schweiz (\u201cTeilnehmendes Gesch\u00e4ft\u201d) statt. <\/p>\n\n<p>Mit der Teilnahme an der Verlosung erkl\u00e4rt sich der Teilnehmer mit den nachfolgenden Teilnahmebedingungen einverstanden: <\/p>\n\n<p><strong>TEILNAHMEBERECHTIGUNG:<\/strong> <br\/>Das Gewinnspiel Magic of the Season (\u201cGewinnspiel\u201d) steht allen Personen mit rechtm\u00e4\u00dfigem Wohnsitz in der Schweiz offen, die zum Zeitpunkt der Teilnahme mindestens achtzehn (18) Jahre alt sind. Mitarbeiter des Sponsors, des Teilnehmenden Gesch\u00e4fts, True Society AG sowie deren jeweilige Muttergesellschaften, Tochtergesellschaften, Abteilungen, verbundene Unternehmen, Lieferanten, Vertriebspartner und Werbeagenturen sowie deren unmittelbare Familienangeh\u00f6rige (Ehegatten, Eltern, Kinder und Geschwister und deren Ehegatten) und Haushaltsmitglieder (ob verwandt oder nicht) sind von der Teilnahme und vom Gewinn ausgeschlossen.  <\/p>\n\n<p><strong>GEWINNSPIELZEITRAUM:<\/strong> <\/p>\n\n<p>Das Gewinnspiel findet im Teilnehmenden Gesch\u00e4ft w\u00e4hrend der regul\u00e4ren Gesch\u00e4ftszeiten von Montag, 20. November 2023 bis Sonntag, 24. Dezember 2023 statt (\u201cGewinnspielzeitraum\u201d). Die Uhr des Teilnehmenden Gesch\u00e4fts ist das offizielle Zeitmessger\u00e4t f\u00fcr dieses Gewinnspiel.  <\/p>\n\n<p><strong>TEILNAHME:<\/strong> <\/p>\n\n<p>W\u00e4hrend des Gewinnspielzeitraums m\u00fcssen die Teilnehmer das Teilnehmende Gesch\u00e4ft besuchen und die verf\u00fcgbaren Briefumschl\u00e4ge mit den Gewinnen ausfindig machen. Dazu m\u00fcssen sie dem Mitarbeiter im Teilnehmenden Gesch\u00e4ft sagen, welchen Briefumschlag sie gerne haben m\u00f6chten. Die Teilnehmer m\u00fcssen alle im Teilnehmenden Gesch\u00e4ft ausgeh\u00e4ngten Hinweise beachten. Limit: Jeder Kunde darf nur ein (1) Briefumschlag erhalten.    <\/p>\n\n<p>Die Teilnahme ist kostenlos. Die Teilnehmer m\u00fcssen nur das Teilnehmende Gesch\u00e4ft besuchen und einen Briefumschlag ausw\u00e4hlen. Die Teilnahme am Gewinnspiel ist weder an einen Kauf noch irgendeine Zahlung gebunden. Durch einen Kauf wird die Gewinnchance nicht erh\u00f6ht. Es besteht kein Rechtsanspruch auf Teilnahme oder Zugang zum Gewinnspiel und der Rechtsweg ist ausgeschlossen.     <\/p>\n\n<p><strong>PREISE:<\/strong> <br\/>Die Preise werden nachfolgend beschrieben: <\/p>\n\n<p>Es gibt f\u00fcnf (5) verschiedene Preiskategorien pro Teilnehmendes Gesch\u00e4ft, die man gewinnen kann. Jeder Gewinner erh\u00e4lt einen der unten aufgef\u00fchrten Preise in Form eines Geschenkgutscheins. <strong> Geschenkgutscheine sind nur f\u00fcr neue Bestellungen oder Eink\u00e4ufe von Hochzeitskleidern w\u00e4hrend des Gewinnspielzeitraums g\u00fcltig und m\u00fcssen am gleichen Tag wie der Beratungstermin eingel\u00f6st werden. Die Einl\u00f6sung von Geschenkgutscheinen ist nur im Teilnehmenden Gesch\u00e4ft m\u00f6glich, in dem der Geschenkgutschein gewonnen wurde. <\/strong> Der maximale ARV (Approximate Retail Value, ungef\u00e4hrer Verkaufswert) der einzelnen Preise sieht wie folgt aus. <\/p>\n\n<p>1 \u2013 Kostenloses Hochzeitskleid (CHF 499 bis CHF 9\u2018500) \u2013 keine Extras, keine Sonderanfertigung, nur das Kleid <\/p>\n\n<p>5 \u2013 CHF 500 Rabatt auf ein Hochzeitskleid <\/p>\n\n<p>5 \u2013 CHF 250 Rabatt auf ein Hochzeitskleid <\/p>\n\n<p>20 \u2013 CHF 50 Rabatt auf ein Hochzeitskleid <\/p>\n\n<p>120 \u2013 Auswahl von Geschenken (CHF 15 bis CHF 25) <\/p>\n\n<p>Die Gewinne werden nur vergeben, wenn der potenzielle Gewinner diese Offiziellen Regeln \u2013 Schweiz vollst\u00e4ndig erf\u00fcllt. Alle Teile des Gewinns sind pers\u00f6nlich, d.h. nicht abtretbar und nicht \u00fcbertragbar. Gewinne, die in Verkaufsstellen-, Online-, Fernseh- und Druckwerbung, Werbeverpackungen und anderen Werbegeschenkmaterialien abgebildet sind, dienen nur zur Veranschaulichung. Alle Einzelheiten und sonstigen Einschr\u00e4nkungen des Gewinns, die nicht in diesen Offiziellen Regeln \u2013 Schweiz aufgef\u00fchrt sind, werden vom Sponsor nach eigenem Ermessen festgelegt. Es wird keine Bargeldalternative als Ersatz f\u00fcr den Gewinn vergeben. Der Sponsor beh\u00e4lt sich jedoch das Recht vor, nach eigenem Ermessen einen Gewinn durch einen anderen Gewinn von vergleichbarem Wert zu ersetzen, wenn ein aufgelisteter Gewinn aus irgendeinem Grund ganz oder teilweise nicht verf\u00fcgbar ist.     <\/p>\n\n<p><strong>STEUERN:<\/strong> <\/p>\n\n<p>Gewinne unterliegen im Allgemeinen nicht der Schweizer Einkommenssteuer, aber die Schweizer Kantone k\u00f6nnen eine Schenkungssteuer erheben, sofern der Empf\u00e4nger des Preises in der Schweiz ans\u00e4ssig ist. Gewinne unterliegen zwar nicht der Schweizer Einkommenssteuer, sind aber grunds\u00e4tzlich in der individuellen Steuererkl\u00e4rung anzugeben.  <\/p>\n\n<p><strong>DISQUALIFIKATION:<\/strong> <br\/>Jeder Versto\u00df gegen diese Offiziellen Regeln \u2013 Schweiz durch den Gewinner f\u00fchrt zur Disqualifikation des Gewinners als Gewinner des Gewinnspiels und alle Privilegien als Gewinner werden sofort beendet. <\/p>\n\n<p><strong>BEENDIGUNG DES GEWINNSPIELS:<\/strong> <\/p>\n\n<p>Der Sponsor beh\u00e4lt sich das Recht vor, das Gewinnspiel nach eigenem Ermessen aus sachlichem Grund abzubrechen, zu beenden, zu modifizieren, zu verl\u00e4ngern oder auszusetzen, insbesondere wenn eine sichere, faire und ordnungsgem\u00e4\u00dfe Durchf\u00fchrung des Gewinnspiels beeintr\u00e4chtigt ist. Der Sponsor \u00fcbernimmt keine Haftung f\u00fcr entgangene Gewinnchancen.  <\/p>\n\n<p><strong>HAFTUNGSBESCHR\u00c4NKUNG:<\/strong> <\/p>\n\n<p>Der Sponsor, seine Tochtergesellschaften und verbundenen Unternehmen \u00fcbernehmen keine Verantwortung oder Haftung f\u00fcr: Fehler, Unterlassungen, Unterbrechungen, L\u00f6schungen, Defekte, Betriebs- oder \u00dcbertragungsverz\u00f6gerungen, Diebstahl oder Zerst\u00f6rung oder unbefugten Zugriff auf oder \u00c4nderungen von Materialien. Der Sponsor haftet nur bei Vorsatz oder grober Fahrl\u00e4ssigkeit. F\u00fcr Sch\u00e4den aus der Verletzung des Lebens, des K\u00f6rpers oder der Gesundheit haftet der Sponsor auch bei leichter Fahrl\u00e4ssigkeit.   <\/p>\n\n<p><strong>ANWENDBARES RECHT:<\/strong> <\/p>\n\n<p>Diese Offiziellen Regeln \u2013 Schweiz unterliegen schweizerischem Recht. <\/p>\n\n<p><strong>SONSTIGES:<\/strong> <\/p>\n\n<p>Der Sponsor, seine Tochtergesellschaften und verbundenen Unternehmen \u00fcbernehmen keine Verantwortung oder Haftung f\u00fcr: Fehler, Unterlassungen, Unterbrechungen, L\u00f6schungen, Defekte, Betriebs- oder \u00dcbertragungsverz\u00f6gerungen, Diebstahl oder Zerst\u00f6rung oder unbefugten Zugriff auf oder \u00c4nderungen von Materialien. Der Sponsor haftet nur bei Vorsatz oder grober Fahrl\u00e4ssigkeit. F\u00fcr Sch\u00e4den aus der Verletzung des Lebens, des K\u00f6rpers oder der Gesundheit haftet der Sponsor auch bei leichter Fahrl\u00e4ssigkeit.   <\/p>\n","protected":false},"excerpt":{"rendered":"<p>TRUE SOCIETY IN-STORE \u201cMAGIC OF THE SEASON GEWINNSPIEL\u201d TEILNAHMEBEDINGUNGEN BETREFFEND GEWINNSPIEL F\u00dcR SCHWEIZER EINWOHNER (\u201cOffizielle Regeln \u2013 Schweiz\u201c) Veranstalter und Sponsor des Gewinnspiels ist die WM Bridal Group GmbH, Bahnhofstrasse 13, 6300 Zug, Schweiz (\u201cSponsor\u201d). Das Gewinnspiel findet bei True Society \u2013 Zug \/ True Brides AG, Bahnhofstrasse 13, 6300&#8230;<\/p>\n","protected":false},"author":32,"featured_media":0,"parent":0,"menu_order":0,"comment_status":"closed","ping_status":"closed","template":"","meta":{"_acf_changed":false,"page_banner_remove":false,"page_banner_override":false,"page_banner_text":"","page_banner_link_text":"","page_banner_link_url":"","page_banner_bg_color":"","page_banner_text_color":"","page_banner_start_date":"","page_banner_end_date":"","footnotes":""},"class_list":["post-25015","page","type-page","status-publish","hentry"],"acf":[],"yoast_head":"<!-- This site is optimized with the Yoast SEO Premium plugin v25.7.1 (Yoast SEO v25.8) - https:\/\/yoast.com\/wordpress\/plugins\/seo\/ -->\n<title>Magic of the Season Giveaway Terms and Conditions - CH | True Society Brautmodengesch\u00e4fte<\/title>\n<meta name=\"robots\" content=\"index, follow, max-snippet:-1, max-image-preview:large, max-video-preview:-1\" \/>\n<link rel=\"canonical\" href=\"https:\/\/truesociety.com\/de\/wp-json\/wp\/v2\/pages\/25015\" \/>\n<meta property=\"og:locale\" content=\"de_DE\" \/>\n<meta property=\"og:type\" content=\"article\" \/>\n<meta property=\"og:title\" content=\"Magic of the Season Giveaway Terms and Conditions - CH\" \/>\n<meta property=\"og:description\" content=\"TRUE SOCIETY IN-STORE \u201cMAGIC OF THE SEASON GEWINNSPIEL\u201d TEILNAHMEBEDINGUNGEN BETREFFEND GEWINNSPIEL F\u00dcR SCHWEIZER EINWOHNER (\u201cOffizielle Regeln \u2013 Schweiz\u201c) Veranstalter und Sponsor des Gewinnspiels ist die WM Bridal Group GmbH, Bahnhofstrasse 13, 6300 Zug, Schweiz (\u201cSponsor\u201d). Das Gewinnspiel findet bei True Society \u2013 Zug \/ True Brides AG, Bahnhofstrasse 13, 6300...\" \/>\n<meta property=\"og:url\" content=\"https:\/\/truesociety.com\/magic-of-the-season-giveaway-terms-and-conditions-ch\/\" \/>\n<meta property=\"og:site_name\" content=\"True Society Brautmodengesch\u00e4fte\" \/>\n<meta property=\"article:publisher\" content=\"https:\/\/www.facebook.com\/truesociety\/\" \/>\n<meta property=\"article:modified_time\" content=\"2023-11-01T13:35:15+00:00\" \/>\n<meta name=\"twitter:card\" content=\"summary_large_image\" \/>\n<script type=\"application\/ld+json\" class=\"yoast-schema-graph\">{\"@context\":\"https:\/\/schema.org\",\"@graph\":[{\"@type\":\"WebPage\",\"@id\":\"https:\/\/truesociety.com\/magic-of-the-season-giveaway-terms-and-conditions-ch\/\",\"url\":\"https:\/\/truesociety.com\/magic-of-the-season-giveaway-terms-and-conditions-ch\/\",\"name\":\"Magic of the Season Giveaway Terms and Conditions - CH | True Society Brautmodengesch\u00e4fte\",\"isPartOf\":{\"@id\":\"https:\/\/truesociety.com\/de\/#website\"},\"datePublished\":\"2023-11-01T13:28:01+00:00\",\"dateModified\":\"2023-11-01T13:35:15+00:00\",\"breadcrumb\":{\"@id\":\"https:\/\/truesociety.com\/magic-of-the-season-giveaway-terms-and-conditions-ch\/#breadcrumb\"},\"inLanguage\":\"de-DE\",\"potentialAction\":[{\"@type\":\"ReadAction\",\"target\":[\"https:\/\/truesociety.com\/magic-of-the-season-giveaway-terms-and-conditions-ch\/\"]}]},{\"@type\":\"BreadcrumbList\",\"@id\":\"https:\/\/truesociety.com\/magic-of-the-season-giveaway-terms-and-conditions-ch\/#breadcrumb\",\"itemListElement\":[{\"@type\":\"ListItem\",\"position\":1,\"name\":\"Home\",\"item\":\"https:\/\/truesociety.com\/de\/\"},{\"@type\":\"ListItem\",\"position\":2,\"name\":\"Magic of the Season Giveaway Terms and Conditions &#8211; CH\"}]},{\"@type\":\"WebSite\",\"@id\":\"https:\/\/truesociety.com\/de\/#website\",\"url\":\"https:\/\/truesociety.com\/de\/\",\"name\":\"True Society Bridal Shops\",\"description\":\"Your Wedding Dress Your Way\",\"publisher\":{\"@id\":\"https:\/\/truesociety.com\/de\/#organization\"},\"potentialAction\":[{\"@type\":\"SearchAction\",\"target\":{\"@type\":\"EntryPoint\",\"urlTemplate\":\"https:\/\/truesociety.com\/de\/?s={search_term_string}\"},\"query-input\":{\"@type\":\"PropertyValueSpecification\",\"valueRequired\":true,\"valueName\":\"search_term_string\"}}],\"inLanguage\":\"de-DE\"},{\"@type\":\"Organization\",\"@id\":\"https:\/\/truesociety.com\/de\/#organization\",\"name\":\"True Society Bridal\",\"url\":\"https:\/\/truesociety.com\/de\/\",\"logo\":{\"@type\":\"ImageObject\",\"inLanguage\":\"de-DE\",\"@id\":\"https:\/\/truesociety.com\/de\/#\/schema\/logo\/image\/\",\"url\":\"https:\/\/cdn.truesociety.com\/uploads\/2021\/03\/ts-logo-desktop.svg\",\"contentUrl\":\"https:\/\/cdn.truesociety.com\/uploads\/2021\/03\/ts-logo-desktop.svg\",\"width\":1,\"height\":1,\"caption\":\"True Society Bridal\"},\"image\":{\"@id\":\"https:\/\/truesociety.com\/de\/#\/schema\/logo\/image\/\"},\"sameAs\":[\"https:\/\/www.facebook.com\/truesociety\/\",\"https:\/\/www.instagram.com\/truesociety\/\",\"https:\/\/www.youtube.com\/@truesocietybridal\",\"https:\/\/www.tiktok.com\/@truesociety\"]}]}<\/script>\n<!-- \/ Yoast SEO Premium plugin. -->","yoast_head_json":{"title":"Magic of the Season Giveaway Terms and Conditions - CH | True Society Brautmodengesch\u00e4fte","robots":{"index":"index","follow":"follow","max-snippet":"max-snippet:-1","max-image-preview":"max-image-preview:large","max-video-preview":"max-video-preview:-1"},"canonical":"https:\/\/truesociety.com\/de\/wp-json\/wp\/v2\/pages\/25015","og_locale":"de_DE","og_type":"article","og_title":"Magic of the Season Giveaway Terms and Conditions - CH","og_description":"TRUE SOCIETY IN-STORE \u201cMAGIC OF THE SEASON GEWINNSPIEL\u201d TEILNAHMEBEDINGUNGEN BETREFFEND GEWINNSPIEL F\u00dcR SCHWEIZER EINWOHNER (\u201cOffizielle Regeln \u2013 Schweiz\u201c) Veranstalter und Sponsor des Gewinnspiels ist die WM Bridal Group GmbH, Bahnhofstrasse 13, 6300 Zug, Schweiz (\u201cSponsor\u201d). Das Gewinnspiel findet bei True Society \u2013 Zug \/ True Brides AG, Bahnhofstrasse 13, 6300...","og_url":"https:\/\/truesociety.com\/magic-of-the-season-giveaway-terms-and-conditions-ch\/","og_site_name":"True Society Brautmodengesch\u00e4fte","article_publisher":"https:\/\/www.facebook.com\/truesociety\/","article_modified_time":"2023-11-01T13:35:15+00:00","twitter_card":"summary_large_image","schema":{"@context":"https:\/\/schema.org","@graph":[{"@type":"WebPage","@id":"https:\/\/truesociety.com\/magic-of-the-season-giveaway-terms-and-conditions-ch\/","url":"https:\/\/truesociety.com\/magic-of-the-season-giveaway-terms-and-conditions-ch\/","name":"Magic of the Season Giveaway Terms and Conditions - CH | True Society Brautmodengesch\u00e4fte","isPartOf":{"@id":"https:\/\/truesociety.com\/de\/#website"},"datePublished":"2023-11-01T13:28:01+00:00","dateModified":"2023-11-01T13:35:15+00:00","breadcrumb":{"@id":"https:\/\/truesociety.com\/magic-of-the-season-giveaway-terms-and-conditions-ch\/#breadcrumb"},"inLanguage":"de-DE","potentialAction":[{"@type":"ReadAction","target":["https:\/\/truesociety.com\/magic-of-the-season-giveaway-terms-and-conditions-ch\/"]}]},{"@type":"BreadcrumbList","@id":"https:\/\/truesociety.com\/magic-of-the-season-giveaway-terms-and-conditions-ch\/#breadcrumb","itemListElement":[{"@type":"ListItem","position":1,"name":"Home","item":"https:\/\/truesociety.com\/de\/"},{"@type":"ListItem","position":2,"name":"Magic of the Season Giveaway Terms and Conditions &#8211; CH"}]},{"@type":"WebSite","@id":"https:\/\/truesociety.com\/de\/#website","url":"https:\/\/truesociety.com\/de\/","name":"True Society Bridal Shops","description":"Your Wedding Dress Your Way","publisher":{"@id":"https:\/\/truesociety.com\/de\/#organization"},"potentialAction":[{"@type":"SearchAction","target":{"@type":"EntryPoint","urlTemplate":"https:\/\/truesociety.com\/de\/?s={search_term_string}"},"query-input":{"@type":"PropertyValueSpecification","valueRequired":true,"valueName":"search_term_string"}}],"inLanguage":"de-DE"},{"@type":"Organization","@id":"https:\/\/truesociety.com\/de\/#organization","name":"True Society Bridal","url":"https:\/\/truesociety.com\/de\/","logo":{"@type":"ImageObject","inLanguage":"de-DE","@id":"https:\/\/truesociety.com\/de\/#\/schema\/logo\/image\/","url":"https:\/\/cdn.truesociety.com\/uploads\/2021\/03\/ts-logo-desktop.svg","contentUrl":"https:\/\/cdn.truesociety.com\/uploads\/2021\/03\/ts-logo-desktop.svg","width":1,"height":1,"caption":"True Society Bridal"},"image":{"@id":"https:\/\/truesociety.com\/de\/#\/schema\/logo\/image\/"},"sameAs":["https:\/\/www.facebook.com\/truesociety\/","https:\/\/www.instagram.com\/truesociety\/","https:\/\/www.youtube.com\/@truesocietybridal","https:\/\/www.tiktok.com\/@truesociety"]}]}},"_links":{"self":[{"href":"https:\/\/truesociety.com\/de\/wp-json\/wp\/v2\/pages\/25015","targetHints":{"allow":["GET"]}}],"collection":[{"href":"https:\/\/truesociety.com\/de\/wp-json\/wp\/v2\/pages"}],"about":[{"href":"https:\/\/truesociety.com\/de\/wp-json\/wp\/v2\/types\/page"}],"author":[{"embeddable":true,"href":"https:\/\/truesociety.com\/de\/wp-json\/wp\/v2\/users\/32"}],"replies":[{"embeddable":true,"href":"https:\/\/truesociety.com\/de\/wp-json\/wp\/v2\/comments?post=25015"}],"version-history":[{"count":3,"href":"https:\/\/truesociety.com\/de\/wp-json\/wp\/v2\/pages\/25015\/revisions"}],"predecessor-version":[{"id":25018,"href":"https:\/\/truesociety.com\/de\/wp-json\/wp\/v2\/pages\/25015\/revisions\/25018"}],"wp:attachment":[{"href":"https:\/\/truesociety.com\/de\/wp-json\/wp\/v2\/media?parent=25015"}],"curies":[{"name":"wp","href":"https:\/\/api.w.org\/{rel}","templated":true}]}}