{"id":18035,"date":"2022-11-01T14:13:39","date_gmt":"2022-11-01T19:13:39","guid":{"rendered":"https:\/\/truesociety.com\/magic-of-the-season-ch-2022-terms-conditions\/"},"modified":"2023-09-14T18:49:52","modified_gmt":"2023-09-14T23:49:52","slug":"magic-of-the-season-ch-2022-terms-conditions","status":"publish","type":"page","link":"https:\/\/truesociety.com\/de\/magic-of-the-season-ch-2022-terms-conditions\/","title":{"rendered":"Magic of the Season | CH | 2022 | Terms &amp; Conditions"},"content":{"rendered":"\n<h2 class=\"m-auto max-1024 px-3 pt-3 wp-block-heading\"><strong>ESSENSE OF AUSTRALIA, TRUE SOCIETY IN-STORE &#8220;MAGIE DER JAHRESZEIT VERLOSUNG&#8221;<\/strong> <\/h2>\n\n\n\n<p class=\"m-auto max-1024 px-3\"><strong>OFFIZIELLE REGELN DER VERLOSUNG F\u00dcR SCHWEIZER RESIDENTEN<\/strong> <\/p>\n\n\n\n<p class=\"m-auto max-1024 px-3\">Das veranstaltende Unternehmen und der Sponsor der Verlosung ist Essense of Australia, Inc. 15500 W. 113<sup>th<\/sup> Street #300 Lenexa, KS 66219, Vereinigte Staaten von Amerika (im Folgenden \u2013 \u201eSponsor\u201c). <\/p>\n\n\n\n<p class=\"m-auto max-1024 px-3\">Die Verlosung findet bei True Society \u2013 Zug, Bahnhofstrasse 13, 6300 Zug, Schweiz (im Folgenden \u2013 \u201eTeilnehmendes Gesch\u00e4ft\u201c) statt. <\/p>\n\n\n\n<p class=\"m-auto max-1024 px-3\">Mit der Teilnahme an der Verlosung erkl\u00e4rt sich der Teilnehmer mit den nachfolgenden Teilnahmebedingungen einverstanden: <\/p>\n\n\n\n<p class=\"m-auto max-1024 px-3\"><strong>F\u00d6RDERF\u00c4HIGKEIT:<\/strong> <br>Das Gewinnspiel Magic of the Season (&#8220;Gewinnspiel&#8221;) steht allen Personen mit rechtm\u00e4\u00dfigem Wohnsitz in der Schweiz offen, die zum Zeitpunkt der Teilnahme mindestens achtzehn (18) Jahre alt sind. Mitarbeiter des Sponsors True Brides AG sowie deren jeweilige Muttergesellschaften, Tochtergesellschaften, Abteilungen, verbundene Unternehmen, Lieferanten, Vertriebspartner und Werbeagenturen sowie deren unmittelbare Familienangeh\u00f6rige (Ehegatten, Eltern, Kinder und Geschwister und deren Ehegatten) und Haushaltsmitglieder (ob verwandt oder nicht) sind von der Teilnahme und vom Gewinn ausgeschlossen.  <\/p>\n\n\n\n<p class=\"m-auto max-1024 px-3\"><strong>TEILNAHMEZEITRAUM DER VERLOSUNG:<\/strong> <\/p>\n\n\n\n<p class=\"m-auto max-1024 px-3\">Die Verlosung findet im Teilnehmenden Gesch\u00e4ft w\u00e4hrend der regul\u00e4ren Gesch\u00e4ftszeiten von Dienstag, 22. November 2022, 8:00 Uhr, bis Freitag, 23. Dezember 2022, 23:59 Uhr, in der jeweiligen Zeitzone des Teilnehmenden Gesch\u00e4fts statt (im Folgenden \u2013 &#8220;Verlosungszeitraum&#8221;). Die Uhr des Teilnehmenden Gesch\u00e4fts ist das offizielle Zeitmessger\u00e4t f\u00fcr diese Verlosung.  <\/p>\n\n\n\n<p class=\"m-auto max-1024 px-3\"><strong>TEILNAHME:<\/strong> <\/p>\n\n\n\n<p class=\"m-auto max-1024 px-3\">W\u00e4hrend des Verlosungszeitraums m\u00fcssen die Teilnehmer das Teilnehmende Gesch\u00e4ft besuchen und die verf\u00fcgbaren Gutscheine ausfindig machen. Dazu m\u00fcssen sie dem Mitarbeiter im Gesch\u00e4ft sagen, welchen sie gerne haben m\u00f6chten. Jeder Strumpf enth\u00e4lt einen Gutschein, auf dem einer der Preise angegeben ist. Die Teilnehmer m\u00fcssen alle in den Gesch\u00e4ften ausgeh\u00e4ngten Hinweise beachten. Limit: Jeder Kunde darf nur ein (1) Geschenk erhalten.     <\/p>\n\n\n\n<p class=\"m-auto max-1024 px-3\">Die Teilnahme ist kostenlos. Die Teilnehmer m\u00fcssen nur das Teilnehmende Gesch\u00e4ft besuchen und den Geschenkgutschein ausw\u00e4hlen. F\u00fcr die Teilnahme an der Verlosung ist keinerlei Kauf oder Zahlung erforderlich. Durch einen Kauf wird die Gewinnchance nicht erh\u00f6ht. Es besteht kein Rechtsanspruch auf Teilnahme oder Zugang zur Verlosung und der Rechtsweg ist ausgeschlossen.     <\/p>\n\n\n\n<p class=\"m-auto max-1024 px-3\"><strong>PREISE:<\/strong> <br>Der\/die Preis\/e wird\/werden nachfolgend beschrieben: <\/p>\n\n\n\n<p class=\"m-auto max-1024 px-3\">Es gibt sechs (6) verschiedene Preise pro Teilnehmendem Gesch\u00e4ft, die man gewinnen kann. Jeder Preistr\u00e4ger erh\u00e4lt einen der unten aufgef\u00fchrten Preise in Form eines Geschenkgutscheins. <strong> Die Geschenkgutscheine sind nur f\u00fcr neue Bestellungen oder Eink\u00e4ufe von Hochzeitskleidern w\u00e4hrend des Verlosungszeitraums g\u00fcltig und m\u00fcssen bis zum 31. Dezember 2022 eingel\u00f6st werden. Die Einl\u00f6sung von Geschenkgutscheinen ist nur im gleichen True Society-Gesch\u00e4ft m\u00f6glich, in dem der Geschenkgutschein erhalten wurde.  <\/strong>Hier unterhalb ist der maximale ARV (Approximate Retail Value, ungef\u00e4hrer Verkaufswert) der einzelnen Preise aufgef\u00fchrt. <\/p>\n\n\n\n<div class=\"wp-block-group m-auto max-1024 px-3 is-layout-flow wp-block-group-is-layout-flow\">\n<ol class=\"wp-block-list\"><li>1 \u2013 Kostenloses Hochzeitskleid (CHF 1 125.- bis CHF 11 160.-), keine Extras, keine Sonderangebote, nur das Kleid <\/li><\/ol>\n\n\n\n<ol class=\"wp-block-list\" start=\"2\"><li>5 \u2013 CHF 500,- Rabatt auf ein Hochzeitskleid <\/li><\/ol>\n\n\n\n<ol class=\"wp-block-list\" start=\"3\"><li>5 \u2013 CHF 250.- Rabatt auf ein Hochzeitskleid <\/li><\/ol>\n\n\n\n<ol class=\"wp-block-list\" start=\"4\"><li>15 \u2013 CHF 100.- Rabatt auf ein Hochzeitskleid <\/li><\/ol>\n\n\n\n<ol class=\"wp-block-list\" start=\"5\"><li>54 \u2013 84 (abh\u00e4ngig von teilnahmeberechtigten Einsendungen) CHF 50.- Rabatt auf Brautkleid <\/li><\/ol>\n\n\n\n<ol class=\"wp-block-list\" start=\"6\"><li>65 \u2013 Sortiment von Geschenken (CHF 25.-) <\/li><\/ol>\n<\/div>\n\n\n\n<p class=\"m-auto max-1024 px-3\">Die Preise werden nur vergeben, wenn der potenzielle Gewinner diese Offiziellen Regeln vollst\u00e4ndig erf\u00fcllt. Alle Teile des Preises sind nicht abtretbar und nicht \u00fcbertragbar. Die Preise, die in Verkaufsstellen-, Online-, Fernseh- und Druckwerbung, Werbeverpackungen und anderen Werbegeschenkmaterialien abgebildet sind, dienen nur zur Veranschaulichung. Alle Einzelheiten und sonstigen Einschr\u00e4nkungen des Preises, die nicht in diesen Offiziellen Regeln aufgef\u00fchrt sind, werden vom Sponsor nach eigenem Ermessen festgelegt. Es wird keine Bargeldalternative als Ersatz f\u00fcr den Preis vergeben. Der Sponsor beh\u00e4lt sich jedoch das Recht vor, nach eigenem Ermessen einen Preis durch einen anderen Preis von vergleichbarem Wert zu ersetzen, wenn ein aufgelisteter Preis aus irgendeinem Grund ganz oder teilweise nicht verf\u00fcgbar ist.     <\/p>\n\n\n\n<p class=\"m-auto max-1024 px-3\"><strong>STEUERN:<\/strong> <\/p>\n\n\n\n<p class=\"m-auto max-1024 px-3\">Preise unterliegen im Allgemeinen nicht der Schweizer Einkommenssteuer, aber die Schweizer Kantone k\u00f6nnen eine Schenkungssteuer erheben, sofern der Empf\u00e4nger des Preises in der Schweiz ans\u00e4ssig ist. Preise unterliegen zwar nicht der Schweizer Einkommenssteuer, sind aber grunds\u00e4tzlich in der individuellen Steuererkl\u00e4rung anzugeben.  <\/p>\n\n\n\n<p class=\"m-auto max-1024 px-3\"><strong>DISQUALIFIKATION:<\/strong> <br>Jeder Versto\u00df gegen diese offiziellen Regeln durch den Gewinner f\u00fchrt zur Disqualifikation des Gewinners als Gewinner des Gewinnspiels und alle Privilegien als Gewinner werden sofort beendet. <\/p>\n\n\n\n<p class=\"m-auto max-1024 px-3\"><strong>BEENDIGUNG DER VERLOSUNG:<\/strong> <\/p>\n\n\n\n<p class=\"m-auto max-1024 px-3\">Der Sponsor beh\u00e4lt sich das Recht vor, die Verlosung nach eigenem Ermessen aus sachlichem Grund abzubrechen, zu beenden, zu modifizieren, zu verl\u00e4ngern oder auszusetzen, insbesondere wenn eine sichere, faire und ordnungsgem\u00e4\u00dfe Durchf\u00fchrung der Verlosung beeintr\u00e4chtigt ist. Der Sponsor \u00fcbernimmt keine Haftung f\u00fcr entgangene Gewinnchancen.  <\/p>\n\n\n\n<p class=\"m-auto max-1024 px-3\"><strong>HAFTUNGSBESCHR\u00c4NKUNG:<\/strong> <\/p>\n\n\n\n<p class=\"m-auto max-1024 px-3\">Der Sponsor, seine Tochtergesellschaften und verbundenen Unternehmen \u00fcbernehmen keine Verantwortung oder Haftung f\u00fcr: (i) Fehler, Auslassungen, Unterbrechungen, L\u00f6schungen, Defekte, Betriebs- oder \u00dcbertragungsverz\u00f6gerungen, Diebstahl oder Zerst\u00f6rung oder unbefugten Zugriff auf oder \u00c4nderungen von Materialien. Der Sponsor haftet nur bei Vorsatz oder grober Fahrl\u00e4ssigkeit. F\u00fcr Sch\u00e4den aus der Verletzung des Lebens, des K\u00f6rpers oder der Gesundheit haftet der Sponsor auch bei leichter Fahrl\u00e4ssigkeit.   <\/p>\n\n\n\n<p class=\"m-auto max-1024 px-3\"><strong>ANWENDBARES RECHT:<\/strong> <\/p>\n\n\n\n<p class=\"m-auto max-1024 px-3\">Diese Offiziellen Regeln \u2013 Schweiz unterliegen schweizerischem Recht. <\/p>\n\n\n\n<p class=\"m-auto max-1024 px-3\"><strong>SONSTIGES:<\/strong> <\/p>\n\n\n\n<p class=\"m-auto max-1024 px-3\">Die Ung\u00fcltigkeit oder Nichtdurchsetzbarkeit einer der in diesen Offiziellen Regeln \u2013 Schweiz enthaltenen Bestimmungen ber\u00fchrt in keiner Weise die G\u00fcltigkeit oder Durchsetzbarkeit der anderen Bestimmungen. F\u00fcr den Fall, dass eine Bestimmung als rechtswidrig, ung\u00fcltig oder nicht durchsetzbar eingestuft wird, bleiben diese Offiziellen Regeln \u2013 Schweiz weiterhin in Kraft und sind in \u00dcbereinstimmung mit ihren Bestimmungen so auszulegen, als ob die ung\u00fcltige oder rechtswidrige Bestimmung hier nicht enthalten w\u00e4re. Diese Offiziellen Regeln \u2013 Schweiz k\u00f6nnen vom Sponsor jederzeit und ohne Vorank\u00fcndigung ge\u00e4ndert werden, sofern solche \u00c4nderungen notwendig sind, um eine ordnungsgem\u00e4\u00dfe und sichere Durchf\u00fchrung der Verlosung zu gew\u00e4hrleisten und insbesondere Missbrauch oder Betrug zu verhindern.   <\/p>\n","protected":false},"excerpt":{"rendered":"<p>ESSENSE OF AUSTRALIA, TRUE SOCIETY IN-STORE &#8220;MAGIE DER JAHRESZEIT VERLOSUNG&#8221; OFFIZIELLE REGELN DER VERLOSUNG F\u00dcR SCHWEIZER RESIDENTEN Das veranstaltende Unternehmen und der Sponsor der Verlosung ist Essense of Australia, Inc. 15500 W. 113th Street #300 Lenexa, KS 66219, Vereinigte Staaten von Amerika (im Folgenden \u2013 \u201eSponsor\u201c). Die Verlosung findet bei&#8230;<\/p>\n","protected":false},"author":32,"featured_media":0,"parent":0,"menu_order":0,"comment_status":"closed","ping_status":"closed","template":"","meta":{"_acf_changed":false,"page_banner_remove":false,"page_banner_override":false,"page_banner_text":"","page_banner_link_text":"","page_banner_link_url":"","page_banner_bg_color":"","page_banner_text_color":"","page_banner_start_date":"","page_banner_end_date":"","footnotes":""},"class_list":["post-18035","page","type-page","status-publish","hentry"],"acf":[],"yoast_head":"<!-- This site is optimized with the Yoast SEO Premium plugin v25.7.1 (Yoast SEO v25.8) - https:\/\/yoast.com\/wordpress\/plugins\/seo\/ -->\n<title>Magic of the Season | CH | 2022 | Terms &amp; Conditions | True Society Brautmodengesch\u00e4fte<\/title>\n<meta name=\"description\" content=\"Das Gewinnspiel Magic of the Season (&quot;Gewinnspiel&quot;) steht allen Personen mit rechtm\u00e4\u00dfigem Wohnsitz in der Schweiz offen, die zum Zeitpunkt der Teilnahme mindestens achtzehn (18) Jahre alt sind.\" \/>\n<meta name=\"robots\" content=\"index, follow, max-snippet:-1, max-image-preview:large, max-video-preview:-1\" \/>\n<link rel=\"canonical\" href=\"https:\/\/truesociety.com\/de\/wp-json\/wp\/v2\/pages\/18035\" \/>\n<meta property=\"og:locale\" content=\"de_DE\" \/>\n<meta property=\"og:type\" content=\"article\" \/>\n<meta property=\"og:title\" content=\"Magic of the Season | CH | 2022 | Terms &amp; Conditions\" \/>\n<meta property=\"og:description\" content=\"Das Gewinnspiel Magic of the Season (&quot;Gewinnspiel&quot;) steht allen Personen mit rechtm\u00e4\u00dfigem Wohnsitz in der Schweiz offen, die zum Zeitpunkt der Teilnahme mindestens achtzehn (18) Jahre alt sind.\" \/>\n<meta property=\"og:url\" content=\"https:\/\/truesociety.com\/magic-of-the-season-ch-2022-terms-conditions\/\" \/>\n<meta property=\"og:site_name\" content=\"True Society Brautmodengesch\u00e4fte\" \/>\n<meta property=\"article:publisher\" content=\"https:\/\/www.facebook.com\/truesociety\/\" \/>\n<meta property=\"article:modified_time\" content=\"2023-09-14T23:49:52+00:00\" \/>\n<meta name=\"twitter:card\" content=\"summary_large_image\" \/>\n<script type=\"application\/ld+json\" class=\"yoast-schema-graph\">{\"@context\":\"https:\/\/schema.org\",\"@graph\":[{\"@type\":\"WebPage\",\"@id\":\"https:\/\/truesociety.com\/magic-of-the-season-ch-2022-terms-conditions\/\",\"url\":\"https:\/\/truesociety.com\/magic-of-the-season-ch-2022-terms-conditions\/\",\"name\":\"Magic of the Season | CH | 2022 | Terms &amp; Conditions | True Society Brautmodengesch\u00e4fte\",\"isPartOf\":{\"@id\":\"https:\/\/truesociety.com\/de\/#website\"},\"datePublished\":\"2022-11-01T19:13:39+00:00\",\"dateModified\":\"2023-09-14T23:49:52+00:00\",\"description\":\"Das Gewinnspiel Magic of the Season (\\\"Gewinnspiel\\\") steht allen Personen mit rechtm\u00e4\u00dfigem Wohnsitz in der Schweiz offen, die zum Zeitpunkt der Teilnahme mindestens achtzehn (18) Jahre alt sind.\",\"breadcrumb\":{\"@id\":\"https:\/\/truesociety.com\/magic-of-the-season-ch-2022-terms-conditions\/#breadcrumb\"},\"inLanguage\":\"de-DE\",\"potentialAction\":[{\"@type\":\"ReadAction\",\"target\":[\"https:\/\/truesociety.com\/magic-of-the-season-ch-2022-terms-conditions\/\"]}]},{\"@type\":\"BreadcrumbList\",\"@id\":\"https:\/\/truesociety.com\/magic-of-the-season-ch-2022-terms-conditions\/#breadcrumb\",\"itemListElement\":[{\"@type\":\"ListItem\",\"position\":1,\"name\":\"Home\",\"item\":\"https:\/\/truesociety.com\/de\/\"},{\"@type\":\"ListItem\",\"position\":2,\"name\":\"Magic of the Season | CH | 2022 | Terms &amp; Conditions\"}]},{\"@type\":\"WebSite\",\"@id\":\"https:\/\/truesociety.com\/de\/#website\",\"url\":\"https:\/\/truesociety.com\/de\/\",\"name\":\"True Society Bridal Shops\",\"description\":\"Your Wedding Dress Your Way\",\"publisher\":{\"@id\":\"https:\/\/truesociety.com\/de\/#organization\"},\"potentialAction\":[{\"@type\":\"SearchAction\",\"target\":{\"@type\":\"EntryPoint\",\"urlTemplate\":\"https:\/\/truesociety.com\/de\/?s={search_term_string}\"},\"query-input\":{\"@type\":\"PropertyValueSpecification\",\"valueRequired\":true,\"valueName\":\"search_term_string\"}}],\"inLanguage\":\"de-DE\"},{\"@type\":\"Organization\",\"@id\":\"https:\/\/truesociety.com\/de\/#organization\",\"name\":\"True Society Bridal\",\"url\":\"https:\/\/truesociety.com\/de\/\",\"logo\":{\"@type\":\"ImageObject\",\"inLanguage\":\"de-DE\",\"@id\":\"https:\/\/truesociety.com\/de\/#\/schema\/logo\/image\/\",\"url\":\"https:\/\/cdn.truesociety.com\/uploads\/2021\/03\/ts-logo-desktop.svg\",\"contentUrl\":\"https:\/\/cdn.truesociety.com\/uploads\/2021\/03\/ts-logo-desktop.svg\",\"width\":1,\"height\":1,\"caption\":\"True Society Bridal\"},\"image\":{\"@id\":\"https:\/\/truesociety.com\/de\/#\/schema\/logo\/image\/\"},\"sameAs\":[\"https:\/\/www.facebook.com\/truesociety\/\",\"https:\/\/www.instagram.com\/truesociety\/\",\"https:\/\/www.youtube.com\/@truesocietybridal\",\"https:\/\/www.tiktok.com\/@truesociety\"]}]}<\/script>\n<!-- \/ Yoast SEO Premium plugin. -->","yoast_head_json":{"title":"Magic of the Season | CH | 2022 | Terms &amp; Conditions | True Society Brautmodengesch\u00e4fte","description":"Das Gewinnspiel Magic of the Season (\"Gewinnspiel\") steht allen Personen mit rechtm\u00e4\u00dfigem Wohnsitz in der Schweiz offen, die zum Zeitpunkt der Teilnahme mindestens achtzehn (18) Jahre alt sind.","robots":{"index":"index","follow":"follow","max-snippet":"max-snippet:-1","max-image-preview":"max-image-preview:large","max-video-preview":"max-video-preview:-1"},"canonical":"https:\/\/truesociety.com\/de\/wp-json\/wp\/v2\/pages\/18035","og_locale":"de_DE","og_type":"article","og_title":"Magic of the Season | CH | 2022 | Terms &amp; Conditions","og_description":"Das Gewinnspiel Magic of the Season (\"Gewinnspiel\") steht allen Personen mit rechtm\u00e4\u00dfigem Wohnsitz in der Schweiz offen, die zum Zeitpunkt der Teilnahme mindestens achtzehn (18) Jahre alt sind.","og_url":"https:\/\/truesociety.com\/magic-of-the-season-ch-2022-terms-conditions\/","og_site_name":"True Society Brautmodengesch\u00e4fte","article_publisher":"https:\/\/www.facebook.com\/truesociety\/","article_modified_time":"2023-09-14T23:49:52+00:00","twitter_card":"summary_large_image","schema":{"@context":"https:\/\/schema.org","@graph":[{"@type":"WebPage","@id":"https:\/\/truesociety.com\/magic-of-the-season-ch-2022-terms-conditions\/","url":"https:\/\/truesociety.com\/magic-of-the-season-ch-2022-terms-conditions\/","name":"Magic of the Season | CH | 2022 | Terms &amp; Conditions | True Society Brautmodengesch\u00e4fte","isPartOf":{"@id":"https:\/\/truesociety.com\/de\/#website"},"datePublished":"2022-11-01T19:13:39+00:00","dateModified":"2023-09-14T23:49:52+00:00","description":"Das Gewinnspiel Magic of the Season (\"Gewinnspiel\") steht allen Personen mit rechtm\u00e4\u00dfigem Wohnsitz in der Schweiz offen, die zum Zeitpunkt der Teilnahme mindestens achtzehn (18) Jahre alt sind.","breadcrumb":{"@id":"https:\/\/truesociety.com\/magic-of-the-season-ch-2022-terms-conditions\/#breadcrumb"},"inLanguage":"de-DE","potentialAction":[{"@type":"ReadAction","target":["https:\/\/truesociety.com\/magic-of-the-season-ch-2022-terms-conditions\/"]}]},{"@type":"BreadcrumbList","@id":"https:\/\/truesociety.com\/magic-of-the-season-ch-2022-terms-conditions\/#breadcrumb","itemListElement":[{"@type":"ListItem","position":1,"name":"Home","item":"https:\/\/truesociety.com\/de\/"},{"@type":"ListItem","position":2,"name":"Magic of the Season | CH | 2022 | Terms &amp; Conditions"}]},{"@type":"WebSite","@id":"https:\/\/truesociety.com\/de\/#website","url":"https:\/\/truesociety.com\/de\/","name":"True Society Bridal Shops","description":"Your Wedding Dress Your Way","publisher":{"@id":"https:\/\/truesociety.com\/de\/#organization"},"potentialAction":[{"@type":"SearchAction","target":{"@type":"EntryPoint","urlTemplate":"https:\/\/truesociety.com\/de\/?s={search_term_string}"},"query-input":{"@type":"PropertyValueSpecification","valueRequired":true,"valueName":"search_term_string"}}],"inLanguage":"de-DE"},{"@type":"Organization","@id":"https:\/\/truesociety.com\/de\/#organization","name":"True Society Bridal","url":"https:\/\/truesociety.com\/de\/","logo":{"@type":"ImageObject","inLanguage":"de-DE","@id":"https:\/\/truesociety.com\/de\/#\/schema\/logo\/image\/","url":"https:\/\/cdn.truesociety.com\/uploads\/2021\/03\/ts-logo-desktop.svg","contentUrl":"https:\/\/cdn.truesociety.com\/uploads\/2021\/03\/ts-logo-desktop.svg","width":1,"height":1,"caption":"True Society Bridal"},"image":{"@id":"https:\/\/truesociety.com\/de\/#\/schema\/logo\/image\/"},"sameAs":["https:\/\/www.facebook.com\/truesociety\/","https:\/\/www.instagram.com\/truesociety\/","https:\/\/www.youtube.com\/@truesocietybridal","https:\/\/www.tiktok.com\/@truesociety"]}]}},"_links":{"self":[{"href":"https:\/\/truesociety.com\/de\/wp-json\/wp\/v2\/pages\/18035","targetHints":{"allow":["GET"]}}],"collection":[{"href":"https:\/\/truesociety.com\/de\/wp-json\/wp\/v2\/pages"}],"about":[{"href":"https:\/\/truesociety.com\/de\/wp-json\/wp\/v2\/types\/page"}],"author":[{"embeddable":true,"href":"https:\/\/truesociety.com\/de\/wp-json\/wp\/v2\/users\/32"}],"replies":[{"embeddable":true,"href":"https:\/\/truesociety.com\/de\/wp-json\/wp\/v2\/comments?post=18035"}],"version-history":[{"count":7,"href":"https:\/\/truesociety.com\/de\/wp-json\/wp\/v2\/pages\/18035\/revisions"}],"predecessor-version":[{"id":24245,"href":"https:\/\/truesociety.com\/de\/wp-json\/wp\/v2\/pages\/18035\/revisions\/24245"}],"wp:attachment":[{"href":"https:\/\/truesociety.com\/de\/wp-json\/wp\/v2\/media?parent=18035"}],"curies":[{"name":"wp","href":"https:\/\/api.w.org\/{rel}","templated":true}]}}